{"id":968,"date":"2019-07-18T09:46:18","date_gmt":"2019-07-18T09:46:18","guid":{"rendered":"http:\/\/digital-accessibility.eu\/?page_id=968"},"modified":"2021-02-25T18:02:05","modified_gmt":"2021-02-25T18:02:05","slug":"certified-digital-accessibility-training","status":"publish","type":"page","link":"https:\/\/digital-accessibility.eu\/sl\/","title":{"rendered":"Certificirano izobra\u017eevanje o digitalni dostopnosti"},"content":{"rendered":"<h1>Dobrodo\u0161li na strani projekta Erasmus+ Certificirano izobra\u017eevanje o digitalni dostopnosti<\/h1>\n\t<p>S projektom prispevamo k <strong>digitalni dostopnosti za vse<\/strong> z razvojem izobra\u017eevanj za strokovnjake, ki soustvarjajo splet.<\/p>\n\t<p><strong>Preveri svoje znanje<\/strong> o spletni dostopnosti:<\/p>\n\t<p><a href=\"\/digital-accessibility-quizzes\">Re\u0161i kviz<\/a><\/p>\n\t<h2>Projekt<\/h2>\n\t<h3>Cilji<\/h3>\n\t<p>Cilj projekta je razviti specializirano izobra\u017eevanje za digitalno dostopnost in dostopno platformo za spletno u\u010denje za izbolj\u0161anje znanja, spretnosti in kompetenc razli\u010dnih skupin klju\u010dnih dele\u017enikov. Izobra\u017eevanje sledi standardom spletne dostopnosti in omogo\u010da razvijalcem spletnih strani, oblikovalcem, mened\u017eerjem in drugim, da se odzovejo na potrebe slepih, gluhih, gibalno oviranih ter ljudi s kognitivnimi motnjami.<\/p>\n\t<h3>Motivacija<\/h3>\n\t<p>Projekt je neposredni rezultat trenutnih potreb na trgu, saj trenutni kurikulumi v partnerskih dr\u017eavah ne vklju\u010dujejo digitalne dostopnosti v programih poklicnega izobra\u017eevanja in usposabljanja. Zato se projekt osredoto\u010da na kompetence u\u010diteljev in mentorjev na podro\u010dju poklicnega izobra\u017eevanja, tako da jim nudi nova orodja za zagotavljanje u\u010dnih rezultatov v poklicnem izobra\u017eevanju, preverjanje spretnosti u\u010dencev in omogo\u010danje vidnosti le-teh.<\/p>\n\t<h3>Pri\u010dakovani rezultati<\/h3>\n\t<ul>\n<li><a href=\"https:\/\/digital-accessibility.eu\/about-the-project\/project-outputs\/\">Okvir ve\u0161\u010din digitalne dostopnosti in analiza delovnih vlog<\/a><\/li>\n<li><a href=\"https:\/\/digital-accessibility.eu\/about-the-project\/project-outputs\/\">Kurikulum in metodologija certificiranja<\/a><\/li>\n<li><a href=\"https:\/\/digital-accessibility.eu\/training-modules\/\">Inovativni u\u010dni moduli<\/a><\/li>\n<li><a href=\"http:\/\/digital-accessibility.eu\/learn\">Dostopna spletna u\u010dna platforma<\/a><\/li>\n<\/ul>\n<h2>Kaj je digitalna dostopnost?<\/h2>\n<p>Digitalna dostopnost je zmo\u017enost spletne strani, mobilne aplikacije ali elektronskega dokumenta, da jo lahko enostavno upravlja in razume \u0161irok krog uporabnikov, vklju\u010dno z uporabniki, ki imajo za\u010dasne ali trajne vidne, zvo\u010dne, motori\u010dne ali kognitivne te\u017eave.<\/p>\n<p><strong>Omogo\u010danje spletne dostopnosti koristi posameznikom, podjetjem in dru\u017ebi<\/strong>.<\/p>\n\t<blockquote><p>Mo\u010d spleta je v njeni univerzalnosti. Omogo\u010den dostop za vse, ne glede na posameznikove (ne)zmo\u017enosti, je bistvenega pomena.<\/p><\/blockquote>\n<p><cite>Tim Berners-Lee, izumitelj svetovnega spleta<\/cite><\/p>\n\t<h2>Pri\u010dni z u\u010denjem o digitalni dostopnosti in pomagaj ustvariti<br \/>\n<strong>SPLET ZA VSE<\/strong>.<\/h2>\n\t<h3>Na na\u0161i e-u\u010dni platformi lahko dostopa\u0161 do<br \/>\nbrezpla\u010dnih usposabljanj za<\/h3>\n\t\t\t\t<img loading=\"lazy\" src=\"https:\/\/digital-accessibility.eu\/wp-content\/uploads\/2019\/03\/003-analysis-1.png\" alt=\"manager icon\" itemprop=\"image\" height=\"100\" width=\"100\" title=\"003-analysis-1\" onerror=\"this.style.display='none'\"  \/>\n\t<p><a href=\"https:\/\/digital-accessibility.eu\/training-modules#DA_Manager\">Mened\u017eer digitalne dostopnosti<\/a><\/p>\n\t\t\t\t<img loading=\"lazy\" src=\"https:\/\/digital-accessibility.eu\/wp-content\/uploads\/2019\/03\/001-www-1.png\" alt=\"tester icon\" itemprop=\"image\" height=\"100\" width=\"100\" title=\"001-www-1\" onerror=\"this.style.display='none'\"  \/>\n\t<p><a href=\"https:\/\/digital-accessibility.eu\/training-modules#DA_Tester\">Evalvator digitalne dostopnosti<\/a><\/p>\n\t\t\t\t<img loading=\"lazy\" src=\"https:\/\/digital-accessibility.eu\/wp-content\/uploads\/2019\/03\/005-tools-and-utensils-1.png\" alt=\"developer icon\" itemprop=\"image\" height=\"100\" width=\"100\" title=\"005-tools-and-utensils-1\" onerror=\"this.style.display='none'\"  \/>\n\t<p><a href=\"https:\/\/digital-accessibility.eu\/training-modules#DA_Developer\">Spletni razvijalec z znanjem o digitalni dostopnosti<\/a><\/p>\n\t\t\t\t<img loading=\"lazy\" src=\"https:\/\/digital-accessibility.eu\/wp-content\/uploads\/2019\/03\/004-art-1.png\" alt=\"designer icon\" itemprop=\"image\" height=\"100\" width=\"100\" title=\"004-art-1\" onerror=\"this.style.display='none'\"  \/>\n\t<p><a href=\"https:\/\/digital-accessibility.eu\/training-modules#DA_Designer\">Spletni oblikovalec z znanjem o digitalni dostopnosti<\/a><\/p>\n\t<h2>Projekt Erasmus+<\/h2>\n<p>Ta spletna stran in e-u\u010dna platforma sta rezultat projekta Erasmus+, ki se je pri\u010del leta 2018. Projekt je zdru\u017eil <strong>strokovnjake in izobra\u017eevalne organizacije<\/strong> iz \u0161tevilnih evropskih dr\u017eav. S projektom prispevamo k bolj\u0161emu dostopu do usposabljanja in kvalifikacij za vse, s tem, da <strong>vsem omogo\u010dimo dostop do vseh gradiv, ki jih lahko brezpla\u010dno prenesejo<\/strong> iz spletnega portala. S spodbujanjem u\u010denja o dostopnih spletnih straneh in aplikacijah projekt vpliva na <strong>socialno vklju\u010devanje ljudi z oviranostmi<\/strong>. Poleg tega se <strong>krepi strokovni razvoj in\u0161truktorjev, u\u010diteljev<\/strong> in drugih, ki se zanimajo za to temo.<\/p>\n\t<h3>Projektni partnerji<\/h3>\n\t<p>In\u0161titut za napredno upravljanje komunikacij<\/p>\n\t\t\t\t<a href=\"http:\/\/www.inuk.si\/en\/\" target=\"_blank\" rel=\"noopener\" itemprop=\"url\">\n\t\t\t\t<img loading=\"lazy\" src=\"https:\/\/digital-accessibility.eu\/wp-content\/uploads\/2019\/03\/INUK_logo-2.png\" alt=\"INUK logo\" itemprop=\"image\" height=\"200\" width=\"304\" title=\"INUK_logo-2\" onerror=\"this.style.display='none'\"  \/>\n\t\t\t\t<\/a>\n\t<p>Fakulteta za elektrotehniko, ra\u010dunalni\u0161tvo in informatiko, UM<\/p>\n\t\t\t\t<a href=\"https:\/\/feri.um.si\/en\/\" target=\"_blank\" rel=\"noopener\" itemprop=\"url\">\n\t\t\t\t<img loading=\"lazy\" src=\"https:\/\/digital-accessibility.eu\/wp-content\/uploads\/2019\/03\/logo-um-feri_en.png\" alt=\"UM FERI logo\" itemprop=\"image\" height=\"129\" width=\"221\" title=\"logo-um-feri_en\" onerror=\"this.style.display='none'\"  \/>\n\t\t\t\t<\/a>\n\t<p>Centre for Sustainable Development &#8220;HORIZONS&#8221;<\/p>\n\t\t\t\t<a href=\"http:\/\/centrumhoryzonty.pl\/en\/\" target=\"_blank\" rel=\"noopener\" itemprop=\"url\">\n\t\t\t\t<img loading=\"lazy\" src=\"https:\/\/digital-accessibility.eu\/wp-content\/uploads\/2019\/03\/Horizonty-744x198.png\" alt=\"Horizonty logo\" itemprop=\"image\" height=\"198\" width=\"744\" title=\"Horizonty\" onerror=\"this.style.display='none'\"  \/>\n\t\t\t\t<\/a>\n\t<p>Siedlce University of Natural Sciences and Humanities<\/p>\n\t\t\t\t<a href=\"https:\/\/www.uph.edu.pl\/en\/\" target=\"_blank\" rel=\"noopener\" itemprop=\"url\">\n\t\t\t\t<img loading=\"lazy\" src=\"https:\/\/digital-accessibility.eu\/wp-content\/uploads\/2019\/03\/Siedlce_logo.png\" alt=\"Siedlce University logo\" itemprop=\"image\" height=\"130\" width=\"308\" title=\"Siedlce_logo\" onerror=\"this.style.display='none'\"  \/>\n\t\t\t\t<\/a>\n\t<p>Best Cybernetics<\/p>\n\t\t\t\t<a href=\"https:\/\/bestcybernetics.com\/en\/\" target=\"_blank\" rel=\"noopener\" itemprop=\"url\">\n\t\t\t\t<img loading=\"lazy\" src=\"https:\/\/digital-accessibility.eu\/wp-content\/uploads\/2019\/03\/best-cybernetics_logo.png\" alt=\"Best Cybernetics logo\" itemprop=\"image\" height=\"90\" width=\"529\" title=\"best-cybernetics_logo\" onerror=\"this.style.display='none'\"  \/>\n\t\t\t\t<\/a>\n\t<p>STP Consulting<\/p>\n\t\t\t\t<a href=\"http:\/\/stpeuropa.eu\/index2_en.html\" target=\"_blank\" rel=\"noopener\" itemprop=\"url\">\n\t\t\t\t<img loading=\"lazy\" src=\"https:\/\/digital-accessibility.eu\/wp-content\/uploads\/2019\/10\/stpeuropa.png\" alt=\"STP consulting logo\" itemprop=\"image\" height=\"180\" width=\"858\" title=\"stpeuropa\" onerror=\"this.style.display='none'\"  \/>\n\t\t\t\t<\/a>\n\t\t\t\t<img loading=\"lazy\" src=\"https:\/\/digital-accessibility.eu\/wp-content\/uploads\/2019\/10\/logosbeneficaireserasmusleft_en.jpg\" alt=\"Co funded by the Erasmus+ Programme of the European Union\" itemprop=\"image\" height=\"1039\" width=\"4726\" onerror=\"this.style.display='none'\"  \/>\n\t<h2>Po\u0161ljite nam sporo\u010dilo<\/h2>\n<h3>Vas kaj zanima? Z veseljem vam odgovorimo!<\/h3>\n\t<div role=\"form\" class=\"wpcf7\" id=\"wpcf7-f721-o1\" lang=\"en-US\" dir=\"ltr\">\n<div class=\"screen-reader-response\"><p role=\"status\" aria-live=\"polite\" aria-atomic=\"true\"><\/p> <ul><\/ul><\/div>\n<form action=\"\/sl\/wp-json\/wp\/v2\/pages\/968#wpcf7-f721-o1\" method=\"post\" class=\"wpcf7-form init wpcf7-acceptance-as-validation\" novalidate=\"novalidate\" data-status=\"init\" data-trp-original-action=\"\/sl\/wp-json\/wp\/v2\/pages\/968#wpcf7-f721-o1\">\n<div style=\"display: none;\">\n<input type=\"hidden\" name=\"_wpcf7\" value=\"721\" \/>\n<input type=\"hidden\" name=\"_wpcf7_version\" value=\"5.4.2\" \/>\n<input type=\"hidden\" name=\"_wpcf7_locale\" value=\"en_US\" \/>\n<input type=\"hidden\" name=\"_wpcf7_unit_tag\" value=\"wpcf7-f721-o1\" \/>\n<input type=\"hidden\" name=\"_wpcf7_container_post\" value=\"0\" \/>\n<input type=\"hidden\" name=\"_wpcf7_posted_data_hash\" value=\"\" \/>\n<input type=\"hidden\" name=\"_wpcf7_recaptcha_response\" value=\"\" \/>\n<\/div>\n<div class=\"one-half\">\n    <label for=\"your-name\"> Ime in priimek (zahtevano)<\/label><br \/>\n    <span class=\"wpcf7-form-control-wrap your-name\"><input type=\"text\" name=\"your-name\" value=\"\" size=\"40\" class=\"wpcf7-form-control wpcf7-text wpcf7-validates-as-required\" id=\"your-name\" aria-required=\"true\" aria-invalid=\"false\" \/><\/span>\n<\/div>\n<div class=\"one-half last\">\n    <label for=\"your-email\"> E-po\u0161ta (zahtevano)<\/label><br \/>\n    <span class=\"wpcf7-form-control-wrap your-email\"><input type=\"email\" name=\"your-email\" value=\"\" size=\"40\" class=\"wpcf7-form-control wpcf7-text wpcf7-email wpcf7-validates-as-required wpcf7-validates-as-email\" id=\"your-email\" aria-required=\"true\" aria-invalid=\"false\" \/><\/span>\n<\/div>\n<p><label for=\"your-message\"> Sporo\u010dilo <\/label><br \/>\n    <span class=\"wpcf7-form-control-wrap your-message\"><textarea name=\"your-message\" cols=\"40\" rows=\"3\" class=\"wpcf7-form-control wpcf7-textarea\" id=\"your-message\" aria-invalid=\"false\"><\/textarea><\/span><\/p>\n<p><span class=\"wpcf7-form-control-wrap opt-in\"><span class=\"wpcf7-form-control wpcf7-checkbox\"><span class=\"wpcf7-list-item first last\"><label><input type=\"checkbox\" name=\"opt-in[]\" value=\"Subscribe to project news.\" \/><span class=\"wpcf7-list-item-label\">Naro\u010di se na novice o projektu<\/span><\/label><\/span><\/span><\/span>\n<\/p>\n<p class=\"acceptance\"><span class=\"wpcf7-form-control-wrap acceptance-consent\"><span class=\"wpcf7-form-control wpcf7-acceptance\"><span class=\"wpcf7-list-item\"><label><input type=\"checkbox\" name=\"acceptance-consent\" value=\"1\" aria-invalid=\"false\" id=\"acceptance-consent\" \/><span class=\"wpcf7-list-item-label\">Strinjam se s <a href=\"\/privacy-policy\">pogoji<\/a>.<\/span><\/label><\/span><\/span><\/span>\n<\/p>\n<p>\n<input type=\"submit\" value=\"Po\u0161lji\" class=\"wpcf7-form-control wpcf7-submit\" \/><\/p>\n<div class=\"wpcf7-response-output\" aria-hidden=\"true\"><\/div><input type=\"hidden\" name=\"trp-form-language\" value=\"sl\"\/><\/form><\/div>","protected":false},"excerpt":{"rendered":"<div class=\"entry-summary\">\n<p>Pozdravljeni! <br \/><\/br>We offer certified digital accessibility training on our fully WCAG 2.1 compliant web page that enables all users to interact with us. Enjoy the benefits of web accessibility and test your knowledge about this topic:<br \/><\/br><\/p>\n<p><a href=\"#\" class=\"button\">Take the quiz<\/a><\/p>\n<\/div>\n<div class=\"link-more\"><a href=\"https:\/\/digital-accessibility.eu\/sl\/\" class=\"more-link\">Preberi dalje<span class=\"screen-reader-text\"> &ldquo;Certified Digital Accessibility Training&rdquo;<\/span>&hellip;<\/a><\/div>","protected":false},"author":2,"featured_media":0,"parent":0,"menu_order":0,"comment_status":"closed","ping_status":"closed","template":"templates\/no-intro.php","meta":[],"yoast_head":"<!-- This site is optimized with the Yoast SEO plugin v17.9 - https:\/\/yoast.com\/wordpress\/plugins\/seo\/ -->\n<title>Certified Digital Accessibility Training &bull; Certified Digital Accessibility Training<\/title>\n<meta name=\"robots\" content=\"index, follow, max-snippet:-1, max-image-preview:large, max-video-preview:-1\" \/>\n<link rel=\"canonical\" href=\"https:\/\/digital-accessibility.eu\/sl\/\" \/>\n<meta property=\"og:locale\" content=\"sl_SI\" \/>\n<meta property=\"og:type\" content=\"article\" \/>\n<meta property=\"og:title\" content=\"Certified Digital Accessibility Training &bull; Certified Digital Accessibility Training\" \/>\n<meta property=\"og:description\" content=\"Hello to ALL! We offer certified digital accessibility training on our fully WCAG 2.1 compliant web page that enables all users to interact with us. Enjoy the benefits of web accessibility and test your knowledge about this topic:Take the quiz Preberi dalje &ldquo;Certified Digital Accessibility Training&rdquo;&hellip;\" \/>\n<meta property=\"og:url\" content=\"https:\/\/digital-accessibility.eu\/sl\/\" \/>\n<meta property=\"og:site_name\" content=\"Certified Digital Accessibility Training\" \/>\n<meta property=\"article:publisher\" content=\"https:\/\/www.facebook.com\/digitalaccessibilityproject\/\" \/>\n<meta property=\"article:modified_time\" content=\"2021-02-25T18:02:05+00:00\" \/>\n<meta property=\"og:image\" content=\"https:\/\/digital-accessibility.eu\/wp-content\/uploads\/2019\/03\/003-analysis-1.png\" \/>\n<meta name=\"twitter:card\" content=\"summary_large_image\" \/>\n<meta name=\"twitter:site\" content=\"@DigitalAccessib\" \/>\n<meta name=\"twitter:label1\" content=\"Est. reading time\" \/>\n\t<meta name=\"twitter:data1\" content=\"4 minute\" \/>\n<script type=\"application\/ld+json\" class=\"yoast-schema-graph\">{\"@context\":\"https:\/\/schema.org\",\"@graph\":[{\"@type\":\"Organization\",\"@id\":\"https:\/\/digital-accessibility.eu\/#organization\",\"name\":\"Certified Digital Accessibility Training\",\"url\":\"https:\/\/digital-accessibility.eu\/\",\"sameAs\":[\"https:\/\/www.facebook.com\/digitalaccessibilityproject\/\",\"https:\/\/www.linkedin.com\/company\/e-digital-accessibility-project-certified-digital-accessibility-training\",\"https:\/\/twitter.com\/DigitalAccessib\"],\"logo\":{\"@type\":\"ImageObject\",\"@id\":\"https:\/\/digital-accessibility.eu\/#logo\",\"inLanguage\":\"sl-SI\",\"url\":\"https:\/\/digital-accessibility.eu\/wp-content\/uploads\/2019\/03\/Digital-Accessibility-medium.png\",\"contentUrl\":\"https:\/\/digital-accessibility.eu\/wp-content\/uploads\/2019\/03\/Digital-Accessibility-medium.png\",\"width\":400,\"height\":222,\"caption\":\"Certified Digital Accessibility Training\"},\"image\":{\"@id\":\"https:\/\/digital-accessibility.eu\/#logo\"}},{\"@type\":\"WebSite\",\"@id\":\"https:\/\/digital-accessibility.eu\/#website\",\"url\":\"https:\/\/digital-accessibility.eu\/\",\"name\":\"Certified Digital Accessibility Training\",\"description\":\"We offer certified digital accessibility training on our fully WCAG compliant web page that enables all users to interact with us.\",\"publisher\":{\"@id\":\"https:\/\/digital-accessibility.eu\/#organization\"},\"potentialAction\":[{\"@type\":\"SearchAction\",\"target\":{\"@type\":\"EntryPoint\",\"urlTemplate\":\"https:\/\/digital-accessibility.eu\/?s={search_term_string}\"},\"query-input\":\"required name=search_term_string\"}],\"inLanguage\":\"sl-SI\"},{\"@type\":\"ImageObject\",\"@id\":\"https:\/\/digital-accessibility.eu\/#primaryimage\",\"inLanguage\":\"sl-SI\",\"url\":\"https:\/\/digital-accessibility.eu\/wp-content\/uploads\/2019\/03\/003-analysis-1.png\",\"contentUrl\":\"https:\/\/digital-accessibility.eu\/wp-content\/uploads\/2019\/03\/003-analysis-1.png\",\"width\":100,\"height\":100,\"caption\":\"manager icon\"},{\"@type\":\"WebPage\",\"@id\":\"https:\/\/digital-accessibility.eu\/#webpage\",\"url\":\"https:\/\/digital-accessibility.eu\/\",\"name\":\"Certified Digital Accessibility Training &bull; Certified Digital Accessibility Training\",\"isPartOf\":{\"@id\":\"https:\/\/digital-accessibility.eu\/#website\"},\"primaryImageOfPage\":{\"@id\":\"https:\/\/digital-accessibility.eu\/#primaryimage\"},\"datePublished\":\"2019-07-18T09:46:18+00:00\",\"dateModified\":\"2021-02-25T18:02:05+00:00\",\"breadcrumb\":{\"@id\":\"https:\/\/digital-accessibility.eu\/#breadcrumb\"},\"inLanguage\":\"sl-SI\",\"potentialAction\":[{\"@type\":\"ReadAction\",\"target\":[\"https:\/\/digital-accessibility.eu\/\"]}]},{\"@type\":\"BreadcrumbList\",\"@id\":\"https:\/\/digital-accessibility.eu\/#breadcrumb\",\"itemListElement\":[{\"@type\":\"ListItem\",\"position\":1,\"name\":\"Home\",\"item\":\"https:\/\/digital-accessibility.eu\/\"},{\"@type\":\"ListItem\",\"position\":2,\"name\":\"Certified Digital Accessibility Training\"}]}]}<\/script>\n<!-- \/ Yoast SEO plugin. -->","yoast_head_json":{"title":"Certified Digital Accessibility Training &bull; Certified Digital Accessibility Training","robots":{"index":"index","follow":"follow","max-snippet":"max-snippet:-1","max-image-preview":"max-image-preview:large","max-video-preview":"max-video-preview:-1"},"canonical":"https:\/\/digital-accessibility.eu\/sl\/","og_locale":"sl_SI","og_type":"article","og_title":"Certified Digital Accessibility Training &bull; Certified Digital Accessibility Training","og_description":"Hello to ALL! We offer certified digital accessibility training on our fully WCAG 2.1 compliant web page that enables all users to interact with us. Enjoy the benefits of web accessibility and test your knowledge about this topic:Take the quiz Preberi dalje &ldquo;Certified Digital Accessibility Training&rdquo;&hellip;","og_url":"https:\/\/digital-accessibility.eu\/sl\/","og_site_name":"Certified Digital Accessibility Training","article_publisher":"https:\/\/www.facebook.com\/digitalaccessibilityproject\/","article_modified_time":"2021-02-25T18:02:05+00:00","og_image":[{"url":"https:\/\/digital-accessibility.eu\/wp-content\/uploads\/2019\/03\/003-analysis-1.png"}],"twitter_card":"summary_large_image","twitter_site":"@DigitalAccessib","twitter_misc":{"Est. reading time":"4 minute"},"schema":{"@context":"https:\/\/schema.org","@graph":[{"@type":"Organization","@id":"https:\/\/digital-accessibility.eu\/#organization","name":"Certified Digital Accessibility Training","url":"https:\/\/digital-accessibility.eu\/","sameAs":["https:\/\/www.facebook.com\/digitalaccessibilityproject\/","https:\/\/www.linkedin.com\/company\/e-digital-accessibility-project-certified-digital-accessibility-training","https:\/\/twitter.com\/DigitalAccessib"],"logo":{"@type":"ImageObject","@id":"https:\/\/digital-accessibility.eu\/#logo","inLanguage":"sl-SI","url":"https:\/\/digital-accessibility.eu\/wp-content\/uploads\/2019\/03\/Digital-Accessibility-medium.png","contentUrl":"https:\/\/digital-accessibility.eu\/wp-content\/uploads\/2019\/03\/Digital-Accessibility-medium.png","width":400,"height":222,"caption":"Certified Digital Accessibility Training"},"image":{"@id":"https:\/\/digital-accessibility.eu\/#logo"}},{"@type":"WebSite","@id":"https:\/\/digital-accessibility.eu\/#website","url":"https:\/\/digital-accessibility.eu\/","name":"Certified Digital Accessibility Training","description":"We offer certified digital accessibility training on our fully WCAG compliant web page that enables all users to interact with us.","publisher":{"@id":"https:\/\/digital-accessibility.eu\/#organization"},"potentialAction":[{"@type":"SearchAction","target":{"@type":"EntryPoint","urlTemplate":"https:\/\/digital-accessibility.eu\/?s={search_term_string}"},"query-input":"required name=search_term_string"}],"inLanguage":"sl-SI"},{"@type":"ImageObject","@id":"https:\/\/digital-accessibility.eu\/#primaryimage","inLanguage":"sl-SI","url":"https:\/\/digital-accessibility.eu\/wp-content\/uploads\/2019\/03\/003-analysis-1.png","contentUrl":"https:\/\/digital-accessibility.eu\/wp-content\/uploads\/2019\/03\/003-analysis-1.png","width":100,"height":100,"caption":"manager icon"},{"@type":"WebPage","@id":"https:\/\/digital-accessibility.eu\/#webpage","url":"https:\/\/digital-accessibility.eu\/","name":"Certified Digital Accessibility Training &bull; Certified Digital Accessibility Training","isPartOf":{"@id":"https:\/\/digital-accessibility.eu\/#website"},"primaryImageOfPage":{"@id":"https:\/\/digital-accessibility.eu\/#primaryimage"},"datePublished":"2019-07-18T09:46:18+00:00","dateModified":"2021-02-25T18:02:05+00:00","breadcrumb":{"@id":"https:\/\/digital-accessibility.eu\/#breadcrumb"},"inLanguage":"sl-SI","potentialAction":[{"@type":"ReadAction","target":["https:\/\/digital-accessibility.eu\/"]}]},{"@type":"BreadcrumbList","@id":"https:\/\/digital-accessibility.eu\/#breadcrumb","itemListElement":[{"@type":"ListItem","position":1,"name":"Home","item":"https:\/\/digital-accessibility.eu\/"},{"@type":"ListItem","position":2,"name":"Certified Digital Accessibility Training"}]}]}},"_links":{"self":[{"href":"https:\/\/digital-accessibility.eu\/sl\/wp-json\/wp\/v2\/pages\/968"}],"collection":[{"href":"https:\/\/digital-accessibility.eu\/sl\/wp-json\/wp\/v2\/pages"}],"about":[{"href":"https:\/\/digital-accessibility.eu\/sl\/wp-json\/wp\/v2\/types\/page"}],"author":[{"embeddable":true,"href":"https:\/\/digital-accessibility.eu\/sl\/wp-json\/wp\/v2\/users\/2"}],"replies":[{"embeddable":true,"href":"https:\/\/digital-accessibility.eu\/sl\/wp-json\/wp\/v2\/comments?post=968"}],"version-history":[{"count":55,"href":"https:\/\/digital-accessibility.eu\/sl\/wp-json\/wp\/v2\/pages\/968\/revisions"}],"predecessor-version":[{"id":9722,"href":"https:\/\/digital-accessibility.eu\/sl\/wp-json\/wp\/v2\/pages\/968\/revisions\/9722"}],"wp:attachment":[{"href":"https:\/\/digital-accessibility.eu\/sl\/wp-json\/wp\/v2\/media?parent=968"}],"curies":[{"name":"wp","href":"https:\/\/api.w.org\/{rel}","templated":true}]}}