{"id":666,"date":"2019-07-09T12:59:15","date_gmt":"2019-07-09T12:59:15","guid":{"rendered":"http:\/\/eda.informatika.uni-mb.si\/?page_id=666"},"modified":"2021-02-21T10:21:35","modified_gmt":"2021-02-21T10:21:35","slug":"digital-accessibility-quizzes","status":"publish","type":"page","link":"https:\/\/digital-accessibility.eu\/sl\/digital-accessibility-quizzes\/","title":{"rendered":"Digital Accessibility quizzes"},"content":{"rendered":"<h1><strong>Kvizi o digitalni dostopnosti<\/strong><\/h1>\n<p>&nbsp;<\/p>\n<p>Spo\u0161tovani vsi, ki se zanimate za digitalno dostopnost,<\/p>\n<p>spodaj najdete kvize za samoocenjevanje va\u0161ih spretnosti iz digitalne dostopnosti. Namen kvizov je, da izveste kak\u0161no je va\u0161e trenutno znanje o tej temi.<\/p>\n\t\t\t\t<a href=\"http:\/\/digital-accessibility.eu\/wp_quiz\/digital-accessibility-introduction\/\" target=\"_self\" itemprop=\"url\" rel=\"noopener\">\n\t\t\t\t<img src=\"http:\/\/digital-accessibility.eu\/wp-content\/uploads\/2019\/03\/002-conversation-1.png\" alt=\"introduction icon\" itemprop=\"image\" onerror=\"this.style.display='none'\"  \/>\n\t\t\t\t<\/a>\n\t<h4><a href=\"\/general-quiz-about-digital-accessibility\/\"><strong>Splo\u0161ni kviz<\/strong><\/a> o digitalni dostopnosti<\/h4>\n\t\t\t\t<a href=\"http:\/\/digital-accessibility.eu\/wp_quiz\/creating-accessible-web-content\/\" target=\"_self\" itemprop=\"url\" rel=\"noopener\">\n\t\t\t\t<img src=\"http:\/\/digital-accessibility.eu\/wp-content\/uploads\/2019\/03\/003-analysis-1.png\" alt=\"manager icon\" itemprop=\"image\" title=\"003-analysis-1\" onerror=\"this.style.display='none'\"  \/>\n\t\t\t\t<\/a>\n\t<h4>Kviz o ustvarjanju <a href=\"\/digital-accessibility-quizzes\/quiz-about-creating-accessible-web-content\/\"><strong>dostopnih spletnih vsebin<\/strong><\/a><\/h4>\n\t\t\t\t<a href=\"http:\/\/digital-accessibility.eu\/wp_quiz\/developing-programming-for-digital-accessibility\/\" target=\"_self\" itemprop=\"url\" rel=\"noopener\">\n\t\t\t\t<img src=\"http:\/\/digital-accessibility.eu\/wp-content\/uploads\/2019\/03\/005-tools-and-utensils-1.png\" alt=\"developer icon\" itemprop=\"image\" title=\"005-tools-and-utensils-1\" onerror=\"this.style.display='none'\"  \/>\n\t\t\t\t<\/a>\n\t<h4>Kviz o <a href=\"\/digital-accessibility-quizzes\/quiz-about-developing-for-digital-accessibility\/\"><strong>razvijanju<\/strong> <\/a>za digitalno dostopnost<\/h4>\n\t\t\t\t<a href=\"http:\/\/digital-accessibility.eu\/wp_quiz\/designing-for-digital-accessibility\/\" target=\"_self\" itemprop=\"url\" rel=\"noopener\">\n\t\t\t\t<img src=\"http:\/\/digital-accessibility.eu\/wp-content\/uploads\/2019\/03\/004-art-1.png\" alt=\"designer icon\" itemprop=\"image\" title=\"004-art-1\" onerror=\"this.style.display='none'\"  \/>\n\t\t\t\t<\/a>\n\t<h4>Kviz o <a href=\"\/digital-accessibility-quizzes\/quiz-about-designing-for-digital-accessibility\/\"><strong>oblikovanju<\/strong> <\/a>za digitalno dostopnost<\/h4>\n\t\t\t\t<a href=\"http:\/\/digital-accessibility.eu\/wp_quiz\/implementation-of-digital-accessibility\/\" target=\"_self\" itemprop=\"url\" rel=\"noopener\">\n\t\t\t\t<img src=\"http:\/\/digital-accessibility.eu\/wp-content\/uploads\/2019\/03\/007-gear-1.png\" alt=\"implementation icon\" itemprop=\"image\" onerror=\"this.style.display='none'\"  \/>\n\t\t\t\t<\/a>\n\t<h4>Kviz o <a href=\"\/digital-accessibility-quizzes\/quiz-about-implementation-of-digital-accessibility\/\"><strong>implementaciji<\/strong><\/a> digitalne dostopnosti<\/h4>\n\t\t\t\t<a href=\"http:\/\/digital-accessibility.eu\/wp_quiz\/evaluation-of-digital-accessibility\/\" target=\"_self\" itemprop=\"url\" rel=\"noopener\">\n\t\t\t\t<img src=\"http:\/\/digital-accessibility.eu\/wp-content\/uploads\/2019\/03\/001-www-1.png\" alt=\"tester icon\" itemprop=\"image\" title=\"001-www-1\" onerror=\"this.style.display='none'\"  \/>\n\t\t\t\t<\/a>\n\t<h4>Kviz o <a href=\"\/digital-accessibility-quizzes\/quiz-about-evaluation-of-digital-accessibility\/\"><strong>evalvaciji<\/strong><\/a> digitalne dostopnosti<\/h4>\n\t<p><strong>Pomnite, da:<\/strong><\/p>\n<p>ne glede na rezultate kviza, lahko kadarkoli obi\u0161\u010dete na\u0161o <a href=\"http:\/\/digital-accessibility.eu\/learn\">e-u\u010dno platformo<\/a> in <strong>izbolj\u0161ate svoje znanje.<\/strong><\/p>","protected":false},"excerpt":{"rendered":"<div class=\"entry-summary\">\nDigital Accessibility\u00a0quizzes &nbsp; Dear concerned in Digital Accessibility, Below are the Self-Assessment quizzes for Digital Accessibility skills. The intention of the tests is to inform you about your current knowledge on the topic. General quiz about digital accessibility Quiz about&hellip;\n<\/div>\n<div class=\"link-more\"><a href=\"https:\/\/digital-accessibility.eu\/sl\/digital-accessibility-quizzes\/\" class=\"more-link\">Preberi dalje<span class=\"screen-reader-text\"> &ldquo;Digital Accessibility quizzes&rdquo;<\/span>&hellip;<\/a><\/div>","protected":false},"author":2,"featured_media":0,"parent":0,"menu_order":0,"comment_status":"closed","ping_status":"closed","template":"templates\/no-intro.php","meta":[],"yoast_head":"<!-- This site is optimized with the Yoast SEO plugin v17.9 - https:\/\/yoast.com\/wordpress\/plugins\/seo\/ -->\n<title>Digital Accessibility quizzes &bull; Certified Digital Accessibility Training<\/title>\n<meta name=\"robots\" content=\"index, follow, max-snippet:-1, max-image-preview:large, max-video-preview:-1\" \/>\n<link rel=\"canonical\" href=\"https:\/\/digital-accessibility.eu\/sl\/digital-accessibility-quizzes\/\" \/>\n<meta property=\"og:locale\" content=\"sl_SI\" \/>\n<meta property=\"og:type\" content=\"article\" \/>\n<meta property=\"og:title\" content=\"Digital Accessibility quizzes &bull; Certified Digital Accessibility Training\" \/>\n<meta property=\"og:description\" content=\"Digital Accessibility\u00a0quizzes &nbsp; Dear concerned in Digital Accessibility, Below are the Self-Assessment quizzes for Digital Accessibility skills. The intention of the tests is to inform you about your current knowledge on the topic. General quiz about digital accessibility Quiz about&hellip; Preberi dalje &ldquo;Digital Accessibility quizzes&rdquo;&hellip;\" \/>\n<meta property=\"og:url\" content=\"https:\/\/digital-accessibility.eu\/sl\/digital-accessibility-quizzes\/\" \/>\n<meta property=\"og:site_name\" content=\"Certified Digital Accessibility Training\" \/>\n<meta property=\"article:publisher\" content=\"https:\/\/www.facebook.com\/digitalaccessibilityproject\/\" \/>\n<meta property=\"article:modified_time\" content=\"2021-02-21T10:21:35+00:00\" \/>\n<meta property=\"og:image\" content=\"http:\/\/digital-accessibility.eu\/wp-content\/uploads\/2019\/03\/002-conversation-1.png\" \/>\n<meta name=\"twitter:card\" content=\"summary_large_image\" \/>\n<meta name=\"twitter:site\" content=\"@DigitalAccessib\" \/>\n<meta name=\"twitter:label1\" content=\"Est. reading time\" \/>\n\t<meta name=\"twitter:data1\" content=\"2 minuti\" \/>\n<script type=\"application\/ld+json\" class=\"yoast-schema-graph\">{\"@context\":\"https:\/\/schema.org\",\"@graph\":[{\"@type\":\"Organization\",\"@id\":\"https:\/\/digital-accessibility.eu\/#organization\",\"name\":\"Certified Digital Accessibility Training\",\"url\":\"https:\/\/digital-accessibility.eu\/\",\"sameAs\":[\"https:\/\/www.facebook.com\/digitalaccessibilityproject\/\",\"https:\/\/www.linkedin.com\/company\/e-digital-accessibility-project-certified-digital-accessibility-training\",\"https:\/\/twitter.com\/DigitalAccessib\"],\"logo\":{\"@type\":\"ImageObject\",\"@id\":\"https:\/\/digital-accessibility.eu\/#logo\",\"inLanguage\":\"sl-SI\",\"url\":\"https:\/\/digital-accessibility.eu\/wp-content\/uploads\/2019\/03\/Digital-Accessibility-medium.png\",\"contentUrl\":\"https:\/\/digital-accessibility.eu\/wp-content\/uploads\/2019\/03\/Digital-Accessibility-medium.png\",\"width\":400,\"height\":222,\"caption\":\"Certified Digital Accessibility Training\"},\"image\":{\"@id\":\"https:\/\/digital-accessibility.eu\/#logo\"}},{\"@type\":\"WebSite\",\"@id\":\"https:\/\/digital-accessibility.eu\/#website\",\"url\":\"https:\/\/digital-accessibility.eu\/\",\"name\":\"Certified Digital Accessibility Training\",\"description\":\"We offer certified digital accessibility training on our fully WCAG compliant web page that enables all users to interact with us.\",\"publisher\":{\"@id\":\"https:\/\/digital-accessibility.eu\/#organization\"},\"potentialAction\":[{\"@type\":\"SearchAction\",\"target\":{\"@type\":\"EntryPoint\",\"urlTemplate\":\"https:\/\/digital-accessibility.eu\/?s={search_term_string}\"},\"query-input\":\"required name=search_term_string\"}],\"inLanguage\":\"sl-SI\"},{\"@type\":\"ImageObject\",\"@id\":\"https:\/\/digital-accessibility.eu\/digital-accessibility-quizzes\/#primaryimage\",\"inLanguage\":\"sl-SI\",\"url\":\"http:\/\/digital-accessibility.eu\/wp-content\/uploads\/2019\/03\/002-conversation-1.png\",\"contentUrl\":\"http:\/\/digital-accessibility.eu\/wp-content\/uploads\/2019\/03\/002-conversation-1.png\"},{\"@type\":\"WebPage\",\"@id\":\"https:\/\/digital-accessibility.eu\/digital-accessibility-quizzes\/#webpage\",\"url\":\"https:\/\/digital-accessibility.eu\/digital-accessibility-quizzes\/\",\"name\":\"Digital Accessibility quizzes &bull; Certified Digital Accessibility Training\",\"isPartOf\":{\"@id\":\"https:\/\/digital-accessibility.eu\/#website\"},\"primaryImageOfPage\":{\"@id\":\"https:\/\/digital-accessibility.eu\/digital-accessibility-quizzes\/#primaryimage\"},\"datePublished\":\"2019-07-09T12:59:15+00:00\",\"dateModified\":\"2021-02-21T10:21:35+00:00\",\"breadcrumb\":{\"@id\":\"https:\/\/digital-accessibility.eu\/digital-accessibility-quizzes\/#breadcrumb\"},\"inLanguage\":\"sl-SI\",\"potentialAction\":[{\"@type\":\"ReadAction\",\"target\":[\"https:\/\/digital-accessibility.eu\/digital-accessibility-quizzes\/\"]}]},{\"@type\":\"BreadcrumbList\",\"@id\":\"https:\/\/digital-accessibility.eu\/digital-accessibility-quizzes\/#breadcrumb\",\"itemListElement\":[{\"@type\":\"ListItem\",\"position\":1,\"name\":\"Home\",\"item\":\"https:\/\/digital-accessibility.eu\/\"},{\"@type\":\"ListItem\",\"position\":2,\"name\":\"Digital Accessibility quizzes\"}]}]}<\/script>\n<!-- \/ Yoast SEO plugin. -->","yoast_head_json":{"title":"Digital Accessibility quizzes &bull; Certified Digital Accessibility Training","robots":{"index":"index","follow":"follow","max-snippet":"max-snippet:-1","max-image-preview":"max-image-preview:large","max-video-preview":"max-video-preview:-1"},"canonical":"https:\/\/digital-accessibility.eu\/sl\/digital-accessibility-quizzes\/","og_locale":"sl_SI","og_type":"article","og_title":"Digital Accessibility quizzes &bull; Certified Digital Accessibility Training","og_description":"Digital Accessibility\u00a0quizzes &nbsp; Dear concerned in Digital Accessibility, Below are the Self-Assessment quizzes for Digital Accessibility skills. The intention of the tests is to inform you about your current knowledge on the topic. General quiz about digital accessibility Quiz about&hellip; Preberi dalje &ldquo;Digital Accessibility quizzes&rdquo;&hellip;","og_url":"https:\/\/digital-accessibility.eu\/sl\/digital-accessibility-quizzes\/","og_site_name":"Certified Digital Accessibility Training","article_publisher":"https:\/\/www.facebook.com\/digitalaccessibilityproject\/","article_modified_time":"2021-02-21T10:21:35+00:00","og_image":[{"url":"http:\/\/digital-accessibility.eu\/wp-content\/uploads\/2019\/03\/002-conversation-1.png"}],"twitter_card":"summary_large_image","twitter_site":"@DigitalAccessib","twitter_misc":{"Est. reading time":"2 minuti"},"schema":{"@context":"https:\/\/schema.org","@graph":[{"@type":"Organization","@id":"https:\/\/digital-accessibility.eu\/#organization","name":"Certified Digital Accessibility Training","url":"https:\/\/digital-accessibility.eu\/","sameAs":["https:\/\/www.facebook.com\/digitalaccessibilityproject\/","https:\/\/www.linkedin.com\/company\/e-digital-accessibility-project-certified-digital-accessibility-training","https:\/\/twitter.com\/DigitalAccessib"],"logo":{"@type":"ImageObject","@id":"https:\/\/digital-accessibility.eu\/#logo","inLanguage":"sl-SI","url":"https:\/\/digital-accessibility.eu\/wp-content\/uploads\/2019\/03\/Digital-Accessibility-medium.png","contentUrl":"https:\/\/digital-accessibility.eu\/wp-content\/uploads\/2019\/03\/Digital-Accessibility-medium.png","width":400,"height":222,"caption":"Certified Digital Accessibility Training"},"image":{"@id":"https:\/\/digital-accessibility.eu\/#logo"}},{"@type":"WebSite","@id":"https:\/\/digital-accessibility.eu\/#website","url":"https:\/\/digital-accessibility.eu\/","name":"Certified Digital Accessibility Training","description":"We offer certified digital accessibility training on our fully WCAG compliant web page that enables all users to interact with us.","publisher":{"@id":"https:\/\/digital-accessibility.eu\/#organization"},"potentialAction":[{"@type":"SearchAction","target":{"@type":"EntryPoint","urlTemplate":"https:\/\/digital-accessibility.eu\/?s={search_term_string}"},"query-input":"required name=search_term_string"}],"inLanguage":"sl-SI"},{"@type":"ImageObject","@id":"https:\/\/digital-accessibility.eu\/digital-accessibility-quizzes\/#primaryimage","inLanguage":"sl-SI","url":"http:\/\/digital-accessibility.eu\/wp-content\/uploads\/2019\/03\/002-conversation-1.png","contentUrl":"http:\/\/digital-accessibility.eu\/wp-content\/uploads\/2019\/03\/002-conversation-1.png"},{"@type":"WebPage","@id":"https:\/\/digital-accessibility.eu\/digital-accessibility-quizzes\/#webpage","url":"https:\/\/digital-accessibility.eu\/digital-accessibility-quizzes\/","name":"Digital Accessibility quizzes &bull; Certified Digital Accessibility Training","isPartOf":{"@id":"https:\/\/digital-accessibility.eu\/#website"},"primaryImageOfPage":{"@id":"https:\/\/digital-accessibility.eu\/digital-accessibility-quizzes\/#primaryimage"},"datePublished":"2019-07-09T12:59:15+00:00","dateModified":"2021-02-21T10:21:35+00:00","breadcrumb":{"@id":"https:\/\/digital-accessibility.eu\/digital-accessibility-quizzes\/#breadcrumb"},"inLanguage":"sl-SI","potentialAction":[{"@type":"ReadAction","target":["https:\/\/digital-accessibility.eu\/digital-accessibility-quizzes\/"]}]},{"@type":"BreadcrumbList","@id":"https:\/\/digital-accessibility.eu\/digital-accessibility-quizzes\/#breadcrumb","itemListElement":[{"@type":"ListItem","position":1,"name":"Home","item":"https:\/\/digital-accessibility.eu\/"},{"@type":"ListItem","position":2,"name":"Digital Accessibility quizzes"}]}]}},"_links":{"self":[{"href":"https:\/\/digital-accessibility.eu\/sl\/wp-json\/wp\/v2\/pages\/666"}],"collection":[{"href":"https:\/\/digital-accessibility.eu\/sl\/wp-json\/wp\/v2\/pages"}],"about":[{"href":"https:\/\/digital-accessibility.eu\/sl\/wp-json\/wp\/v2\/types\/page"}],"author":[{"embeddable":true,"href":"https:\/\/digital-accessibility.eu\/sl\/wp-json\/wp\/v2\/users\/2"}],"replies":[{"embeddable":true,"href":"https:\/\/digital-accessibility.eu\/sl\/wp-json\/wp\/v2\/comments?post=666"}],"version-history":[{"count":76,"href":"https:\/\/digital-accessibility.eu\/sl\/wp-json\/wp\/v2\/pages\/666\/revisions"}],"predecessor-version":[{"id":9674,"href":"https:\/\/digital-accessibility.eu\/sl\/wp-json\/wp\/v2\/pages\/666\/revisions\/9674"}],"wp:attachment":[{"href":"https:\/\/digital-accessibility.eu\/sl\/wp-json\/wp\/v2\/media?parent=666"}],"curies":[{"name":"wp","href":"https:\/\/api.w.org\/{rel}","templated":true}]}}