{"id":1341,"date":"2019-11-05T18:32:28","date_gmt":"2019-11-05T18:32:28","guid":{"rendered":"http:\/\/digital-accessibility.eu\/?page_id=1341"},"modified":"2021-04-07T07:00:59","modified_gmt":"2021-04-07T07:00:59","slug":"project-outputs","status":"publish","type":"page","link":"https:\/\/digital-accessibility.eu\/sl\/about-the-project\/project-outputs\/","title":{"rendered":"Rezultati projekta"},"content":{"rendered":"<h2>Rezultati projekta<\/h2>\n<h3>\n\t\tIntellectual Output 1 &#8211; Digital accessibility skills framework &amp; job roles analysis\n\t<\/h3>\n\t\t\t <p><a href=\"https:\/\/digital-accessibility.eu\/wp-content\/uploads\/DA_IO1_A1-Namizna-raziskava.pdf\">DA_IO1_A1 Poro\u010dilo Namizne raziskave: Analiza ve\u0161\u010din, delovnih vlog in dobrih praks s podro\u010dja digitalne dostopnosti<\/a><\/p>\t\t\n\t\t\t <p><a href=\"https:\/\/digital-accessibility.eu\/wp-content\/uploads\/DA_IO1_A2_Raziskava-o-digitalni-dostopnosti-za-delez\u030cnike.pdf\">DA_IO1_A2 Poro\u010dilo Raziskave o digitalni dostopnosti za dele\u017enike<\/a><\/p>\t\t\n\t\t\t <p><a href=\"https:\/\/digital-accessibility.eu\/wp-content\/uploads\/DA_IO1_A3-Poroc\u030cilo-o-ves\u030cc\u030cinah-za-nove-delovne-vloge.pdf\">DA_IO1_A3 Poro\u010dilo o ve\u0161\u010dinah za nove delovne vloge<\/a><\/p>\t\t\n\t\t\t <p><a href=\"https:\/\/digital-accessibility.eu\/wp-content\/uploads\/DA_IO1_A4_Spletni-samoocenjevalni-vpras\u030calnik-1.pdf\">DA_IO1_A4 Spletni samoocenjevalni vpra\u0161alnik<\/a><\/p>\t\t\n\t<h3>\n\t\tIntellectual Output 2 &#8211; Training curriculum &amp; certification methodology\n\t<\/h3>\n\t\t\t <p><a href=\"https:\/\/digital-accessibility.eu\/io2_a1_developing-training-curriculum\/\">DA_IO2_A1 Razvijanje izobra\u017eevalnih kurikulumov (v angle\u0161\u010dini)<\/a><\/p>\t\t\n\t\t\t <p><a href=\"https:\/\/digital-accessibility.eu\/wp-content\/uploads\/DA_IO2_A2_Certification-methodology.pdf\">DA_IO2_A2 Metodologija certificiranja (v angle\u0161\u010dini)<\/a><\/p>\t\t\n\t\t\t <p><a href=\"https:\/\/digital-accessibility.eu\/io2_a3_policy-recommendation\/\">DA_IO2_A3 Priporo\u010dila za ponudnike PIU in oblikovalce politik PIU (v angle\u0161\u010dini)<\/a><\/p>\t\t\n\t<h3>\n\t\tIntellectual Output 3 &#8211; Development of innovative training modules\n\t<\/h3>\n\t\t\t <p><a href=\"https:\/\/digital-accessibility.eu\/io3_lessonplans\/\">DA_IO3 U\u010dni na\u010drti (v angle\u0161\u010dini)<\/a><\/p>\t\t\n\t\t\t <p><a href=\"https:\/\/digital-accessibility.eu\/io3_a4_guidelines-for-teachers-for-conducting-online-only-courses\/\">DA_IO3_A4 Smernice za u\u010ditelje za izvajanje spletnih izobra\u017eevanj (v angle\u0161\u010dini)<\/a><\/p>\t\t\n\t<h4>\n\t\tModule 1. Introduction to digital accessibility\n\t<\/h4>\n\t\t\t <p><a href=\"https:\/\/digital-accessibility.eu\/wp-content\/uploads\/2020\/11\/DA_IO3_1.1_Overview-and-importance-of-Digital-Accessibility.pdf\">DA_IO3_1.1_Overview and importance of Digital Accessibility<\/a><\/p>\t\t\n\t\t\t <p><a href=\"https:\/\/digital-accessibility.eu\/wp-content\/uploads\/2020\/11\/DA_IO3_1.2_Diversity-of-disabilities-and-related-needs.pdf\">DA_IO3_1.2_Diversity of disabilities and related needs<\/a><\/p>\t\t\n\t\t\t <p><a href=\"https:\/\/digital-accessibility.eu\/wp-content\/uploads\/2020\/11\/DA_IO3_1.3_Common-barriers-for-PWDs.pdf\">DA_IO3_1.3_Common barriers for PWDs<\/a><\/p>\t\t\n\t\t\t <p><a href=\"https:\/\/digital-accessibility.eu\/wp-content\/uploads\/2020\/11\/DA_IO3_1.4_Benefits-for-all-people.pdf\">DA_IO3_1.4_Benefits for all people<\/a><\/p>\t\t\n\t\t\t <p><a href=\"https:\/\/digital-accessibility.eu\/wp-content\/uploads\/2020\/11\/DA_IO3_1.5_Relevant-standards.pdf\">DA_IO3_1.5_Relevant standards<\/a><\/p>\t\t\n\t<h4>\n\t\tModule 2. Managing digital accessibility\n\t<\/h4>\n\t\t\t <p><a href=\"https:\/\/digital-accessibility.eu\/wp-content\/uploads\/2020\/11\/DA_IO3_2.1-Introduction-to-Managing-Digital-Accessibility.pdf\">DA_IO3_2.1 Introduction to Managing Digital Accessibility<\/a><\/p>\t\t\n\t\t\t <p><a href=\"https:\/\/digital-accessibility.eu\/wp-content\/uploads\/2020\/11\/DA_IO3_2.2-Accessible-Layout-and-structure.pdf\">DA_IO3_2.2 Accessible Layout and structure<\/a><\/p>\t\t\n\t\t\t <p><a href=\"https:\/\/digital-accessibility.eu\/wp-content\/uploads\/2020\/11\/DA_IO3_2.3-Readable-and-understandable-web-Content.pdf\">DA_IO3_2.3 Readable and understandable web Content<\/a><\/p>\t\t\n\t\t\t <p><a href=\"https:\/\/digital-accessibility.eu\/wp-content\/uploads\/2020\/11\/DA_IO3_2.4-Accessible-multimedia-and-tables.pdf\">DA_IO3_2.4 Accessible multimedia and tables<\/a><\/p>\t\t\n\t\t\t <p><a href=\"https:\/\/digital-accessibility.eu\/wp-content\/uploads\/2020\/11\/DA_IO3_2.5-Accessible-documents.pdf\">DA_IO3_2.5 Accessible documents<\/a><\/p>\t\t\n\t\t\t <p><a href=\"https:\/\/digital-accessibility.eu\/wp-content\/uploads\/2020\/11\/DA_IO3_2.6-Organizational-policy.pdf\">DA_IO3_2.6 Organizational policy<\/a><\/p>\t\t\n\t<h4>\n\t\tModule 5. Implementation of digital accessibility\n\t<\/h4>\n\t\t\t <p><a href=\"https:\/\/digital-accessibility.eu\/wp-content\/uploads\/2020\/11\/DA_IO3_5.1-Digital-Accessibility-Implementation-Plan.pdf\">DA_IO3_5.1 Digital Accessibility Implementation Plan<\/a><\/p>\t\t\n\t\t\t <p><a href=\"https:\/\/digital-accessibility.eu\/wp-content\/uploads\/2020\/11\/DA_IO3_5.2-Preliminary-Check-for-Web-Accessibility-Barriers.pdf\">DA_IO3_5.2 Preliminary Check for Web Accessibility Barriers<\/a><\/p>\t\t\n\t\t\t <p><a href=\"https:\/\/digital-accessibility.eu\/wp-content\/uploads\/2020\/11\/DA_IO3_5.3-Implementing-the-EU-Directive.pdf\">DA_IO3_5.3 Implementing the EU Directive<\/a><\/p>\t\t\n\t<h3>\n\t\tIntellectual Output 4 &#8211; Accessible learning platform\n\t<\/h3>\n\t\t\t <p><a href=\"https:\/\/digital-accessibility.eu\/io4-a1-tech-spec-_-protocol-for-design_development\/\">DA_IO4_A1-Tech. Spec. Protocol for Design Development<\/a><\/p>\t\t\n\t\t\t <p><a href=\"https:\/\/digital-accessibility.eu\/io4-a2-content-specification-design-for-accessible-learning-platform\/\">DA_IO4_A2-Content Specification Design for Accessible Learning Platform<\/a><\/p>","protected":false},"excerpt":{"rendered":"<div class=\"entry-summary\">\nProject results Intellectual Output 1 &#8211; Digital accessibility skills framework &amp; job roles analysis DA_IO1_A1 Desktop research: The analysis of digital accessibility skills, training, job roles, best practices DA_IO1_A2 Digital Accessibility Survey for stakeholders DA_IO1_A3 Skills for the new job&hellip;\n<\/div>\n<div class=\"link-more\"><a href=\"https:\/\/digital-accessibility.eu\/sl\/about-the-project\/project-outputs\/\" class=\"more-link\">Preberi dalje<span class=\"screen-reader-text\"> &ldquo;Project results&rdquo;<\/span>&hellip;<\/a><\/div>","protected":false},"author":2,"featured_media":0,"parent":1321,"menu_order":2,"comment_status":"closed","ping_status":"closed","template":"templates\/no-intro.php","meta":[],"yoast_head":"<!-- This site is optimized with the Yoast SEO plugin v17.9 - https:\/\/yoast.com\/wordpress\/plugins\/seo\/ -->\n<title>Project results &bull; Certified Digital Accessibility Training<\/title>\n<meta name=\"robots\" content=\"index, follow, max-snippet:-1, max-image-preview:large, max-video-preview:-1\" \/>\n<link rel=\"canonical\" href=\"https:\/\/digital-accessibility.eu\/sl\/about-the-project\/project-outputs\/\" \/>\n<meta property=\"og:locale\" content=\"sl_SI\" \/>\n<meta property=\"og:type\" content=\"article\" \/>\n<meta property=\"og:title\" content=\"Project results &bull; Certified Digital Accessibility Training\" \/>\n<meta property=\"og:description\" content=\"Project results Intellectual Output 1 &#8211; Digital accessibility skills framework &amp; job roles analysis DA_IO1_A1 Desktop research: The analysis of digital accessibility skills, training, job roles, best practices DA_IO1_A2 Digital Accessibility Survey for stakeholders DA_IO1_A3 Skills for the new job&hellip; Preberi dalje &ldquo;Project results&rdquo;&hellip;\" \/>\n<meta property=\"og:url\" content=\"https:\/\/digital-accessibility.eu\/sl\/about-the-project\/project-outputs\/\" \/>\n<meta property=\"og:site_name\" content=\"Certified Digital Accessibility Training\" \/>\n<meta property=\"article:publisher\" content=\"https:\/\/www.facebook.com\/digitalaccessibilityproject\/\" \/>\n<meta property=\"article:modified_time\" content=\"2021-04-07T07:00:59+00:00\" \/>\n<meta name=\"twitter:card\" content=\"summary_large_image\" \/>\n<meta name=\"twitter:site\" content=\"@DigitalAccessib\" \/>\n<meta name=\"twitter:label1\" content=\"Est. reading time\" \/>\n\t<meta name=\"twitter:data1\" content=\"1 minuta\" \/>\n<script type=\"application\/ld+json\" class=\"yoast-schema-graph\">{\"@context\":\"https:\/\/schema.org\",\"@graph\":[{\"@type\":\"Organization\",\"@id\":\"https:\/\/digital-accessibility.eu\/#organization\",\"name\":\"Certified Digital Accessibility Training\",\"url\":\"https:\/\/digital-accessibility.eu\/\",\"sameAs\":[\"https:\/\/www.facebook.com\/digitalaccessibilityproject\/\",\"https:\/\/www.linkedin.com\/company\/e-digital-accessibility-project-certified-digital-accessibility-training\",\"https:\/\/twitter.com\/DigitalAccessib\"],\"logo\":{\"@type\":\"ImageObject\",\"@id\":\"https:\/\/digital-accessibility.eu\/#logo\",\"inLanguage\":\"sl-SI\",\"url\":\"https:\/\/digital-accessibility.eu\/wp-content\/uploads\/2019\/03\/Digital-Accessibility-medium.png\",\"contentUrl\":\"https:\/\/digital-accessibility.eu\/wp-content\/uploads\/2019\/03\/Digital-Accessibility-medium.png\",\"width\":400,\"height\":222,\"caption\":\"Certified Digital Accessibility Training\"},\"image\":{\"@id\":\"https:\/\/digital-accessibility.eu\/#logo\"}},{\"@type\":\"WebSite\",\"@id\":\"https:\/\/digital-accessibility.eu\/#website\",\"url\":\"https:\/\/digital-accessibility.eu\/\",\"name\":\"Certified Digital Accessibility Training\",\"description\":\"We offer certified digital accessibility training on our fully WCAG compliant web page that enables all users to interact with us.\",\"publisher\":{\"@id\":\"https:\/\/digital-accessibility.eu\/#organization\"},\"potentialAction\":[{\"@type\":\"SearchAction\",\"target\":{\"@type\":\"EntryPoint\",\"urlTemplate\":\"https:\/\/digital-accessibility.eu\/?s={search_term_string}\"},\"query-input\":\"required name=search_term_string\"}],\"inLanguage\":\"sl-SI\"},{\"@type\":\"WebPage\",\"@id\":\"https:\/\/digital-accessibility.eu\/sl\/about-the-project\/project-outputs\/#webpage\",\"url\":\"https:\/\/digital-accessibility.eu\/sl\/about-the-project\/project-outputs\/\",\"name\":\"Project results &bull; Certified Digital Accessibility Training\",\"isPartOf\":{\"@id\":\"https:\/\/digital-accessibility.eu\/#website\"},\"datePublished\":\"2019-11-05T18:32:28+00:00\",\"dateModified\":\"2021-04-07T07:00:59+00:00\",\"breadcrumb\":{\"@id\":\"https:\/\/digital-accessibility.eu\/sl\/about-the-project\/project-outputs\/#breadcrumb\"},\"inLanguage\":\"sl-SI\",\"potentialAction\":[{\"@type\":\"ReadAction\",\"target\":[\"https:\/\/digital-accessibility.eu\/sl\/about-the-project\/project-outputs\/\"]}]},{\"@type\":\"BreadcrumbList\",\"@id\":\"https:\/\/digital-accessibility.eu\/sl\/about-the-project\/project-outputs\/#breadcrumb\",\"itemListElement\":[{\"@type\":\"ListItem\",\"position\":1,\"name\":\"Home\",\"item\":\"https:\/\/digital-accessibility.eu\/\"},{\"@type\":\"ListItem\",\"position\":2,\"name\":\"About the project\",\"item\":\"https:\/\/digital-accessibility.eu\/sl\/about-the-project\/\"},{\"@type\":\"ListItem\",\"position\":3,\"name\":\"Project results\"}]}]}<\/script>\n<!-- \/ Yoast SEO plugin. -->","yoast_head_json":{"title":"Project results &bull; Certified Digital Accessibility Training","robots":{"index":"index","follow":"follow","max-snippet":"max-snippet:-1","max-image-preview":"max-image-preview:large","max-video-preview":"max-video-preview:-1"},"canonical":"https:\/\/digital-accessibility.eu\/sl\/about-the-project\/project-outputs\/","og_locale":"sl_SI","og_type":"article","og_title":"Project results &bull; Certified Digital Accessibility Training","og_description":"Project results Intellectual Output 1 &#8211; Digital accessibility skills framework &amp; job roles analysis DA_IO1_A1 Desktop research: The analysis of digital accessibility skills, training, job roles, best practices DA_IO1_A2 Digital Accessibility Survey for stakeholders DA_IO1_A3 Skills for the new job&hellip; Preberi dalje &ldquo;Project results&rdquo;&hellip;","og_url":"https:\/\/digital-accessibility.eu\/sl\/about-the-project\/project-outputs\/","og_site_name":"Certified Digital Accessibility Training","article_publisher":"https:\/\/www.facebook.com\/digitalaccessibilityproject\/","article_modified_time":"2021-04-07T07:00:59+00:00","twitter_card":"summary_large_image","twitter_site":"@DigitalAccessib","twitter_misc":{"Est. reading time":"1 minuta"},"schema":{"@context":"https:\/\/schema.org","@graph":[{"@type":"Organization","@id":"https:\/\/digital-accessibility.eu\/#organization","name":"Certified Digital Accessibility Training","url":"https:\/\/digital-accessibility.eu\/","sameAs":["https:\/\/www.facebook.com\/digitalaccessibilityproject\/","https:\/\/www.linkedin.com\/company\/e-digital-accessibility-project-certified-digital-accessibility-training","https:\/\/twitter.com\/DigitalAccessib"],"logo":{"@type":"ImageObject","@id":"https:\/\/digital-accessibility.eu\/#logo","inLanguage":"sl-SI","url":"https:\/\/digital-accessibility.eu\/wp-content\/uploads\/2019\/03\/Digital-Accessibility-medium.png","contentUrl":"https:\/\/digital-accessibility.eu\/wp-content\/uploads\/2019\/03\/Digital-Accessibility-medium.png","width":400,"height":222,"caption":"Certified Digital Accessibility Training"},"image":{"@id":"https:\/\/digital-accessibility.eu\/#logo"}},{"@type":"WebSite","@id":"https:\/\/digital-accessibility.eu\/#website","url":"https:\/\/digital-accessibility.eu\/","name":"Certified Digital Accessibility Training","description":"We offer certified digital accessibility training on our fully WCAG compliant web page that enables all users to interact with us.","publisher":{"@id":"https:\/\/digital-accessibility.eu\/#organization"},"potentialAction":[{"@type":"SearchAction","target":{"@type":"EntryPoint","urlTemplate":"https:\/\/digital-accessibility.eu\/?s={search_term_string}"},"query-input":"required name=search_term_string"}],"inLanguage":"sl-SI"},{"@type":"WebPage","@id":"https:\/\/digital-accessibility.eu\/sl\/about-the-project\/project-outputs\/#webpage","url":"https:\/\/digital-accessibility.eu\/sl\/about-the-project\/project-outputs\/","name":"Project results &bull; Certified Digital Accessibility Training","isPartOf":{"@id":"https:\/\/digital-accessibility.eu\/#website"},"datePublished":"2019-11-05T18:32:28+00:00","dateModified":"2021-04-07T07:00:59+00:00","breadcrumb":{"@id":"https:\/\/digital-accessibility.eu\/sl\/about-the-project\/project-outputs\/#breadcrumb"},"inLanguage":"sl-SI","potentialAction":[{"@type":"ReadAction","target":["https:\/\/digital-accessibility.eu\/sl\/about-the-project\/project-outputs\/"]}]},{"@type":"BreadcrumbList","@id":"https:\/\/digital-accessibility.eu\/sl\/about-the-project\/project-outputs\/#breadcrumb","itemListElement":[{"@type":"ListItem","position":1,"name":"Home","item":"https:\/\/digital-accessibility.eu\/"},{"@type":"ListItem","position":2,"name":"About the project","item":"https:\/\/digital-accessibility.eu\/sl\/about-the-project\/"},{"@type":"ListItem","position":3,"name":"Project results"}]}]}},"_links":{"self":[{"href":"https:\/\/digital-accessibility.eu\/sl\/wp-json\/wp\/v2\/pages\/1341"}],"collection":[{"href":"https:\/\/digital-accessibility.eu\/sl\/wp-json\/wp\/v2\/pages"}],"about":[{"href":"https:\/\/digital-accessibility.eu\/sl\/wp-json\/wp\/v2\/types\/page"}],"author":[{"embeddable":true,"href":"https:\/\/digital-accessibility.eu\/sl\/wp-json\/wp\/v2\/users\/2"}],"replies":[{"embeddable":true,"href":"https:\/\/digital-accessibility.eu\/sl\/wp-json\/wp\/v2\/comments?post=1341"}],"version-history":[{"count":48,"href":"https:\/\/digital-accessibility.eu\/sl\/wp-json\/wp\/v2\/pages\/1341\/revisions"}],"predecessor-version":[{"id":9836,"href":"https:\/\/digital-accessibility.eu\/sl\/wp-json\/wp\/v2\/pages\/1341\/revisions\/9836"}],"up":[{"embeddable":true,"href":"https:\/\/digital-accessibility.eu\/sl\/wp-json\/wp\/v2\/pages\/1321"}],"wp:attachment":[{"href":"https:\/\/digital-accessibility.eu\/sl\/wp-json\/wp\/v2\/media?parent=1341"}],"curies":[{"name":"wp","href":"https:\/\/api.w.org\/{rel}","templated":true}]}}