{"id":1324,"date":"2019-11-05T18:47:53","date_gmt":"2019-11-05T18:47:53","guid":{"rendered":"http:\/\/digital-accessibility.eu\/?page_id=1324"},"modified":"2020-08-27T09:22:25","modified_gmt":"2020-08-27T09:22:25","slug":"project-partners","status":"publish","type":"page","link":"https:\/\/digital-accessibility.eu\/sl\/about-the-project\/project-partners\/","title":{"rendered":"Projektni partnerji"},"content":{"rendered":"<h2>Projektni partnerji<\/h2>\n<h3>\n\t\t<a href=\"http:\/\/www.inuk.si\/\" title=\"INUK In\u0161titut za napredno upravljanje komunikacij\" target=\"_blank\" rel=\"noopener noreferrer\">\n\t\tINUK In\u0161titut za napredno upravljanje komunikacij\n\t\t<\/a>\n\t<\/h3>\n\t<p>INUK In\u0161titut je neprofitna raziskovalna in izobra\u017eevalna organizacija, ki je usmerjena v razvijanje in promocijo sodobnih komunikacijskih modelov in strategij, ki podpirajo ekonomijo skupnih vrednot, krepijo skupnosti in omogo\u010dajo njihovo vklju\u010devanje. In\u0161titut nudi razli\u010dna izobra\u017eevanja in svetovanje razli\u010dnim organizacijam in posameznikom o rabi dru\u017ebenih omre\u017eij in novih tehnologij za poslovno komuniciranje, izobra\u017eevanje in vklju\u010devanje skupnosti. <\/p>\n\t\t\t\t<img loading=\"lazy\" src=\"http:\/\/digital-accessibility.eu\/wp-content\/uploads\/2019\/11\/inuk.png\" alt=\"INUK logo\" itemprop=\"image\" height=\"315\" width=\"423\" title=\"inuk\" onerror=\"this.style.display='none'\"  \/>\n\t\t\t\t<img loading=\"lazy\" src=\"http:\/\/digital-accessibility.eu\/wp-content\/uploads\/2019\/11\/cybernetics.png\" alt=\"BestCybernetics logo\" itemprop=\"image\" height=\"650\" width=\"650\" title=\"cybernetics\" onerror=\"this.style.display='none'\"  \/>\n<h3>\n\t\t<a href=\"https:\/\/bestcybernetics.com\" title=\"Best Cybernetics\" target=\"_blank\" rel=\"noopener noreferrer\">\n\t\tBest Cybernetics\n\t\t<\/a>\n\t<\/h3>\n\t<p>Best Cybernetics je bilo leta 2009 ustanovljeno kot zasebno podjetje za softver, svetovanje in izobra\u017eevanje. Podjetje razvija programe za uporabo informacijskih tehnologij v izobra\u017eevalnem in poslovnem sektorju. Specializirani so za oblikovanje in razvijanje spletnih strani ter mobilnih aplikacij. Podjetje sestavljajo ljudje, ki imajo strokovno znanje iz oblikovanja in razvijanja integriranih sistemov, vklju\u010dno s frontend in backend okolji. Imajo tudi strokovno znanje iz oblikovanja didakti\u010dne programske opreme  s pomo\u010djo prilagajanja spletnih platform, prirejanja spletnih te\u010dajev, oblikovanja in razvijanja spletnih vsebin za izobra\u017eevanje, ustvarjanja multimedijskih vsebin in promocije virtualnih skupnosti.<\/p>\n<h3>\n\t\t<a href=\"www.inuk.si\" title=\"HORIZONS\" target=\"_blank\" rel=\"noopener noreferrer\">\n\t\tHORIZONS\n\t\t<\/a>\n\t<\/h3>\n\t<p>The Centre for Sustainable Development \u201eHORIZONS\u201d (Centrum Zr\u00f3wnowa\u017conego Rozwoju \u201cHORYZONTY\u201d) is a Polish non-governmental organization, registered in the National Court Register and operating since 2012. The mission of HORIZONS is to work for the ideas of sustainable development, which expresses itself in various and diverse forms of activities. The Centre initiates, implements and supports educational and research projects that are aiming towards improving the condition of the natural environment and development of civic society. Organization members participate in local, national and international initiatives that aim to improve the quality of life of people while maintaining the natural environment and rational usage of natural resources. Organization&#8217;s goals include: acting for and advocating of entrepreneurship, corporate social responsibility, informal education, various forms of lifelong learning, sport, culture, and arts, as well as health protection, acting for the public good in the field of environment protection and acting for development of democracy and civic society.<\/p>\n\t\t\t\t<a href=\"http:\/\/centrumhoryzonty.pl\" target=\"_blank\" rel=\"noopener noreferrer\" itemprop=\"url\">\n\t\t\t\t<img loading=\"lazy\" src=\"http:\/\/digital-accessibility.eu\/wp-content\/uploads\/2019\/12\/Horyzonty_.png\" alt=\"Horyzonty_\" itemprop=\"image\" height=\"315\" width=\"602\" title=\"Horyzonty_\" onerror=\"this.style.display='none'\"  \/>\n\t\t\t\t<\/a>\n\t\t\t\t<a href=\"http:\/\/www.stpeuropa.eu\/\" target=\"_blank\" rel=\"noopener noreferrer\" itemprop=\"url\">\n\t\t\t\t<img loading=\"lazy\" src=\"http:\/\/digital-accessibility.eu\/wp-content\/uploads\/2019\/10\/stpeuropa.png\" alt=\"STP consulting logo\" itemprop=\"image\" height=\"180\" width=\"858\" title=\"stpeuropa\" onerror=\"this.style.display='none'\"  \/>\n\t\t\t\t<\/a>\n<h3>\n\t\t<a href=\"http:\/\/www.stpeuropa.eu\/\" title=\"STP CONSULTING\" target=\"_blank\" rel=\"noopener noreferrer\">\n\t\tSTP CONSULTING\n\t\t<\/a>\n\t<\/h3>\n\t<p>STP CONSULTING\nIzobra\u017eevalni center STP Consulting-a se nahaja v Zaragozi (\u0160panija), in ponuja izobra\u017eevalne te\u010daje in tehni\u010dno podporo zasebnim podjetjem, javni upravi, \u0161olam, nevladnim organizacijam in inovacijske inkubatorje za izobra\u017eevalni sektor, in profesionalne re\u0161itve za neprofitne sektorje. S svojimi storitvami prispevajo k delovni kvalifikaciji razli\u010dnih poklicov z dostopom do inovacij in podatkov o ljudeh in skupnostih s socialnim tveganjem ter pomankljivostmi. Njihova glavna naloga je izbolj\u0161ati izobra\u017eevalne, socialne in kulturne standarde s pomo\u010djo intenzivnega sodelovanja z  ostalimi regijami EU. Zato je STP predvsem aktiven pri razvoju in implementaciji izobra\u017eevalnih in poklicnih usposabljanj ter pri implementaciji in promociji projektov EU, ki se ukvarjajo z izobrazbo, kulturo in dru\u017ebo.<\/p>\n<h3>\n\t\t<a href=\"https:\/\/feri.um.si\/en\/\" title=\"Univerza v Mariboru, Fakulteta za elektrotehniko, ra\u010dunalni\u0161tvo in informatiko (UM FERI)\" target=\"_blank\" rel=\"noopener noreferrer\">\n\t\tUniverza v Mariboru, Fakulteta za elektrotehniko, ra\u010dunalni\u0161tvo in informatiko (UM FERI)\n\t\t<\/a>\n\t<\/h3>\n\t<p>UM FERI je ena izmed vodilnih izobra\u017eevalnih in raziskovalnih ustanov na podro\u010dju elektrotehnike in ra\u010dunalni\u0161tva v ju\u017eno-vzhodni Evropi.<\/p>\n<p>UM FERI omogo\u010da \u0161tudentom pridobivanje znanja na osnovi mednarodno priznanega znanstveno raziskovalnega dela, ter jih s tem vklju\u010di v prihodnja delovna okolja v Sloveniji ter v tujini.<\/p>\n<p>Raziskovalne aktivnosti izvajajo v 8 in\u0161titutih in 26 laboratorijih. V teh ustanovah raziskujejo na podro\u010djih elektrotehnike, ra\u010dunalni\u0161tva, informatike, komunikacij, medijev, telekomunikacij, in mehatronike.<\/p>\n<p>UM FERI je trenutno vklju\u010den v ve\u010d kot trideset projektov, ki so financirani s strani EU, NATO in ameri\u0161ke mornarice, dvajset nacionalnih raziskovalnih projektov in 50 projektov, ki so financirani s strani na\u0161ih svetovnih industrijskih partnerjev.<\/p>\n<p>Eden od osmih FERI in\u0161titutov, je In\u0161titut za informatiko, kjer je raziskovalno delo osredoto\u010deno na holisti\u010dni razvoj informacijskih sistemov in storitev. Aspekti razvoja informacijskih sistemov obravnavajo razvoj in definicijo novih, bolj efektivnih tehnik, implementacije, upravljanje podatkovne baze, verifikacija in nostrifikacija informacijskih sistemov. Poudarek je prav tako na interakciji \u010dlovek-ra\u010dunalnik.<\/p>\n\t\t\t\t<img loading=\"lazy\" src=\"http:\/\/digital-accessibility.eu\/wp-content\/uploads\/2019\/11\/FERI_G2.jpg\" alt=\"FERI building\" itemprop=\"image\" height=\"577\" width=\"540\" title=\"FERI_G2\" onerror=\"this.style.display='none'\"  \/>\n\t\t\t\t<img loading=\"lazy\" src=\"http:\/\/digital-accessibility.eu\/wp-content\/uploads\/2019\/11\/siedlce.png\" alt=\"Siedlce University\" itemprop=\"image\" height=\"598\" width=\"793\" title=\"siedlce\" onerror=\"this.style.display='none'\"  \/>\n<h3>\n\t\t<a href=\"https:\/\/www.uph.edu.pl\/en\/\" title=\"Univerza za naravoslovne in humanisti\u010dne vede Siedlce\" target=\"_blank\" rel=\"noopener noreferrer\">\n\t\tUniverza za naravoslovne in humanisti\u010dne vede Siedlce\n\t\t<\/a>\n\t<\/h3>\n\t<p>Univerza za naravoslovne in humanisti\u010dne vede Siedlce je javna univerza, nadzorovana s strani ministrstva za znanost in vi\u0161jo izobrazbo. \nUniverza Siedlce je bila leta 1989 prva izobra\u017eevalna ustanova na Poljskem, ki je sprejemala tudi \u0161tudente z oviranostmi. Od oktobra 2019 je univerza sestavljena iz 5 fakultet: Fakulteta za humanisti\u010dne vede, Fakulteta za dru\u017ebene vede, Fakulteta za naravoslovne vede, Fakulteta za agronomijo in bioin\u017eenirstvo, ter Fakulteta za zdravstvene vede.<\/p>","protected":false},"excerpt":{"rendered":"<div class=\"entry-summary\">\nProject partners INUK Institute for Advanced Communication Management (INUK institute) INUK institute is a non-profit research and training organization, focused on developing and promoting modern communication models and strategies, that support shared value economy, empower communities and inclusion of all.&hellip;\n<\/div>\n<div class=\"link-more\"><a href=\"https:\/\/digital-accessibility.eu\/sl\/about-the-project\/project-partners\/\" class=\"more-link\">Preberi dalje<span class=\"screen-reader-text\"> &ldquo;Project partners&rdquo;<\/span>&hellip;<\/a><\/div>","protected":false},"author":2,"featured_media":0,"parent":1321,"menu_order":0,"comment_status":"closed","ping_status":"closed","template":"templates\/no-intro.php","meta":[],"yoast_head":"<!-- This site is optimized with the Yoast SEO plugin v17.9 - https:\/\/yoast.com\/wordpress\/plugins\/seo\/ -->\n<title>Project partners &bull; Certified Digital Accessibility Training<\/title>\n<meta name=\"robots\" content=\"index, follow, max-snippet:-1, max-image-preview:large, max-video-preview:-1\" \/>\n<link rel=\"canonical\" href=\"https:\/\/digital-accessibility.eu\/sl\/about-the-project\/project-partners\/\" \/>\n<meta property=\"og:locale\" content=\"sl_SI\" \/>\n<meta property=\"og:type\" content=\"article\" \/>\n<meta property=\"og:title\" content=\"Project partners &bull; Certified Digital Accessibility Training\" \/>\n<meta property=\"og:description\" content=\"Project partners INUK Institute for Advanced Communication Management (INUK institute) INUK institute is a non-profit research and training organization, focused on developing and promoting modern communication models and strategies, that support shared value economy, empower communities and inclusion of all.&hellip; Preberi dalje &ldquo;Project partners&rdquo;&hellip;\" \/>\n<meta property=\"og:url\" content=\"https:\/\/digital-accessibility.eu\/sl\/about-the-project\/project-partners\/\" \/>\n<meta property=\"og:site_name\" content=\"Certified Digital Accessibility Training\" \/>\n<meta property=\"article:publisher\" content=\"https:\/\/www.facebook.com\/digitalaccessibilityproject\/\" \/>\n<meta property=\"article:modified_time\" content=\"2020-08-27T09:22:25+00:00\" \/>\n<meta property=\"og:image\" content=\"http:\/\/digital-accessibility.eu\/wp-content\/uploads\/2019\/11\/inuk.png\" \/>\n<meta name=\"twitter:card\" content=\"summary_large_image\" \/>\n<meta name=\"twitter:site\" content=\"@DigitalAccessib\" \/>\n<meta name=\"twitter:label1\" content=\"Est. reading time\" \/>\n\t<meta name=\"twitter:data1\" content=\"4 minute\" \/>\n<script type=\"application\/ld+json\" class=\"yoast-schema-graph\">{\"@context\":\"https:\/\/schema.org\",\"@graph\":[{\"@type\":\"Organization\",\"@id\":\"https:\/\/digital-accessibility.eu\/#organization\",\"name\":\"Certified Digital Accessibility Training\",\"url\":\"https:\/\/digital-accessibility.eu\/\",\"sameAs\":[\"https:\/\/www.facebook.com\/digitalaccessibilityproject\/\",\"https:\/\/www.linkedin.com\/company\/e-digital-accessibility-project-certified-digital-accessibility-training\",\"https:\/\/twitter.com\/DigitalAccessib\"],\"logo\":{\"@type\":\"ImageObject\",\"@id\":\"https:\/\/digital-accessibility.eu\/#logo\",\"inLanguage\":\"sl-SI\",\"url\":\"https:\/\/digital-accessibility.eu\/wp-content\/uploads\/2019\/03\/Digital-Accessibility-medium.png\",\"contentUrl\":\"https:\/\/digital-accessibility.eu\/wp-content\/uploads\/2019\/03\/Digital-Accessibility-medium.png\",\"width\":400,\"height\":222,\"caption\":\"Certified Digital Accessibility Training\"},\"image\":{\"@id\":\"https:\/\/digital-accessibility.eu\/#logo\"}},{\"@type\":\"WebSite\",\"@id\":\"https:\/\/digital-accessibility.eu\/#website\",\"url\":\"https:\/\/digital-accessibility.eu\/\",\"name\":\"Certified Digital Accessibility Training\",\"description\":\"We offer certified digital accessibility training on our fully WCAG compliant web page that enables all users to interact with us.\",\"publisher\":{\"@id\":\"https:\/\/digital-accessibility.eu\/#organization\"},\"potentialAction\":[{\"@type\":\"SearchAction\",\"target\":{\"@type\":\"EntryPoint\",\"urlTemplate\":\"https:\/\/digital-accessibility.eu\/?s={search_term_string}\"},\"query-input\":\"required name=search_term_string\"}],\"inLanguage\":\"sl-SI\"},{\"@type\":\"ImageObject\",\"@id\":\"https:\/\/digital-accessibility.eu\/sl\/about-the-project\/project-partners\/#primaryimage\",\"inLanguage\":\"sl-SI\",\"url\":\"http:\/\/digital-accessibility.eu\/wp-content\/uploads\/2019\/11\/inuk.png\",\"contentUrl\":\"http:\/\/digital-accessibility.eu\/wp-content\/uploads\/2019\/11\/inuk.png\"},{\"@type\":\"WebPage\",\"@id\":\"https:\/\/digital-accessibility.eu\/sl\/about-the-project\/project-partners\/#webpage\",\"url\":\"https:\/\/digital-accessibility.eu\/sl\/about-the-project\/project-partners\/\",\"name\":\"Project partners &bull; Certified Digital Accessibility Training\",\"isPartOf\":{\"@id\":\"https:\/\/digital-accessibility.eu\/#website\"},\"primaryImageOfPage\":{\"@id\":\"https:\/\/digital-accessibility.eu\/sl\/about-the-project\/project-partners\/#primaryimage\"},\"datePublished\":\"2019-11-05T18:47:53+00:00\",\"dateModified\":\"2020-08-27T09:22:25+00:00\",\"breadcrumb\":{\"@id\":\"https:\/\/digital-accessibility.eu\/sl\/about-the-project\/project-partners\/#breadcrumb\"},\"inLanguage\":\"sl-SI\",\"potentialAction\":[{\"@type\":\"ReadAction\",\"target\":[\"https:\/\/digital-accessibility.eu\/sl\/about-the-project\/project-partners\/\"]}]},{\"@type\":\"BreadcrumbList\",\"@id\":\"https:\/\/digital-accessibility.eu\/sl\/about-the-project\/project-partners\/#breadcrumb\",\"itemListElement\":[{\"@type\":\"ListItem\",\"position\":1,\"name\":\"Home\",\"item\":\"https:\/\/digital-accessibility.eu\/\"},{\"@type\":\"ListItem\",\"position\":2,\"name\":\"About the project\",\"item\":\"https:\/\/digital-accessibility.eu\/sl\/about-the-project\/\"},{\"@type\":\"ListItem\",\"position\":3,\"name\":\"Project partners\"}]}]}<\/script>\n<!-- \/ Yoast SEO plugin. -->","yoast_head_json":{"title":"Project partners &bull; Certified Digital Accessibility Training","robots":{"index":"index","follow":"follow","max-snippet":"max-snippet:-1","max-image-preview":"max-image-preview:large","max-video-preview":"max-video-preview:-1"},"canonical":"https:\/\/digital-accessibility.eu\/sl\/about-the-project\/project-partners\/","og_locale":"sl_SI","og_type":"article","og_title":"Project partners &bull; Certified Digital Accessibility Training","og_description":"Project partners INUK Institute for Advanced Communication Management (INUK institute) INUK institute is a non-profit research and training organization, focused on developing and promoting modern communication models and strategies, that support shared value economy, empower communities and inclusion of all.&hellip; Preberi dalje &ldquo;Project partners&rdquo;&hellip;","og_url":"https:\/\/digital-accessibility.eu\/sl\/about-the-project\/project-partners\/","og_site_name":"Certified Digital Accessibility Training","article_publisher":"https:\/\/www.facebook.com\/digitalaccessibilityproject\/","article_modified_time":"2020-08-27T09:22:25+00:00","og_image":[{"url":"http:\/\/digital-accessibility.eu\/wp-content\/uploads\/2019\/11\/inuk.png"}],"twitter_card":"summary_large_image","twitter_site":"@DigitalAccessib","twitter_misc":{"Est. reading time":"4 minute"},"schema":{"@context":"https:\/\/schema.org","@graph":[{"@type":"Organization","@id":"https:\/\/digital-accessibility.eu\/#organization","name":"Certified Digital Accessibility Training","url":"https:\/\/digital-accessibility.eu\/","sameAs":["https:\/\/www.facebook.com\/digitalaccessibilityproject\/","https:\/\/www.linkedin.com\/company\/e-digital-accessibility-project-certified-digital-accessibility-training","https:\/\/twitter.com\/DigitalAccessib"],"logo":{"@type":"ImageObject","@id":"https:\/\/digital-accessibility.eu\/#logo","inLanguage":"sl-SI","url":"https:\/\/digital-accessibility.eu\/wp-content\/uploads\/2019\/03\/Digital-Accessibility-medium.png","contentUrl":"https:\/\/digital-accessibility.eu\/wp-content\/uploads\/2019\/03\/Digital-Accessibility-medium.png","width":400,"height":222,"caption":"Certified Digital Accessibility Training"},"image":{"@id":"https:\/\/digital-accessibility.eu\/#logo"}},{"@type":"WebSite","@id":"https:\/\/digital-accessibility.eu\/#website","url":"https:\/\/digital-accessibility.eu\/","name":"Certified Digital Accessibility Training","description":"We offer certified digital accessibility training on our fully WCAG compliant web page that enables all users to interact with us.","publisher":{"@id":"https:\/\/digital-accessibility.eu\/#organization"},"potentialAction":[{"@type":"SearchAction","target":{"@type":"EntryPoint","urlTemplate":"https:\/\/digital-accessibility.eu\/?s={search_term_string}"},"query-input":"required name=search_term_string"}],"inLanguage":"sl-SI"},{"@type":"ImageObject","@id":"https:\/\/digital-accessibility.eu\/sl\/about-the-project\/project-partners\/#primaryimage","inLanguage":"sl-SI","url":"http:\/\/digital-accessibility.eu\/wp-content\/uploads\/2019\/11\/inuk.png","contentUrl":"http:\/\/digital-accessibility.eu\/wp-content\/uploads\/2019\/11\/inuk.png"},{"@type":"WebPage","@id":"https:\/\/digital-accessibility.eu\/sl\/about-the-project\/project-partners\/#webpage","url":"https:\/\/digital-accessibility.eu\/sl\/about-the-project\/project-partners\/","name":"Project partners &bull; Certified Digital Accessibility Training","isPartOf":{"@id":"https:\/\/digital-accessibility.eu\/#website"},"primaryImageOfPage":{"@id":"https:\/\/digital-accessibility.eu\/sl\/about-the-project\/project-partners\/#primaryimage"},"datePublished":"2019-11-05T18:47:53+00:00","dateModified":"2020-08-27T09:22:25+00:00","breadcrumb":{"@id":"https:\/\/digital-accessibility.eu\/sl\/about-the-project\/project-partners\/#breadcrumb"},"inLanguage":"sl-SI","potentialAction":[{"@type":"ReadAction","target":["https:\/\/digital-accessibility.eu\/sl\/about-the-project\/project-partners\/"]}]},{"@type":"BreadcrumbList","@id":"https:\/\/digital-accessibility.eu\/sl\/about-the-project\/project-partners\/#breadcrumb","itemListElement":[{"@type":"ListItem","position":1,"name":"Home","item":"https:\/\/digital-accessibility.eu\/"},{"@type":"ListItem","position":2,"name":"About the project","item":"https:\/\/digital-accessibility.eu\/sl\/about-the-project\/"},{"@type":"ListItem","position":3,"name":"Project partners"}]}]}},"_links":{"self":[{"href":"https:\/\/digital-accessibility.eu\/sl\/wp-json\/wp\/v2\/pages\/1324"}],"collection":[{"href":"https:\/\/digital-accessibility.eu\/sl\/wp-json\/wp\/v2\/pages"}],"about":[{"href":"https:\/\/digital-accessibility.eu\/sl\/wp-json\/wp\/v2\/types\/page"}],"author":[{"embeddable":true,"href":"https:\/\/digital-accessibility.eu\/sl\/wp-json\/wp\/v2\/users\/2"}],"replies":[{"embeddable":true,"href":"https:\/\/digital-accessibility.eu\/sl\/wp-json\/wp\/v2\/comments?post=1324"}],"version-history":[{"count":17,"href":"https:\/\/digital-accessibility.eu\/sl\/wp-json\/wp\/v2\/pages\/1324\/revisions"}],"predecessor-version":[{"id":6139,"href":"https:\/\/digital-accessibility.eu\/sl\/wp-json\/wp\/v2\/pages\/1324\/revisions\/6139"}],"up":[{"embeddable":true,"href":"https:\/\/digital-accessibility.eu\/sl\/wp-json\/wp\/v2\/pages\/1321"}],"wp:attachment":[{"href":"https:\/\/digital-accessibility.eu\/sl\/wp-json\/wp\/v2\/media?parent=1324"}],"curies":[{"name":"wp","href":"https:\/\/api.w.org\/{rel}","templated":true}]}}