{"id":1321,"date":"2019-11-05T16:39:22","date_gmt":"2019-11-05T16:39:22","guid":{"rendered":"http:\/\/digital-accessibility.eu\/?page_id=1321"},"modified":"2021-02-25T13:01:48","modified_gmt":"2021-02-25T13:01:48","slug":"about-the-project","status":"publish","type":"page","link":"https:\/\/digital-accessibility.eu\/sl\/about-the-project\/","title":{"rendered":"O projektu"},"content":{"rendered":"<h2>O projektu<\/h2>\n\t<p>&nbsp;<\/p>\n<p>Internet je postal neizogiben del na\u0161ih \u017eivljenj, saj je zelo vpleten tako v na\u0161e delovno,\nkot doma\u010de okolje. To je ustvarilo prilo\u017enosti za ve\u010dino uporabnikov, po drugi strani\npa tudi veliko oviro za mnoge posameznike, ki zaradi najrazli\u010dnej\u0161ih oviranosti ne\nmorejo povsem dostopati do vseh delov spleta. Digitalna dostopnost je torej postala\nnujna. <strong><em>Digitalna dostopnost je zmo\u017enost spletne strani, mobilne aplikacije ali elektronskega dokumenta, da jo lahko enostavno upravlja in razume \u0161irok krog uporabnikov, vklju\u010dno z uporabniki, ki imajo za\u010dasne ali trajne vidne, zvo\u010dne, motori\u010dne ali kognitivne te\u017eave.<\/em><\/strong><\/p>\n<p><strong><em>Projekt Erasmus+ Certificirano izobra\u017eevanje o digitalni dostopnosti (ang. Erasmus+\nCertified Digital Accessibility Training project) <\/em><\/strong>se je za\u010del septembra 2018 z\nnamenom izpolnjevanja zahtev evropske zakonodaje, <a href=\"http:\/\/eur-lex.europa.eu\/legal-content\/EN\/TXT\/?uri=uriserv:OJ.L_.2016.327.01.0001.01.ENG&amp;toc=OJ:L:2016:327:TOC\">Direktive (EU) 2016\/2102,<\/a> ki se na slovenski trg prena\u0161a preko Zakona o dostopnosti spleti\u0161\u010d in mobilnih aplikacij\n(ZDSMA). Ta narekuje, da morajo biti vse spletne strani in mobilne aplikacije organov\njavnega sektorja do leta 2020 digitalno dostopne za vse. V projekt je vklju\u010denih 6\npartnerskih organizacij iz \u0161tirih sodelujo\u010dih evropskih dr\u017eav: Slovenije, Poljske, Gr\u010dije\nin \u0160panije. Partnerji skupaj razvijajo posebno izobra\u017eevanje o digitalni dostopnosti,\nki bo na voljo razli\u010dnim skupinam klju\u010dnih dele\u017enikov kot odgovor na nara\u0161\u010dajo\u010de\npotrebe po strokovnjakih s podro\u010dja digitalne dostopnosti na trgu dela v Evropi.<\/p>\n<p>&nbsp;<\/p>\n<h4>V projektu bodo razviti specialisti\u010dni programi za delovna mesta:<\/h4>\n<ul>\n<li>Mend\u017eer digitalne dostopnosti<\/li>\n<li>Evalvator digitalne dostopnosti<\/li>\n<li>Spletni razvijalec s strokovnim znanjem o digitalni dostopnosti<\/li>\n<li>Spletni oblikovalec s strokovnim znanjem o digitalni dostopnosti<\/li>\n<\/ul>\n<p>&nbsp;<\/p>\n<h4>Za omenjene programe bodo razviti slede\u010di moduli:<\/h4>\n<ul>\n<li>Uvod v digitalno dostopnost;<\/li>\n<li>Upravljanje digitalne dostopnosti;<\/li>\n<li>Razvijanje\/programiranje za digitalno dostopnost;<\/li>\n<li>Oblikovanje za digitalno dostopnost;<\/li>\n<li>Implementacija digitalne dostopnosti; in<\/li>\n<li>Evalvacija digitalne dostopnosti.<\/li>\n<\/ul>\n<p>&nbsp;<\/p>\n<h4>Glavni rezultati projekta bodo:<\/h4>\n<ul>\n<li>O1. Okvir ve\u0161\u010din za digitalno dostopnost in analiza delovnih vlog<\/li>\n<li>O2. U\u010dni na\u010drt izobra\u017eevanja in metodologija certificiranja<\/li>\n<li>O3. Razvoj inovativnih izobra\u017eevalnih modulov<\/li>\n<li>O4. Dostopna u\u010dna platforma<\/li>\n<li>C1. Dogodek 'Train the Trainer'<\/li>\n<li>E1.-E3. 3 forumi digitalne dostopnosti<\/li>\n<li>E4. Zaklju\u010dna mednarodna konferenca o digitalni dostopnosti<\/li>\n<\/ul>\n<p>&nbsp;<\/p>\n\t<h3><\/h3>\n<h3>Splo\u0161ne informacije o projektu<\/h3>\n<ul>\n<li>Naslov projekta: <strong>Certificirano izobra\u017eevanje o digitalni dostopnosti<\/strong><\/li>\n<li>Kratica: <strong>Digitalna dostopnost<\/strong><\/li>\n<li>ID projekta: <strong>2018-1-SI01-KA202-047103<\/strong><\/li>\n<li>Program: <strong>ERASMUS+ Cooperation for innovation and the exchage of good practices, Partnerships for vocational education and training<\/strong><\/li>\n<li>Datum pri\u010detka: <strong>Sep 1, 2018<\/strong><\/li>\n<li>Datum zaklju\u010dka: <strong>Feb 28, 2021<\/strong><\/li>\n<li>Koordinator projekta: <strong>INUK In\u0161titut za napredno upravljanje komunikacij<\/strong>, Maribor, Jadranska cesta 27, 2000 Maribor, Slovenia<\/li>\n<\/ul>\n<p>&nbsp;<\/p>\n<h4>Projektni partnerji<\/h4>\n<ul>\n<li>Uniwersytet Przyrodniczo-Humanistyczny W Siedlcach, Poland,<\/li>\n<li>Univerza v Mariboru, Slovenia,<\/li>\n<li>Soluciones Tecno-Profesionales Consulting, Spain,<\/li>\n<li>Centrum Zrownowazonego Rozwoju HORYZONTY, Poland,<\/li>\n<li>Nikoletta Georgogianni Best Cybernetics Single Member Private Company, Greece.<\/li>\n<\/ul>\n<p>&nbsp;<\/p>","protected":false},"excerpt":{"rendered":"<div class=\"entry-summary\">\nAbout the project &nbsp; Internet has become an inevitable part of our everyday lives, and it is highly integrated in our working and home environment. This has created opportunities for the majority, but a huge obstacle for people with disabilities&hellip;\n<\/div>\n<div class=\"link-more\"><a href=\"https:\/\/digital-accessibility.eu\/sl\/about-the-project\/\" class=\"more-link\">Preberi dalje<span class=\"screen-reader-text\"> &ldquo;About the project&rdquo;<\/span>&hellip;<\/a><\/div>","protected":false},"author":2,"featured_media":0,"parent":0,"menu_order":0,"comment_status":"closed","ping_status":"closed","template":"templates\/no-intro.php","meta":[],"yoast_head":"<!-- This site is optimized with the Yoast SEO plugin v17.9 - https:\/\/yoast.com\/wordpress\/plugins\/seo\/ -->\n<title>About the project &bull; Certified Digital Accessibility Training<\/title>\n<meta name=\"robots\" content=\"index, follow, max-snippet:-1, max-image-preview:large, max-video-preview:-1\" \/>\n<link rel=\"canonical\" href=\"https:\/\/digital-accessibility.eu\/sl\/about-the-project\/\" \/>\n<meta property=\"og:locale\" content=\"sl_SI\" \/>\n<meta property=\"og:type\" content=\"article\" \/>\n<meta property=\"og:title\" content=\"About the project &bull; Certified Digital Accessibility Training\" \/>\n<meta property=\"og:description\" content=\"About the project &nbsp; Internet has become an inevitable part of our everyday lives, and it is highly integrated in our working and home environment. This has created opportunities for the majority, but a huge obstacle for people with disabilities&hellip; Preberi dalje &ldquo;About the project&rdquo;&hellip;\" \/>\n<meta property=\"og:url\" content=\"https:\/\/digital-accessibility.eu\/sl\/about-the-project\/\" \/>\n<meta property=\"og:site_name\" content=\"Certified Digital Accessibility Training\" \/>\n<meta property=\"article:publisher\" content=\"https:\/\/www.facebook.com\/digitalaccessibilityproject\/\" \/>\n<meta property=\"article:modified_time\" content=\"2021-02-25T13:01:48+00:00\" \/>\n<meta name=\"twitter:card\" content=\"summary_large_image\" \/>\n<meta name=\"twitter:site\" content=\"@DigitalAccessib\" \/>\n<meta name=\"twitter:label1\" content=\"Est. reading time\" \/>\n\t<meta name=\"twitter:data1\" content=\"2 minuti\" \/>\n<script type=\"application\/ld+json\" class=\"yoast-schema-graph\">{\"@context\":\"https:\/\/schema.org\",\"@graph\":[{\"@type\":\"Organization\",\"@id\":\"https:\/\/digital-accessibility.eu\/#organization\",\"name\":\"Certified Digital Accessibility Training\",\"url\":\"https:\/\/digital-accessibility.eu\/\",\"sameAs\":[\"https:\/\/www.facebook.com\/digitalaccessibilityproject\/\",\"https:\/\/www.linkedin.com\/company\/e-digital-accessibility-project-certified-digital-accessibility-training\",\"https:\/\/twitter.com\/DigitalAccessib\"],\"logo\":{\"@type\":\"ImageObject\",\"@id\":\"https:\/\/digital-accessibility.eu\/#logo\",\"inLanguage\":\"sl-SI\",\"url\":\"https:\/\/digital-accessibility.eu\/wp-content\/uploads\/2019\/03\/Digital-Accessibility-medium.png\",\"contentUrl\":\"https:\/\/digital-accessibility.eu\/wp-content\/uploads\/2019\/03\/Digital-Accessibility-medium.png\",\"width\":400,\"height\":222,\"caption\":\"Certified Digital Accessibility Training\"},\"image\":{\"@id\":\"https:\/\/digital-accessibility.eu\/#logo\"}},{\"@type\":\"WebSite\",\"@id\":\"https:\/\/digital-accessibility.eu\/#website\",\"url\":\"https:\/\/digital-accessibility.eu\/\",\"name\":\"Certified Digital Accessibility Training\",\"description\":\"We offer certified digital accessibility training on our fully WCAG compliant web page that enables all users to interact with us.\",\"publisher\":{\"@id\":\"https:\/\/digital-accessibility.eu\/#organization\"},\"potentialAction\":[{\"@type\":\"SearchAction\",\"target\":{\"@type\":\"EntryPoint\",\"urlTemplate\":\"https:\/\/digital-accessibility.eu\/?s={search_term_string}\"},\"query-input\":\"required name=search_term_string\"}],\"inLanguage\":\"sl-SI\"},{\"@type\":\"WebPage\",\"@id\":\"https:\/\/digital-accessibility.eu\/sl\/about-the-project\/#webpage\",\"url\":\"https:\/\/digital-accessibility.eu\/sl\/about-the-project\/\",\"name\":\"About the project &bull; Certified Digital Accessibility Training\",\"isPartOf\":{\"@id\":\"https:\/\/digital-accessibility.eu\/#website\"},\"datePublished\":\"2019-11-05T16:39:22+00:00\",\"dateModified\":\"2021-02-25T13:01:48+00:00\",\"breadcrumb\":{\"@id\":\"https:\/\/digital-accessibility.eu\/sl\/about-the-project\/#breadcrumb\"},\"inLanguage\":\"sl-SI\",\"potentialAction\":[{\"@type\":\"ReadAction\",\"target\":[\"https:\/\/digital-accessibility.eu\/sl\/about-the-project\/\"]}]},{\"@type\":\"BreadcrumbList\",\"@id\":\"https:\/\/digital-accessibility.eu\/sl\/about-the-project\/#breadcrumb\",\"itemListElement\":[{\"@type\":\"ListItem\",\"position\":1,\"name\":\"Home\",\"item\":\"https:\/\/digital-accessibility.eu\/\"},{\"@type\":\"ListItem\",\"position\":2,\"name\":\"About the project\"}]}]}<\/script>\n<!-- \/ Yoast SEO plugin. -->","yoast_head_json":{"title":"About the project &bull; Certified Digital Accessibility Training","robots":{"index":"index","follow":"follow","max-snippet":"max-snippet:-1","max-image-preview":"max-image-preview:large","max-video-preview":"max-video-preview:-1"},"canonical":"https:\/\/digital-accessibility.eu\/sl\/about-the-project\/","og_locale":"sl_SI","og_type":"article","og_title":"About the project &bull; Certified Digital Accessibility Training","og_description":"About the project &nbsp; Internet has become an inevitable part of our everyday lives, and it is highly integrated in our working and home environment. This has created opportunities for the majority, but a huge obstacle for people with disabilities&hellip; Preberi dalje &ldquo;About the project&rdquo;&hellip;","og_url":"https:\/\/digital-accessibility.eu\/sl\/about-the-project\/","og_site_name":"Certified Digital Accessibility Training","article_publisher":"https:\/\/www.facebook.com\/digitalaccessibilityproject\/","article_modified_time":"2021-02-25T13:01:48+00:00","twitter_card":"summary_large_image","twitter_site":"@DigitalAccessib","twitter_misc":{"Est. reading time":"2 minuti"},"schema":{"@context":"https:\/\/schema.org","@graph":[{"@type":"Organization","@id":"https:\/\/digital-accessibility.eu\/#organization","name":"Certified Digital Accessibility Training","url":"https:\/\/digital-accessibility.eu\/","sameAs":["https:\/\/www.facebook.com\/digitalaccessibilityproject\/","https:\/\/www.linkedin.com\/company\/e-digital-accessibility-project-certified-digital-accessibility-training","https:\/\/twitter.com\/DigitalAccessib"],"logo":{"@type":"ImageObject","@id":"https:\/\/digital-accessibility.eu\/#logo","inLanguage":"sl-SI","url":"https:\/\/digital-accessibility.eu\/wp-content\/uploads\/2019\/03\/Digital-Accessibility-medium.png","contentUrl":"https:\/\/digital-accessibility.eu\/wp-content\/uploads\/2019\/03\/Digital-Accessibility-medium.png","width":400,"height":222,"caption":"Certified Digital Accessibility Training"},"image":{"@id":"https:\/\/digital-accessibility.eu\/#logo"}},{"@type":"WebSite","@id":"https:\/\/digital-accessibility.eu\/#website","url":"https:\/\/digital-accessibility.eu\/","name":"Certified Digital Accessibility Training","description":"We offer certified digital accessibility training on our fully WCAG compliant web page that enables all users to interact with us.","publisher":{"@id":"https:\/\/digital-accessibility.eu\/#organization"},"potentialAction":[{"@type":"SearchAction","target":{"@type":"EntryPoint","urlTemplate":"https:\/\/digital-accessibility.eu\/?s={search_term_string}"},"query-input":"required name=search_term_string"}],"inLanguage":"sl-SI"},{"@type":"WebPage","@id":"https:\/\/digital-accessibility.eu\/sl\/about-the-project\/#webpage","url":"https:\/\/digital-accessibility.eu\/sl\/about-the-project\/","name":"About the project &bull; Certified Digital Accessibility Training","isPartOf":{"@id":"https:\/\/digital-accessibility.eu\/#website"},"datePublished":"2019-11-05T16:39:22+00:00","dateModified":"2021-02-25T13:01:48+00:00","breadcrumb":{"@id":"https:\/\/digital-accessibility.eu\/sl\/about-the-project\/#breadcrumb"},"inLanguage":"sl-SI","potentialAction":[{"@type":"ReadAction","target":["https:\/\/digital-accessibility.eu\/sl\/about-the-project\/"]}]},{"@type":"BreadcrumbList","@id":"https:\/\/digital-accessibility.eu\/sl\/about-the-project\/#breadcrumb","itemListElement":[{"@type":"ListItem","position":1,"name":"Home","item":"https:\/\/digital-accessibility.eu\/"},{"@type":"ListItem","position":2,"name":"About the project"}]}]}},"_links":{"self":[{"href":"https:\/\/digital-accessibility.eu\/sl\/wp-json\/wp\/v2\/pages\/1321"}],"collection":[{"href":"https:\/\/digital-accessibility.eu\/sl\/wp-json\/wp\/v2\/pages"}],"about":[{"href":"https:\/\/digital-accessibility.eu\/sl\/wp-json\/wp\/v2\/types\/page"}],"author":[{"embeddable":true,"href":"https:\/\/digital-accessibility.eu\/sl\/wp-json\/wp\/v2\/users\/2"}],"replies":[{"embeddable":true,"href":"https:\/\/digital-accessibility.eu\/sl\/wp-json\/wp\/v2\/comments?post=1321"}],"version-history":[{"count":11,"href":"https:\/\/digital-accessibility.eu\/sl\/wp-json\/wp\/v2\/pages\/1321\/revisions"}],"predecessor-version":[{"id":9705,"href":"https:\/\/digital-accessibility.eu\/sl\/wp-json\/wp\/v2\/pages\/1321\/revisions\/9705"}],"wp:attachment":[{"href":"https:\/\/digital-accessibility.eu\/sl\/wp-json\/wp\/v2\/media?parent=1321"}],"curies":[{"name":"wp","href":"https:\/\/api.w.org\/{rel}","templated":true}]}}