{"id":1275,"date":"2019-10-30T14:58:53","date_gmt":"2019-10-30T14:58:53","guid":{"rendered":"http:\/\/digital-accessibility.eu\/?page_id=1275"},"modified":"2021-02-26T07:24:14","modified_gmt":"2021-02-26T07:24:14","slug":"training-modules","status":"publish","type":"page","link":"https:\/\/digital-accessibility.eu\/sl\/training-modules\/","title":{"rendered":"Izobra\u017eevalni moduli"},"content":{"rendered":"<h1>Izobra\u017eevalni moduli<\/h1>\n\t\t\t\t<img src=\"http:\/\/digital-accessibility.eu\/wp-content\/uploads\/2019\/10\/003-analysis_b.png\" alt=\"Manager icon\" itemprop=\"image\" title=\"003-analysis_b\" onerror=\"this.style.display='none'\"  \/>\n\t<h2>Mened\u017eer digitalne dostopnosti<\/h2>\n\t<p>Izobra\u017eevanje za Mened\u017eerja digitalne dostopnosti usposobi strokovnjake za upravljanje in implementiranje standardov digitalne dostopnosti v svoje organizacije, oz. v organizacije za katere delajo.<\/p>\n<p>Izobra\u017eevanje zajema:<\/p>\n<ul>\n<li><a href=\"http:\/\/digital-accessibility.eu\/learn\/course\/view.php?id=2\">Predstavitev digitalne dostopnosti<\/a><\/li>\n<li><a href=\"http:\/\/digital-accessibility.eu\/learn\/course\/view.php?id=3\">Upravljanje digitalne dostopnosti<\/a><\/li>\n<li><a href=\"http:\/\/digital-accessibility.eu\/learn\/course\/view.php?id=6\">Implementacijo digitalne dostopnosti<\/a><\/li>\n<\/ul>\n<p><strong>Priporo\u010deni pogoji<\/strong> so splo\u0161na ra\u010dunalni\u0161ka pismenost, univerzitetna ali visoko\u0161olska izobrazba ali izku\u0161nje z delom mened\u017eerja, empatija in \u017eelja za pomo\u010d ljudem z oviranostmi, izku\u0161nje z vodenjem in organizacijske spretnosti (na\u010drtovanje, organizacija, motiviranje in nadzorovanje).<\/p>\n\t\t\t\t<img src=\"http:\/\/digital-accessibility.eu\/wp-content\/uploads\/2019\/10\/001-www_b.png\" alt=\"Tester icon\" itemprop=\"image\" title=\"001-www_b\" onerror=\"this.style.display='none'\"  \/>\n\t<h2>Evalvator digitalne dostopnosti<\/h2>\n\t<p>Izobra\u017eevanje usposobi strokovnjake za <strong>ocenjevanje in preizku\u0161anje dostopnosti spletnih strani<\/strong> organizacij za katere delajo.<\/p>\n<p>Izobra\u017eevanje zajema:<\/p>\n<ul>\n<li><a href=\"http:\/\/digital-accessibility.eu\/learn\/course\/view.php?id=2\">Predstavitev digitalne dostopnosti<\/a><\/li>\n<li><a href=\"http:\/\/digital-accessibility.eu\/learn\/course\/view.php?id=7\">Evaluacijo digitalne dostopnosti<\/a><\/li>\n<\/ul>\n<p><strong>Priporo\u010deni pogoji<\/strong> so izku\u0161nje z rabo interneta, odprtost do novih tehnologij, splo\u0161no razumevanje potreb ljudi z raznimi oviranostmi, osnovna ra\u010dunalni\u0161ka pismenost, razumevanje osnov digitalne dostopnosti, mo\u010dne analiti\u010dne spretnosti in zmo\u017enost pisanja preglednega poro\u010dila o napakah.<\/p>\n\t\t\t\t<img src=\"http:\/\/digital-accessibility.eu\/wp-content\/uploads\/2019\/10\/005-tools-and-utensils_b.png\" alt=\"Web developer icon\" itemprop=\"image\" title=\"005-tools-and-utensils_b\" onerror=\"this.style.display='none'\"  \/>\n\t<h2>Spletni razvijalec z znanjem o digitalni dostopnosti<\/h2>\n\t<p>Izobra\u017eevanje za spletnega razvijalca s strokovnim znanjem o digitalni dostopnosti je namenjeno strokovnjakom, ki so zmo\u017eni razvijati spletne strani, ki so digitalno dostopne po WCAG standardih.<\/p>\n<p>Izobra\u017eevanje zajema:<\/p>\n<ul>\n<li><a href=\"http:\/\/digital-accessibility.eu\/learn\/course\/view.php?id=2\">Predstavitev digitalne dostopnosti<\/a><\/li>\n<li><a href=\"http:\/\/digital-accessibility.eu\/learn\/course\/view.php?id=4\">Razvijanje\/programiranje za digitalno dostopnost<\/a><\/li>\n<\/ul>\n<p><strong>Priporo\u010deni pogoji<\/strong> so izku\u0161nje z razvijanjem spletnih strani, ali diploma iz ra\u010dunalni\u0161tva, znanje iz spletnih tehnologij\/programiranja spletnih strani (npr. CSS, Java script in HTML).<\/p>\n<p>&nbsp;<\/p>\n\t\t\t\t<img src=\"http:\/\/digital-accessibility.eu\/wp-content\/uploads\/2019\/10\/004-art_b.png\" alt=\"Designer icon\" itemprop=\"image\" title=\"004-art_b\" onerror=\"this.style.display='none'\"  \/>\n\t<h2>Spletni oblikovalec z znanjem o digitalni dostopnosti<\/h2>\n\t<p>Izobra\u017eevanje za spletnega oblikovalca s strokovnim znanjem iz digitalne dostopnosti je namenjeno strokovnjakom, ki razvijajo spletne strani, ki so digitalno dostopne po WCAG standardih.<\/p>\n<p>Izobra\u017eevanje zajema:<\/p>\n<ul>\n<li><a href=\"http:\/\/digital-accessibility.eu\/learn\/course\/view.php?id=2\">Predstavitev digitalne dostopnosti<\/a><\/li>\n<li><a href=\"http:\/\/digital-accessibility.eu\/learn\/course\/view.php?id=5\">Oblikovanje za digitalno dostopnost<\/a><\/li>\n<\/ul>\n<p><strong>Priporo\u010deni pogoji<\/strong> izku\u0161nje z domenami informacijskih tehnologij, strokovno znanje iz oblikovanja spletnih strani, in poznavanje programov za oblikovanje kot so Adope Photoshop, Illustrator etc., poznavanje podpornih tehnologij (npr. bralniki zaslonov \u2013JAWS, NVDA, barvni kontrasti, programi za prepoznavanje govora), poznavanje spletnih tehnologij\/programiranja spletnih strani (npr. CSS, Java script in HTML), razumevanje osnov spletne dostopnosti, grafi\u010dne spretnosti in ustvarjalnost, poznavanje grafi\u010dnih softverov \u2013 UX, ob\u010dutek za estetiko, ter izku\u0161nje z ustvarjanjem vizualne umetnosti.<\/p>","protected":false},"excerpt":{"rendered":"<div class=\"entry-summary\">\nTraining Modules Digital Accessibility Manager Digital Accessibility Manager training is focused on preparing the specialists who are able to manage and implement digital accessibility standards in their organizations, or in organizations they work for. The training includes: Introduction to DA&hellip;\n<\/div>\n<div class=\"link-more\"><a href=\"https:\/\/digital-accessibility.eu\/sl\/training-modules\/\" class=\"more-link\">Preberi dalje<span class=\"screen-reader-text\"> &ldquo;Training Modules&rdquo;<\/span>&hellip;<\/a><\/div>","protected":false},"author":2,"featured_media":0,"parent":0,"menu_order":0,"comment_status":"closed","ping_status":"closed","template":"templates\/no-intro.php","meta":[],"yoast_head":"<!-- This site is optimized with the Yoast SEO plugin v17.9 - https:\/\/yoast.com\/wordpress\/plugins\/seo\/ -->\n<title>Training Modules &bull; Certified Digital Accessibility Training<\/title>\n<meta name=\"robots\" content=\"index, follow, max-snippet:-1, max-image-preview:large, max-video-preview:-1\" \/>\n<link rel=\"canonical\" href=\"https:\/\/digital-accessibility.eu\/sl\/training-modules\/\" \/>\n<meta property=\"og:locale\" content=\"sl_SI\" \/>\n<meta property=\"og:type\" content=\"article\" \/>\n<meta property=\"og:title\" content=\"Training Modules &bull; Certified Digital Accessibility Training\" \/>\n<meta property=\"og:description\" content=\"Training Modules Digital Accessibility Manager Digital Accessibility Manager training is focused on preparing the specialists who are able to manage and implement digital accessibility standards in their organizations, or in organizations they work for. The training includes: Introduction to DA&hellip; Preberi dalje &ldquo;Training Modules&rdquo;&hellip;\" \/>\n<meta property=\"og:url\" content=\"https:\/\/digital-accessibility.eu\/sl\/training-modules\/\" \/>\n<meta property=\"og:site_name\" content=\"Certified Digital Accessibility Training\" \/>\n<meta property=\"article:publisher\" content=\"https:\/\/www.facebook.com\/digitalaccessibilityproject\/\" \/>\n<meta property=\"article:modified_time\" content=\"2021-02-26T07:24:14+00:00\" \/>\n<meta property=\"og:image\" content=\"http:\/\/digital-accessibility.eu\/wp-content\/uploads\/2019\/10\/003-analysis_b.png\" \/>\n<meta name=\"twitter:card\" content=\"summary_large_image\" \/>\n<meta name=\"twitter:site\" content=\"@DigitalAccessib\" \/>\n<meta name=\"twitter:label1\" content=\"Est. reading time\" \/>\n\t<meta name=\"twitter:data1\" content=\"3 minute\" \/>\n<script type=\"application\/ld+json\" class=\"yoast-schema-graph\">{\"@context\":\"https:\/\/schema.org\",\"@graph\":[{\"@type\":\"Organization\",\"@id\":\"https:\/\/digital-accessibility.eu\/#organization\",\"name\":\"Certified Digital Accessibility Training\",\"url\":\"https:\/\/digital-accessibility.eu\/\",\"sameAs\":[\"https:\/\/www.facebook.com\/digitalaccessibilityproject\/\",\"https:\/\/www.linkedin.com\/company\/e-digital-accessibility-project-certified-digital-accessibility-training\",\"https:\/\/twitter.com\/DigitalAccessib\"],\"logo\":{\"@type\":\"ImageObject\",\"@id\":\"https:\/\/digital-accessibility.eu\/#logo\",\"inLanguage\":\"sl-SI\",\"url\":\"https:\/\/digital-accessibility.eu\/wp-content\/uploads\/2019\/03\/Digital-Accessibility-medium.png\",\"contentUrl\":\"https:\/\/digital-accessibility.eu\/wp-content\/uploads\/2019\/03\/Digital-Accessibility-medium.png\",\"width\":400,\"height\":222,\"caption\":\"Certified Digital Accessibility Training\"},\"image\":{\"@id\":\"https:\/\/digital-accessibility.eu\/#logo\"}},{\"@type\":\"WebSite\",\"@id\":\"https:\/\/digital-accessibility.eu\/#website\",\"url\":\"https:\/\/digital-accessibility.eu\/\",\"name\":\"Certified Digital Accessibility Training\",\"description\":\"We offer certified digital accessibility training on our fully WCAG compliant web page that enables all users to interact with us.\",\"publisher\":{\"@id\":\"https:\/\/digital-accessibility.eu\/#organization\"},\"potentialAction\":[{\"@type\":\"SearchAction\",\"target\":{\"@type\":\"EntryPoint\",\"urlTemplate\":\"https:\/\/digital-accessibility.eu\/?s={search_term_string}\"},\"query-input\":\"required name=search_term_string\"}],\"inLanguage\":\"sl-SI\"},{\"@type\":\"ImageObject\",\"@id\":\"https:\/\/digital-accessibility.eu\/sl\/training-modules\/#primaryimage\",\"inLanguage\":\"sl-SI\",\"url\":\"http:\/\/digital-accessibility.eu\/wp-content\/uploads\/2019\/10\/003-analysis_b.png\",\"contentUrl\":\"http:\/\/digital-accessibility.eu\/wp-content\/uploads\/2019\/10\/003-analysis_b.png\"},{\"@type\":\"WebPage\",\"@id\":\"https:\/\/digital-accessibility.eu\/sl\/training-modules\/#webpage\",\"url\":\"https:\/\/digital-accessibility.eu\/sl\/training-modules\/\",\"name\":\"Training Modules &bull; Certified Digital Accessibility Training\",\"isPartOf\":{\"@id\":\"https:\/\/digital-accessibility.eu\/#website\"},\"primaryImageOfPage\":{\"@id\":\"https:\/\/digital-accessibility.eu\/sl\/training-modules\/#primaryimage\"},\"datePublished\":\"2019-10-30T14:58:53+00:00\",\"dateModified\":\"2021-02-26T07:24:14+00:00\",\"breadcrumb\":{\"@id\":\"https:\/\/digital-accessibility.eu\/sl\/training-modules\/#breadcrumb\"},\"inLanguage\":\"sl-SI\",\"potentialAction\":[{\"@type\":\"ReadAction\",\"target\":[\"https:\/\/digital-accessibility.eu\/sl\/training-modules\/\"]}]},{\"@type\":\"BreadcrumbList\",\"@id\":\"https:\/\/digital-accessibility.eu\/sl\/training-modules\/#breadcrumb\",\"itemListElement\":[{\"@type\":\"ListItem\",\"position\":1,\"name\":\"Home\",\"item\":\"https:\/\/digital-accessibility.eu\/\"},{\"@type\":\"ListItem\",\"position\":2,\"name\":\"Training Modules\"}]}]}<\/script>\n<!-- \/ Yoast SEO plugin. -->","yoast_head_json":{"title":"Training Modules &bull; Certified Digital Accessibility Training","robots":{"index":"index","follow":"follow","max-snippet":"max-snippet:-1","max-image-preview":"max-image-preview:large","max-video-preview":"max-video-preview:-1"},"canonical":"https:\/\/digital-accessibility.eu\/sl\/training-modules\/","og_locale":"sl_SI","og_type":"article","og_title":"Training Modules &bull; Certified Digital Accessibility Training","og_description":"Training Modules Digital Accessibility Manager Digital Accessibility Manager training is focused on preparing the specialists who are able to manage and implement digital accessibility standards in their organizations, or in organizations they work for. The training includes: Introduction to DA&hellip; Preberi dalje &ldquo;Training Modules&rdquo;&hellip;","og_url":"https:\/\/digital-accessibility.eu\/sl\/training-modules\/","og_site_name":"Certified Digital Accessibility Training","article_publisher":"https:\/\/www.facebook.com\/digitalaccessibilityproject\/","article_modified_time":"2021-02-26T07:24:14+00:00","og_image":[{"url":"http:\/\/digital-accessibility.eu\/wp-content\/uploads\/2019\/10\/003-analysis_b.png"}],"twitter_card":"summary_large_image","twitter_site":"@DigitalAccessib","twitter_misc":{"Est. reading time":"3 minute"},"schema":{"@context":"https:\/\/schema.org","@graph":[{"@type":"Organization","@id":"https:\/\/digital-accessibility.eu\/#organization","name":"Certified Digital Accessibility Training","url":"https:\/\/digital-accessibility.eu\/","sameAs":["https:\/\/www.facebook.com\/digitalaccessibilityproject\/","https:\/\/www.linkedin.com\/company\/e-digital-accessibility-project-certified-digital-accessibility-training","https:\/\/twitter.com\/DigitalAccessib"],"logo":{"@type":"ImageObject","@id":"https:\/\/digital-accessibility.eu\/#logo","inLanguage":"sl-SI","url":"https:\/\/digital-accessibility.eu\/wp-content\/uploads\/2019\/03\/Digital-Accessibility-medium.png","contentUrl":"https:\/\/digital-accessibility.eu\/wp-content\/uploads\/2019\/03\/Digital-Accessibility-medium.png","width":400,"height":222,"caption":"Certified Digital Accessibility Training"},"image":{"@id":"https:\/\/digital-accessibility.eu\/#logo"}},{"@type":"WebSite","@id":"https:\/\/digital-accessibility.eu\/#website","url":"https:\/\/digital-accessibility.eu\/","name":"Certified Digital Accessibility Training","description":"We offer certified digital accessibility training on our fully WCAG compliant web page that enables all users to interact with us.","publisher":{"@id":"https:\/\/digital-accessibility.eu\/#organization"},"potentialAction":[{"@type":"SearchAction","target":{"@type":"EntryPoint","urlTemplate":"https:\/\/digital-accessibility.eu\/?s={search_term_string}"},"query-input":"required name=search_term_string"}],"inLanguage":"sl-SI"},{"@type":"ImageObject","@id":"https:\/\/digital-accessibility.eu\/sl\/training-modules\/#primaryimage","inLanguage":"sl-SI","url":"http:\/\/digital-accessibility.eu\/wp-content\/uploads\/2019\/10\/003-analysis_b.png","contentUrl":"http:\/\/digital-accessibility.eu\/wp-content\/uploads\/2019\/10\/003-analysis_b.png"},{"@type":"WebPage","@id":"https:\/\/digital-accessibility.eu\/sl\/training-modules\/#webpage","url":"https:\/\/digital-accessibility.eu\/sl\/training-modules\/","name":"Training Modules &bull; Certified Digital Accessibility Training","isPartOf":{"@id":"https:\/\/digital-accessibility.eu\/#website"},"primaryImageOfPage":{"@id":"https:\/\/digital-accessibility.eu\/sl\/training-modules\/#primaryimage"},"datePublished":"2019-10-30T14:58:53+00:00","dateModified":"2021-02-26T07:24:14+00:00","breadcrumb":{"@id":"https:\/\/digital-accessibility.eu\/sl\/training-modules\/#breadcrumb"},"inLanguage":"sl-SI","potentialAction":[{"@type":"ReadAction","target":["https:\/\/digital-accessibility.eu\/sl\/training-modules\/"]}]},{"@type":"BreadcrumbList","@id":"https:\/\/digital-accessibility.eu\/sl\/training-modules\/#breadcrumb","itemListElement":[{"@type":"ListItem","position":1,"name":"Home","item":"https:\/\/digital-accessibility.eu\/"},{"@type":"ListItem","position":2,"name":"Training Modules"}]}]}},"_links":{"self":[{"href":"https:\/\/digital-accessibility.eu\/sl\/wp-json\/wp\/v2\/pages\/1275"}],"collection":[{"href":"https:\/\/digital-accessibility.eu\/sl\/wp-json\/wp\/v2\/pages"}],"about":[{"href":"https:\/\/digital-accessibility.eu\/sl\/wp-json\/wp\/v2\/types\/page"}],"author":[{"embeddable":true,"href":"https:\/\/digital-accessibility.eu\/sl\/wp-json\/wp\/v2\/users\/2"}],"replies":[{"embeddable":true,"href":"https:\/\/digital-accessibility.eu\/sl\/wp-json\/wp\/v2\/comments?post=1275"}],"version-history":[{"count":20,"href":"https:\/\/digital-accessibility.eu\/sl\/wp-json\/wp\/v2\/pages\/1275\/revisions"}],"predecessor-version":[{"id":9728,"href":"https:\/\/digital-accessibility.eu\/sl\/wp-json\/wp\/v2\/pages\/1275\/revisions\/9728"}],"wp:attachment":[{"href":"https:\/\/digital-accessibility.eu\/sl\/wp-json\/wp\/v2\/media?parent=1275"}],"curies":[{"name":"wp","href":"https:\/\/api.w.org\/{rel}","templated":true}]}}