{"id":968,"date":"2019-07-18T09:46:18","date_gmt":"2019-07-18T09:46:18","guid":{"rendered":"http:\/\/digital-accessibility.eu\/?page_id=968"},"modified":"2021-02-25T18:02:05","modified_gmt":"2021-02-25T18:02:05","slug":"certified-digital-accessibility-training","status":"publish","type":"page","link":"https:\/\/digital-accessibility.eu\/pl\/","title":{"rendered":"Certyfikowane Szkolenie w zakresie Dost\u0119pno\u015bci Cyfrowej"},"content":{"rendered":"<h1>Witamy w projekcie ERASMUS + Certified Digital Accessibility Training!<\/h1>\n\t<p>Przyczyniamy si\u0119 do <strong>dost\u0119pno\u015bci cyfrowej dla wszystkich,<\/strong> opracowuj\u0105c szkolenia dla r\u00f3\u017cnych profesjonalist\u00f3w, kt\u00f3rzy wsp\u00f3\u0142tworz\u0105 sie\u0107.<\/p>\n\t<p><strong>Sprawd\u017a swoj\u0105 wiedz\u0119<\/strong> na temat dost\u0119pno\u015bci cyfrowej:<\/p>\n\t<p><a href=\"\/digital-accessibility-quizzes\">Wykonaj quiz<\/a><\/p>\n\t<h2>Projekt<\/h2>\n\t<h3>Cele<\/h3>\n\t<p>Projekt ma na celu opracowanie specjalistycznych szkole\u0144 z zakresu dost\u0119pno\u015bci cyfrowej i dost\u0119pnej platformy e-learningowej w celu poprawy wiedzy, umiej\u0119tno\u015bci i kompetencji r\u00f3\u017cnych grup kluczowych interesariuszy. Szkolenie jest zgodne ze standardami dost\u0119pno\u015bci sieci i umo\u017cliwia tw\u00f3rcom stron internetowych, projektantom, mened\u017cerom i innym osobom reagowanie na potrzeby os\u00f3b niepe\u0142nosprawnych wzrokowo, s\u0142uchowo, fizycznie lub poznawczo, a tak\u017ce os\u00f3b starszych.<\/p>\n\t<h3>Motywacja<\/h3>\n\t<p>Projekt jest bezpo\u015brednim wynikiem aktualnych potrzeb rynkowych, poniewa\u017c obecne programy nauczania w krajach partnerskich nie obejmuj\u0105 aspektu dost\u0119pno\u015bci w programach VET. W zwi\u0105zku z tym projekt koncentruje si\u0119 na kompetencjach trener\u00f3w VET, nauczycieli i mentor\u00f3w, wyposa\u017caj\u0105c ich w nowe narz\u0119dzia do zabezpieczania wynik\u00f3w proces\u00f3w uczenia si\u0119 w kszta\u0142ceniu i szkoleniu zawodowym, potwierdzaj\u0105c umiej\u0119tno\u015bci uczni\u00f3w i udost\u0119pniaj\u0105c je uczniom.<\/p>\n\t<h3>oczekiwane rezultaty<\/h3>\n\t<ul>\n<li><a href=\"https:\/\/digital-accessibility.eu\/about-the-project\/project-outputs\/\">Ramy umiej\u0119tno\u015bci w zakresie dost\u0119pno\u015bci cyfrowej i analiza r\u00f3l zawodowych<\/a><\/li>\n<li><a href=\"https:\/\/digital-accessibility.eu\/about-the-project\/project-outputs\/\">Program szkolenia i metodologia certyfikacji<\/a><\/li>\n<li><a href=\"https:\/\/digital-accessibility.eu\/training-modules\/\">Innowacyjne modu\u0142y szkoleniowe<\/a><\/li>\n<li><a href=\"http:\/\/digital-accessibility.eu\/learn\">Dost\u0119pna platforma e-learningowa<\/a><\/li>\n<\/ul>\n<h2>Czym jest dost\u0119pno\u015b\u0107 cyfrowa?<\/h2>\n<p>Dost\u0119pno\u015b\u0107 cyfrowa to zdolno\u015b\u0107 strony internetowej, aplikacji mobilnej lub dokumentu elektronicznego do \u0142atwego nawigowania i rozumienia przez wielu u\u017cytkownik\u00f3w, w tym u\u017cytkownik\u00f3w, kt\u00f3rzy maj\u0105 czasowe lub trwa\u0142e upo\u015bledzenia wzrokowe, s\u0142uchowe, ruchowe lub poznawcze.<\/p>\n<p><strong>Udost\u0119pnianie sieci przynosi korzy\u015bci osobom, firmom i spo\u0142ecze\u0144stwu<\/strong>.<\/p>\n\t<blockquote><p>Si\u0142a Internetu polega na jego uniwersalno\u015bci. Dost\u0119p dla ka\u017cdego niezale\u017cnie od niepe\u0142nosprawno\u015bci jest istotnym aspektem.<\/p><\/blockquote>\n<p><cite>Tim Berners-Lee, wynalazca World Wide Web<\/cite><\/p>\n\t<h2>Zacznij uczy\u0107 si\u0119 o dost\u0119pno\u015bci cyfrowej i pom\u00f3\u017c stworzy\u0107<br \/>\n<strong>STRON\u0118 INTERNETOW\u0104 DLA WSZYSTKICH<\/strong>.<\/h2>\n\t<h3>Na naszej platformie e-learningowej mo\u017cesz uzyska\u0107 dost\u0119p do<br \/>\nbezp\u0142atnych modu\u0142\u00f3w szkoleniowych dla:<\/h3>\n\t\t\t\t<img loading=\"lazy\" src=\"https:\/\/digital-accessibility.eu\/wp-content\/uploads\/2019\/03\/003-analysis-1.png\" alt=\"manager icon\" itemprop=\"image\" height=\"100\" width=\"100\" title=\"003-analysis-1\" onerror=\"this.style.display='none'\"  \/>\n\t<p><a href=\"https:\/\/digital-accessibility.eu\/training-modules#DA_Manager\">Mened\u017cer dost\u0119pno\u015bci cyfrowej<\/a><\/p>\n\t\t\t\t<img loading=\"lazy\" src=\"https:\/\/digital-accessibility.eu\/wp-content\/uploads\/2019\/03\/001-www-1.png\" alt=\"tester icon\" itemprop=\"image\" height=\"100\" width=\"100\" title=\"001-www-1\" onerror=\"this.style.display='none'\"  \/>\n\t<p><a href=\"https:\/\/digital-accessibility.eu\/training-modules#DA_Tester\">Tester dost\u0119pno\u015bci cyfrowej<\/a><\/p>\n\t\t\t\t<img loading=\"lazy\" src=\"https:\/\/digital-accessibility.eu\/wp-content\/uploads\/2019\/03\/005-tools-and-utensils-1.png\" alt=\"developer icon\" itemprop=\"image\" height=\"100\" width=\"100\" title=\"005-tools-and-utensils-1\" onerror=\"this.style.display='none'\"  \/>\n\t<p><a href=\"https:\/\/digital-accessibility.eu\/training-modules#DA_Developer\">Web Developer ze specjalistyczn\u0105 wiedz\u0105 w zakresie dost\u0119pno\u015bci cyfrowej<\/a><\/p>\n\t\t\t\t<img loading=\"lazy\" src=\"https:\/\/digital-accessibility.eu\/wp-content\/uploads\/2019\/03\/004-art-1.png\" alt=\"designer icon\" itemprop=\"image\" height=\"100\" width=\"100\" title=\"004-art-1\" onerror=\"this.style.display='none'\"  \/>\n\t<p><a href=\"https:\/\/digital-accessibility.eu\/training-modules#DA_Designer\">Web Designer ze specjalistyczn\u0105 wiedz\u0105 w zakresie dost\u0119pno\u015bci cyfrowej<\/a><\/p>\n\t<h2>Projekt Erasmus+<\/h2>\n<p>Ta strona internetowa i platforma e-learningowa s\u0105 wynikiem projektu Erasmus +, kt\u00f3ry rozpocz\u0105\u0142 si\u0119 w 2018 roku. Projekt zgromadzi\u0142 <strong>ekspert\u00f3w i organizacji edukacyjnych<\/strong> z wielu kraj\u00f3w europejskich. Przyczyniamy si\u0119 do lepszego dost\u0119pu do szkole\u0144 i kwalifikacji dla wszystkich, poprzez <strong>udost\u0119pnianie wszystkich materia\u0142\u00f3w i ich bezp\u0142atne pobieranie<\/strong> z portalu internetowego. Maj\u0105c to na uwadze, projekt b\u0119dzie mia\u0142 wp\u0142yw na <strong>w\u0142\u0105czenie spo\u0142eczne os\u00f3b niepe\u0142nosprawnych\u00a0<\/strong>poprzez promowanie i zach\u0119canie do uczenia si\u0119 o dost\u0119pnych sieciach i aplikacjach. Ponadto <strong>wzmocnimy rozw\u00f3j zawodowy<\/strong> trener\u00f3w, nauczycieli i innych os\u00f3b zainteresowanych tematem.<\/p>\n\t<h3>Partnerzy projektu<\/h3>\n\t<p>Instytut Zaawansowanego Zarz\u0105dzania Komunikacj\u0105<\/p>\n\t\t\t\t<a href=\"http:\/\/www.inuk.si\/en\/\" target=\"_blank\" rel=\"noopener\" itemprop=\"url\">\n\t\t\t\t<img loading=\"lazy\" src=\"https:\/\/digital-accessibility.eu\/wp-content\/uploads\/2019\/03\/INUK_logo-2.png\" alt=\"INUK logo\" itemprop=\"image\" height=\"200\" width=\"304\" title=\"Instytut INUK\" onerror=\"this.style.display='none'\"  \/>\n\t\t\t\t<\/a>\n\t<p>Wydzia\u0142 Elektrotechniki i Informatyki, Uniwersytet w Mariborze<\/p>\n\t\t\t\t<a href=\"https:\/\/feri.um.si\/en\/\" target=\"_blank\" rel=\"noopener\" itemprop=\"url\">\n\t\t\t\t<img loading=\"lazy\" src=\"https:\/\/digital-accessibility.eu\/wp-content\/uploads\/2019\/03\/logo-um-feri_en.png\" alt=\"UM FERI logo\" itemprop=\"image\" height=\"129\" width=\"221\" title=\"logo-um-feri_en\" onerror=\"this.style.display='none'\"  \/>\n\t\t\t\t<\/a>\n\t<p>Centre for Sustainable Development &#8220;HORIZONS&#8221;<\/p>\n\t\t\t\t<a href=\"http:\/\/centrumhoryzonty.pl\/en\/\" target=\"_blank\" rel=\"noopener\" itemprop=\"url\">\n\t\t\t\t<img loading=\"lazy\" src=\"https:\/\/digital-accessibility.eu\/wp-content\/uploads\/2019\/03\/Horizonty-744x198.png\" alt=\"Horizonty logo\" itemprop=\"image\" height=\"198\" width=\"744\" title=\"HORYZONTY\" onerror=\"this.style.display='none'\"  \/>\n\t\t\t\t<\/a>\n\t<p>Uniwersytet Przyrodniczo-Humanistyczny w Siedlcach<\/p>\n\t\t\t\t<a href=\"https:\/\/www.uph.edu.pl\/en\/\" target=\"_blank\" rel=\"noopener\" itemprop=\"url\">\n\t\t\t\t<img loading=\"lazy\" src=\"https:\/\/digital-accessibility.eu\/wp-content\/uploads\/2019\/03\/Siedlce_logo.png\" alt=\"Siedlce University logo\" itemprop=\"image\" height=\"130\" width=\"308\" title=\"Uniwersytet w Siedlcach\" onerror=\"this.style.display='none'\"  \/>\n\t\t\t\t<\/a>\n\t<p>Best Cybernetics<\/p>\n\t\t\t\t<a href=\"https:\/\/bestcybernetics.com\/en\/\" target=\"_blank\" rel=\"noopener\" itemprop=\"url\">\n\t\t\t\t<img loading=\"lazy\" src=\"https:\/\/digital-accessibility.eu\/wp-content\/uploads\/2019\/03\/best-cybernetics_logo.png\" alt=\"Best Cybernetics logo\" itemprop=\"image\" height=\"90\" width=\"529\" title=\"Best Cybernetics\" onerror=\"this.style.display='none'\"  \/>\n\t\t\t\t<\/a>\n\t<p>STP Consulting<\/p>\n\t\t\t\t<a href=\"http:\/\/stpeuropa.eu\/index2_en.html\" target=\"_blank\" rel=\"noopener\" itemprop=\"url\">\n\t\t\t\t<img loading=\"lazy\" src=\"https:\/\/digital-accessibility.eu\/wp-content\/uploads\/2019\/10\/stpeuropa.png\" alt=\"STP consulting logo\" itemprop=\"image\" height=\"180\" width=\"858\" title=\"stpeuropa\" onerror=\"this.style.display='none'\"  \/>\n\t\t\t\t<\/a>\n\t\t\t\t<img loading=\"lazy\" src=\"https:\/\/digital-accessibility.eu\/wp-content\/uploads\/2019\/10\/logosbeneficaireserasmusleft_en.jpg\" alt=\"Co funded by the Erasmus+ Programme of the European Union\" itemprop=\"image\" height=\"1039\" width=\"4726\" onerror=\"this.style.display='none'\"  \/>\n\t<h2>SKONTAKTUJ SI\u0118 Z NAMI<\/h2>\n<h3>Masz pytania? Ch\u0119tnie Ci pomo\u017cemy!<\/h3>\n\t<div role=\"form\" class=\"wpcf7\" id=\"wpcf7-f721-o1\" lang=\"en-US\" dir=\"ltr\">\n<div class=\"screen-reader-response\"><p role=\"status\" aria-live=\"polite\" aria-atomic=\"true\"><\/p> <ul><\/ul><\/div>\n<form action=\"\/pl\/wp-json\/wp\/v2\/pages\/968#wpcf7-f721-o1\" method=\"post\" class=\"wpcf7-form init wpcf7-acceptance-as-validation\" novalidate=\"novalidate\" data-status=\"init\" data-trp-original-action=\"\/pl\/wp-json\/wp\/v2\/pages\/968#wpcf7-f721-o1\">\n<div style=\"display: none;\">\n<input type=\"hidden\" name=\"_wpcf7\" value=\"721\" \/>\n<input type=\"hidden\" name=\"_wpcf7_version\" value=\"5.4.2\" \/>\n<input type=\"hidden\" name=\"_wpcf7_locale\" value=\"en_US\" \/>\n<input type=\"hidden\" name=\"_wpcf7_unit_tag\" value=\"wpcf7-f721-o1\" \/>\n<input type=\"hidden\" name=\"_wpcf7_container_post\" value=\"0\" \/>\n<input type=\"hidden\" name=\"_wpcf7_posted_data_hash\" value=\"\" \/>\n<input type=\"hidden\" name=\"_wpcf7_recaptcha_response\" value=\"\" \/>\n<\/div>\n<div class=\"one-half\">\n    <label for=\"your-name\"> Twoje Imi\u0119 (wymagane)<\/label><br \/>\n    <span class=\"wpcf7-form-control-wrap your-name\"><input type=\"text\" name=\"your-name\" value=\"\" size=\"40\" class=\"wpcf7-form-control wpcf7-text wpcf7-validates-as-required\" id=\"your-name\" aria-required=\"true\" aria-invalid=\"false\" \/><\/span>\n<\/div>\n<div class=\"one-half last\">\n    <label for=\"your-email\"> Tw\u00f3j Email (wymagany)<\/label><br \/>\n    <span class=\"wpcf7-form-control-wrap your-email\"><input type=\"email\" name=\"your-email\" value=\"\" size=\"40\" class=\"wpcf7-form-control wpcf7-text wpcf7-email wpcf7-validates-as-required wpcf7-validates-as-email\" id=\"your-email\" aria-required=\"true\" aria-invalid=\"false\" \/><\/span>\n<\/div>\n<p><label for=\"your-message\"> Twoja Wiadomo\u015b\u0107 <\/label><br \/>\n    <span class=\"wpcf7-form-control-wrap your-message\"><textarea name=\"your-message\" cols=\"40\" rows=\"3\" class=\"wpcf7-form-control wpcf7-textarea\" id=\"your-message\" aria-invalid=\"false\"><\/textarea><\/span><\/p>\n<p><span class=\"wpcf7-form-control-wrap opt-in\"><span class=\"wpcf7-form-control wpcf7-checkbox\"><span class=\"wpcf7-list-item first last\"><label><input type=\"checkbox\" name=\"opt-in[]\" value=\"Subscribe to project news.\" \/><span class=\"wpcf7-list-item-label\">Subskrybuj nowo\u015bci dotycz\u0105ce projektu<\/span><\/label><\/span><\/span><\/span>\n<\/p>\n<p class=\"acceptance\"><span class=\"wpcf7-form-control-wrap acceptance-consent\"><span class=\"wpcf7-form-control wpcf7-acceptance\"><span class=\"wpcf7-list-item\"><label><input type=\"checkbox\" name=\"acceptance-consent\" value=\"1\" aria-invalid=\"false\" id=\"acceptance-consent\" \/><span class=\"wpcf7-list-item-label\">Zgadzam si\u0119 z <a href=\"\/privacy-policy\">warunkami polityki prywatno\u015bci.<\/a>.<\/span><\/label><\/span><\/span><\/span>\n<\/p>\n<p>\n<input type=\"submit\" value=\"Wy\u015blij\" class=\"wpcf7-form-control wpcf7-submit\" \/><\/p>\n<div class=\"wpcf7-response-output\" aria-hidden=\"true\"><\/div><input type=\"hidden\" name=\"trp-form-language\" value=\"pl\"\/><\/form><\/div>","protected":false},"excerpt":{"rendered":"<div class=\"entry-summary\">\n<p>Cze\u015b\u0107 wszystkim! <br \/><\/br>We offer certified digital accessibility training on our fully WCAG 2.1 compliant web page that enables all users to interact with us. Enjoy the benefits of web accessibility and test your knowledge about this topic:<br \/><\/br><\/p>\n<p><a href=\"#\" class=\"button\">Take the quiz<\/a><\/p>\n<\/div>\n<div class=\"link-more\"><a href=\"https:\/\/digital-accessibility.eu\/pl\/\" class=\"more-link\"> Kontynuuj czytanie<\/a><\/div>","protected":false},"author":2,"featured_media":0,"parent":0,"menu_order":0,"comment_status":"closed","ping_status":"closed","template":"templates\/no-intro.php","meta":[],"yoast_head":"<!-- This site is optimized with the Yoast SEO plugin v17.9 - https:\/\/yoast.com\/wordpress\/plugins\/seo\/ -->\n<title>Certified Digital Accessibility Training &bull; Certified Digital Accessibility Training<\/title>\n<meta name=\"robots\" content=\"index, follow, max-snippet:-1, max-image-preview:large, max-video-preview:-1\" \/>\n<link rel=\"canonical\" href=\"https:\/\/digital-accessibility.eu\/pl\/\" \/>\n<meta property=\"og:locale\" content=\"pl_PL\" \/>\n<meta property=\"og:type\" content=\"article\" \/>\n<meta property=\"og:title\" content=\"Certified Digital Accessibility Training &bull; Certified Digital Accessibility Training\" \/>\n<meta property=\"og:description\" content=\"Hello to ALL! We offer certified digital accessibility training on our fully WCAG 2.1 compliant web page that enables all users to interact with us. Enjoy the benefits of web accessibility and test your knowledge about this topic:Take the quiz Kontynuuj czytanie\" \/>\n<meta property=\"og:url\" content=\"https:\/\/digital-accessibility.eu\/pl\/\" \/>\n<meta property=\"og:site_name\" content=\"Certified Digital Accessibility Training\" \/>\n<meta property=\"article:publisher\" content=\"https:\/\/www.facebook.com\/digitalaccessibilityproject\/\" \/>\n<meta property=\"article:modified_time\" content=\"2021-02-25T18:02:05+00:00\" \/>\n<meta property=\"og:image\" content=\"https:\/\/digital-accessibility.eu\/wp-content\/uploads\/2019\/03\/003-analysis-1.png\" \/>\n<meta name=\"twitter:card\" content=\"summary_large_image\" \/>\n<meta name=\"twitter:site\" content=\"@DigitalAccessib\" \/>\n<meta name=\"twitter:label1\" content=\"Szacowany czas czytania\" \/>\n\t<meta name=\"twitter:data1\" content=\"4 minuty\" \/>\n<script type=\"application\/ld+json\" class=\"yoast-schema-graph\">{\"@context\":\"https:\/\/schema.org\",\"@graph\":[{\"@type\":\"Organization\",\"@id\":\"https:\/\/digital-accessibility.eu\/#organization\",\"name\":\"Certified Digital Accessibility Training\",\"url\":\"https:\/\/digital-accessibility.eu\/\",\"sameAs\":[\"https:\/\/www.facebook.com\/digitalaccessibilityproject\/\",\"https:\/\/www.linkedin.com\/company\/e-digital-accessibility-project-certified-digital-accessibility-training\",\"https:\/\/twitter.com\/DigitalAccessib\"],\"logo\":{\"@type\":\"ImageObject\",\"@id\":\"https:\/\/digital-accessibility.eu\/#logo\",\"inLanguage\":\"pl-PL\",\"url\":\"https:\/\/digital-accessibility.eu\/wp-content\/uploads\/2019\/03\/Digital-Accessibility-medium.png\",\"contentUrl\":\"https:\/\/digital-accessibility.eu\/wp-content\/uploads\/2019\/03\/Digital-Accessibility-medium.png\",\"width\":400,\"height\":222,\"caption\":\"Certified Digital Accessibility Training\"},\"image\":{\"@id\":\"https:\/\/digital-accessibility.eu\/#logo\"}},{\"@type\":\"WebSite\",\"@id\":\"https:\/\/digital-accessibility.eu\/#website\",\"url\":\"https:\/\/digital-accessibility.eu\/\",\"name\":\"Certified Digital Accessibility Training\",\"description\":\"We offer certified digital accessibility training on our fully WCAG compliant web page that enables all users to interact with us.\",\"publisher\":{\"@id\":\"https:\/\/digital-accessibility.eu\/#organization\"},\"potentialAction\":[{\"@type\":\"SearchAction\",\"target\":{\"@type\":\"EntryPoint\",\"urlTemplate\":\"https:\/\/digital-accessibility.eu\/?s={search_term_string}\"},\"query-input\":\"required name=search_term_string\"}],\"inLanguage\":\"pl-PL\"},{\"@type\":\"ImageObject\",\"@id\":\"https:\/\/digital-accessibility.eu\/#primaryimage\",\"inLanguage\":\"pl-PL\",\"url\":\"https:\/\/digital-accessibility.eu\/wp-content\/uploads\/2019\/03\/003-analysis-1.png\",\"contentUrl\":\"https:\/\/digital-accessibility.eu\/wp-content\/uploads\/2019\/03\/003-analysis-1.png\",\"width\":100,\"height\":100,\"caption\":\"manager icon\"},{\"@type\":\"WebPage\",\"@id\":\"https:\/\/digital-accessibility.eu\/#webpage\",\"url\":\"https:\/\/digital-accessibility.eu\/\",\"name\":\"Certified Digital Accessibility Training &bull; Certified Digital Accessibility Training\",\"isPartOf\":{\"@id\":\"https:\/\/digital-accessibility.eu\/#website\"},\"primaryImageOfPage\":{\"@id\":\"https:\/\/digital-accessibility.eu\/#primaryimage\"},\"datePublished\":\"2019-07-18T09:46:18+00:00\",\"dateModified\":\"2021-02-25T18:02:05+00:00\",\"breadcrumb\":{\"@id\":\"https:\/\/digital-accessibility.eu\/#breadcrumb\"},\"inLanguage\":\"pl-PL\",\"potentialAction\":[{\"@type\":\"ReadAction\",\"target\":[\"https:\/\/digital-accessibility.eu\/\"]}]},{\"@type\":\"BreadcrumbList\",\"@id\":\"https:\/\/digital-accessibility.eu\/#breadcrumb\",\"itemListElement\":[{\"@type\":\"ListItem\",\"position\":1,\"name\":\"Home\",\"item\":\"https:\/\/digital-accessibility.eu\/\"},{\"@type\":\"ListItem\",\"position\":2,\"name\":\"Certified Digital Accessibility Training\"}]}]}<\/script>\n<!-- \/ Yoast SEO plugin. -->","yoast_head_json":{"title":"Certified Digital Accessibility Training &bull; Certified Digital Accessibility Training","robots":{"index":"index","follow":"follow","max-snippet":"max-snippet:-1","max-image-preview":"max-image-preview:large","max-video-preview":"max-video-preview:-1"},"canonical":"https:\/\/digital-accessibility.eu\/pl\/","og_locale":"pl_PL","og_type":"article","og_title":"Certified Digital Accessibility Training &bull; Certified Digital Accessibility Training","og_description":"Hello to ALL! We offer certified digital accessibility training on our fully WCAG 2.1 compliant web page that enables all users to interact with us. Enjoy the benefits of web accessibility and test your knowledge about this topic:Take the quiz Kontynuuj czytanie","og_url":"https:\/\/digital-accessibility.eu\/pl\/","og_site_name":"Certified Digital Accessibility Training","article_publisher":"https:\/\/www.facebook.com\/digitalaccessibilityproject\/","article_modified_time":"2021-02-25T18:02:05+00:00","og_image":[{"url":"https:\/\/digital-accessibility.eu\/wp-content\/uploads\/2019\/03\/003-analysis-1.png"}],"twitter_card":"summary_large_image","twitter_site":"@DigitalAccessib","twitter_misc":{"Szacowany czas czytania":"4 minuty"},"schema":{"@context":"https:\/\/schema.org","@graph":[{"@type":"Organization","@id":"https:\/\/digital-accessibility.eu\/#organization","name":"Certified Digital Accessibility Training","url":"https:\/\/digital-accessibility.eu\/","sameAs":["https:\/\/www.facebook.com\/digitalaccessibilityproject\/","https:\/\/www.linkedin.com\/company\/e-digital-accessibility-project-certified-digital-accessibility-training","https:\/\/twitter.com\/DigitalAccessib"],"logo":{"@type":"ImageObject","@id":"https:\/\/digital-accessibility.eu\/#logo","inLanguage":"pl-PL","url":"https:\/\/digital-accessibility.eu\/wp-content\/uploads\/2019\/03\/Digital-Accessibility-medium.png","contentUrl":"https:\/\/digital-accessibility.eu\/wp-content\/uploads\/2019\/03\/Digital-Accessibility-medium.png","width":400,"height":222,"caption":"Certified Digital Accessibility Training"},"image":{"@id":"https:\/\/digital-accessibility.eu\/#logo"}},{"@type":"WebSite","@id":"https:\/\/digital-accessibility.eu\/#website","url":"https:\/\/digital-accessibility.eu\/","name":"Certified Digital Accessibility Training","description":"We offer certified digital accessibility training on our fully WCAG compliant web page that enables all users to interact with us.","publisher":{"@id":"https:\/\/digital-accessibility.eu\/#organization"},"potentialAction":[{"@type":"SearchAction","target":{"@type":"EntryPoint","urlTemplate":"https:\/\/digital-accessibility.eu\/?s={search_term_string}"},"query-input":"required name=search_term_string"}],"inLanguage":"pl-PL"},{"@type":"ImageObject","@id":"https:\/\/digital-accessibility.eu\/#primaryimage","inLanguage":"pl-PL","url":"https:\/\/digital-accessibility.eu\/wp-content\/uploads\/2019\/03\/003-analysis-1.png","contentUrl":"https:\/\/digital-accessibility.eu\/wp-content\/uploads\/2019\/03\/003-analysis-1.png","width":100,"height":100,"caption":"manager icon"},{"@type":"WebPage","@id":"https:\/\/digital-accessibility.eu\/#webpage","url":"https:\/\/digital-accessibility.eu\/","name":"Certified Digital Accessibility Training &bull; Certified Digital Accessibility Training","isPartOf":{"@id":"https:\/\/digital-accessibility.eu\/#website"},"primaryImageOfPage":{"@id":"https:\/\/digital-accessibility.eu\/#primaryimage"},"datePublished":"2019-07-18T09:46:18+00:00","dateModified":"2021-02-25T18:02:05+00:00","breadcrumb":{"@id":"https:\/\/digital-accessibility.eu\/#breadcrumb"},"inLanguage":"pl-PL","potentialAction":[{"@type":"ReadAction","target":["https:\/\/digital-accessibility.eu\/"]}]},{"@type":"BreadcrumbList","@id":"https:\/\/digital-accessibility.eu\/#breadcrumb","itemListElement":[{"@type":"ListItem","position":1,"name":"Home","item":"https:\/\/digital-accessibility.eu\/"},{"@type":"ListItem","position":2,"name":"Certified Digital Accessibility Training"}]}]}},"_links":{"self":[{"href":"https:\/\/digital-accessibility.eu\/pl\/wp-json\/wp\/v2\/pages\/968"}],"collection":[{"href":"https:\/\/digital-accessibility.eu\/pl\/wp-json\/wp\/v2\/pages"}],"about":[{"href":"https:\/\/digital-accessibility.eu\/pl\/wp-json\/wp\/v2\/types\/page"}],"author":[{"embeddable":true,"href":"https:\/\/digital-accessibility.eu\/pl\/wp-json\/wp\/v2\/users\/2"}],"replies":[{"embeddable":true,"href":"https:\/\/digital-accessibility.eu\/pl\/wp-json\/wp\/v2\/comments?post=968"}],"version-history":[{"count":55,"href":"https:\/\/digital-accessibility.eu\/pl\/wp-json\/wp\/v2\/pages\/968\/revisions"}],"predecessor-version":[{"id":9722,"href":"https:\/\/digital-accessibility.eu\/pl\/wp-json\/wp\/v2\/pages\/968\/revisions\/9722"}],"wp:attachment":[{"href":"https:\/\/digital-accessibility.eu\/pl\/wp-json\/wp\/v2\/media?parent=968"}],"curies":[{"name":"wp","href":"https:\/\/api.w.org\/{rel}","templated":true}]}}