{"id":1866,"date":"2020-01-20T10:02:08","date_gmt":"2020-01-20T10:02:08","guid":{"rendered":"http:\/\/digital-accessibility.eu\/?page_id=1866"},"modified":"2021-02-22T11:28:21","modified_gmt":"2021-02-22T11:28:21","slug":"subscribe-to-newsletter","status":"publish","type":"page","link":"https:\/\/digital-accessibility.eu\/pl\/subscribe-to-newsletter\/","title":{"rendered":"Subscribe to news"},"content":{"rendered":"<h2>Subskrybuj nowo\u015bci dotycz\u0105ce projektu<\/h2>\n<h4>Poznaj\u00a0<strong>aktualne wyzwania i standardy zwi\u0105zane z dost\u0119pno\u015bci\u0105 cyfrow\u0105<\/strong>, otrzymuj regularnie\u00a0<strong>aktualizacje projektu<\/strong> i informacje o naszych\u00a0<strong>kursach na temat dost\u0119pno\u015bci cyfrowej<\/strong>!<\/h4>\n\t<div role=\"form\" class=\"wpcf7\" id=\"wpcf7-f1865-o1\" lang=\"en-US\" dir=\"ltr\">\n<div class=\"screen-reader-response\"><p role=\"status\" aria-live=\"polite\" aria-atomic=\"true\"><\/p> <ul><\/ul><\/div>\n<form action=\"\/pl\/wp-json\/wp\/v2\/pages\/1866#wpcf7-f1865-o1\" method=\"post\" class=\"wpcf7-form init wpcf7-acceptance-as-validation\" novalidate=\"novalidate\" data-status=\"init\" data-trp-original-action=\"\/pl\/wp-json\/wp\/v2\/pages\/1866#wpcf7-f1865-o1\">\n<div style=\"display: none;\">\n<input type=\"hidden\" name=\"_wpcf7\" value=\"1865\" \/>\n<input type=\"hidden\" name=\"_wpcf7_version\" value=\"5.4.2\" \/>\n<input type=\"hidden\" name=\"_wpcf7_locale\" value=\"en_US\" \/>\n<input type=\"hidden\" name=\"_wpcf7_unit_tag\" value=\"wpcf7-f1865-o1\" \/>\n<input type=\"hidden\" name=\"_wpcf7_container_post\" value=\"0\" \/>\n<input type=\"hidden\" name=\"_wpcf7_posted_data_hash\" value=\"\" \/>\n<input type=\"hidden\" name=\"_wpcf7_recaptcha_response\" value=\"\" \/>\n<\/div>\n<div class=\"one-half\">\n    <label for=\"your-name\"> Twoje Imi\u0119 (wymagane)<\/label><br \/>\n    <span class=\"wpcf7-form-control-wrap your-name\"><input type=\"text\" name=\"your-name\" value=\"\" size=\"40\" class=\"wpcf7-form-control wpcf7-text wpcf7-validates-as-required\" id=\"your-name\" aria-required=\"true\" aria-invalid=\"false\" \/><\/span>\n<\/div>\n<div class=\"one-half last\">\n    <label for=\"your-email\"> Tw\u00f3j Email (wymagany)<\/label><br \/>\n    <span class=\"wpcf7-form-control-wrap your-email\"><input type=\"email\" name=\"your-email\" value=\"\" size=\"40\" class=\"wpcf7-form-control wpcf7-text wpcf7-email wpcf7-validates-as-required wpcf7-validates-as-email\" id=\"your-email\" aria-required=\"true\" aria-invalid=\"false\" \/><\/span>\n<\/div>\n<p class=\"acceptance\"><span class=\"wpcf7-form-control-wrap acceptance-consent\"><span class=\"wpcf7-form-control wpcf7-acceptance\"><span class=\"wpcf7-list-item\"><label><input type=\"checkbox\" name=\"acceptance-consent\" value=\"1\" aria-invalid=\"false\" id=\"acceptance-consent\" \/><span class=\"wpcf7-list-item-label\">Zgadzam si\u0119 z <a href=\"\/privacy-policy\">warunkami polityki prywatno\u015bci.<\/a>.<\/span><\/label><\/span><\/span><\/span>\n<\/p>\n<p><input type=\"submit\" value=\"Wy\u015blij\" class=\"wpcf7-form-control wpcf7-submit\" \/><\/p>\n<div class=\"wpcf7-response-output\" aria-hidden=\"true\"><\/div><input type=\"hidden\" name=\"trp-form-language\" value=\"pl\"\/><\/form><\/div>","protected":false},"excerpt":{"rendered":"<div class=\"entry-summary\">\nSubscribe to project news Learn about\u00a0current digital accessibility challenges and standards, get regular\u00a0project updates and information about our\u00a0courses on digital accessibility!\n<\/div>\n<div class=\"link-more\"><a href=\"https:\/\/digital-accessibility.eu\/pl\/subscribe-to-newsletter\/\" class=\"more-link\"> Kontynuuj czytanie<\/a><\/div>","protected":false},"author":2,"featured_media":0,"parent":0,"menu_order":0,"comment_status":"closed","ping_status":"closed","template":"templates\/no-intro.php","meta":[],"yoast_head":"<!-- This site is optimized with the Yoast SEO plugin v17.9 - https:\/\/yoast.com\/wordpress\/plugins\/seo\/ -->\n<title>Subscribe to news &bull; Certified Digital Accessibility Training<\/title>\n<meta name=\"robots\" content=\"index, follow, max-snippet:-1, max-image-preview:large, max-video-preview:-1\" \/>\n<link rel=\"canonical\" href=\"https:\/\/digital-accessibility.eu\/pl\/subscribe-to-newsletter\/\" \/>\n<meta property=\"og:locale\" content=\"pl_PL\" \/>\n<meta property=\"og:type\" content=\"article\" \/>\n<meta property=\"og:title\" content=\"Subscribe to news &bull; Certified Digital Accessibility Training\" \/>\n<meta property=\"og:description\" content=\"Subscribe to project news Learn about\u00a0current digital accessibility challenges and standards, get regular\u00a0project updates and information about our\u00a0courses on digital accessibility! Kontynuuj czytanie\" \/>\n<meta property=\"og:url\" content=\"https:\/\/digital-accessibility.eu\/pl\/subscribe-to-newsletter\/\" \/>\n<meta property=\"og:site_name\" content=\"Certified Digital Accessibility Training\" \/>\n<meta property=\"article:publisher\" content=\"https:\/\/www.facebook.com\/digitalaccessibilityproject\/\" \/>\n<meta property=\"article:modified_time\" content=\"2021-02-22T11:28:21+00:00\" \/>\n<meta name=\"twitter:card\" content=\"summary_large_image\" \/>\n<meta name=\"twitter:site\" content=\"@DigitalAccessib\" \/>\n<meta name=\"twitter:label1\" content=\"Szacowany czas czytania\" \/>\n\t<meta name=\"twitter:data1\" content=\"1 minuta\" \/>\n<script type=\"application\/ld+json\" class=\"yoast-schema-graph\">{\"@context\":\"https:\/\/schema.org\",\"@graph\":[{\"@type\":\"Organization\",\"@id\":\"https:\/\/digital-accessibility.eu\/#organization\",\"name\":\"Certified Digital Accessibility Training\",\"url\":\"https:\/\/digital-accessibility.eu\/\",\"sameAs\":[\"https:\/\/www.facebook.com\/digitalaccessibilityproject\/\",\"https:\/\/www.linkedin.com\/company\/e-digital-accessibility-project-certified-digital-accessibility-training\",\"https:\/\/twitter.com\/DigitalAccessib\"],\"logo\":{\"@type\":\"ImageObject\",\"@id\":\"https:\/\/digital-accessibility.eu\/#logo\",\"inLanguage\":\"pl-PL\",\"url\":\"https:\/\/digital-accessibility.eu\/wp-content\/uploads\/2019\/03\/Digital-Accessibility-medium.png\",\"contentUrl\":\"https:\/\/digital-accessibility.eu\/wp-content\/uploads\/2019\/03\/Digital-Accessibility-medium.png\",\"width\":400,\"height\":222,\"caption\":\"Certified Digital Accessibility Training\"},\"image\":{\"@id\":\"https:\/\/digital-accessibility.eu\/#logo\"}},{\"@type\":\"WebSite\",\"@id\":\"https:\/\/digital-accessibility.eu\/#website\",\"url\":\"https:\/\/digital-accessibility.eu\/\",\"name\":\"Certified Digital Accessibility Training\",\"description\":\"We offer certified digital accessibility training on our fully WCAG compliant web page that enables all users to interact with us.\",\"publisher\":{\"@id\":\"https:\/\/digital-accessibility.eu\/#organization\"},\"potentialAction\":[{\"@type\":\"SearchAction\",\"target\":{\"@type\":\"EntryPoint\",\"urlTemplate\":\"https:\/\/digital-accessibility.eu\/?s={search_term_string}\"},\"query-input\":\"required name=search_term_string\"}],\"inLanguage\":\"pl-PL\"},{\"@type\":\"WebPage\",\"@id\":\"https:\/\/digital-accessibility.eu\/subscribe-to-newsletter\/#webpage\",\"url\":\"https:\/\/digital-accessibility.eu\/subscribe-to-newsletter\/\",\"name\":\"Subscribe to news &bull; Certified Digital Accessibility Training\",\"isPartOf\":{\"@id\":\"https:\/\/digital-accessibility.eu\/#website\"},\"datePublished\":\"2020-01-20T10:02:08+00:00\",\"dateModified\":\"2021-02-22T11:28:21+00:00\",\"breadcrumb\":{\"@id\":\"https:\/\/digital-accessibility.eu\/subscribe-to-newsletter\/#breadcrumb\"},\"inLanguage\":\"pl-PL\",\"potentialAction\":[{\"@type\":\"ReadAction\",\"target\":[\"https:\/\/digital-accessibility.eu\/subscribe-to-newsletter\/\"]}]},{\"@type\":\"BreadcrumbList\",\"@id\":\"https:\/\/digital-accessibility.eu\/subscribe-to-newsletter\/#breadcrumb\",\"itemListElement\":[{\"@type\":\"ListItem\",\"position\":1,\"name\":\"Home\",\"item\":\"https:\/\/digital-accessibility.eu\/\"},{\"@type\":\"ListItem\",\"position\":2,\"name\":\"Subscribe to news\"}]}]}<\/script>\n<!-- \/ Yoast SEO plugin. -->","yoast_head_json":{"title":"Subscribe to news &bull; Certified Digital Accessibility Training","robots":{"index":"index","follow":"follow","max-snippet":"max-snippet:-1","max-image-preview":"max-image-preview:large","max-video-preview":"max-video-preview:-1"},"canonical":"https:\/\/digital-accessibility.eu\/pl\/subscribe-to-newsletter\/","og_locale":"pl_PL","og_type":"article","og_title":"Subscribe to news &bull; Certified Digital Accessibility Training","og_description":"Subscribe to project news Learn about\u00a0current digital accessibility challenges and standards, get regular\u00a0project updates and information about our\u00a0courses on digital accessibility! Kontynuuj czytanie","og_url":"https:\/\/digital-accessibility.eu\/pl\/subscribe-to-newsletter\/","og_site_name":"Certified Digital Accessibility Training","article_publisher":"https:\/\/www.facebook.com\/digitalaccessibilityproject\/","article_modified_time":"2021-02-22T11:28:21+00:00","twitter_card":"summary_large_image","twitter_site":"@DigitalAccessib","twitter_misc":{"Szacowany czas czytania":"1 minuta"},"schema":{"@context":"https:\/\/schema.org","@graph":[{"@type":"Organization","@id":"https:\/\/digital-accessibility.eu\/#organization","name":"Certified Digital Accessibility Training","url":"https:\/\/digital-accessibility.eu\/","sameAs":["https:\/\/www.facebook.com\/digitalaccessibilityproject\/","https:\/\/www.linkedin.com\/company\/e-digital-accessibility-project-certified-digital-accessibility-training","https:\/\/twitter.com\/DigitalAccessib"],"logo":{"@type":"ImageObject","@id":"https:\/\/digital-accessibility.eu\/#logo","inLanguage":"pl-PL","url":"https:\/\/digital-accessibility.eu\/wp-content\/uploads\/2019\/03\/Digital-Accessibility-medium.png","contentUrl":"https:\/\/digital-accessibility.eu\/wp-content\/uploads\/2019\/03\/Digital-Accessibility-medium.png","width":400,"height":222,"caption":"Certified Digital Accessibility Training"},"image":{"@id":"https:\/\/digital-accessibility.eu\/#logo"}},{"@type":"WebSite","@id":"https:\/\/digital-accessibility.eu\/#website","url":"https:\/\/digital-accessibility.eu\/","name":"Certified Digital Accessibility Training","description":"We offer certified digital accessibility training on our fully WCAG compliant web page that enables all users to interact with us.","publisher":{"@id":"https:\/\/digital-accessibility.eu\/#organization"},"potentialAction":[{"@type":"SearchAction","target":{"@type":"EntryPoint","urlTemplate":"https:\/\/digital-accessibility.eu\/?s={search_term_string}"},"query-input":"required name=search_term_string"}],"inLanguage":"pl-PL"},{"@type":"WebPage","@id":"https:\/\/digital-accessibility.eu\/subscribe-to-newsletter\/#webpage","url":"https:\/\/digital-accessibility.eu\/subscribe-to-newsletter\/","name":"Subscribe to news &bull; Certified Digital Accessibility Training","isPartOf":{"@id":"https:\/\/digital-accessibility.eu\/#website"},"datePublished":"2020-01-20T10:02:08+00:00","dateModified":"2021-02-22T11:28:21+00:00","breadcrumb":{"@id":"https:\/\/digital-accessibility.eu\/subscribe-to-newsletter\/#breadcrumb"},"inLanguage":"pl-PL","potentialAction":[{"@type":"ReadAction","target":["https:\/\/digital-accessibility.eu\/subscribe-to-newsletter\/"]}]},{"@type":"BreadcrumbList","@id":"https:\/\/digital-accessibility.eu\/subscribe-to-newsletter\/#breadcrumb","itemListElement":[{"@type":"ListItem","position":1,"name":"Home","item":"https:\/\/digital-accessibility.eu\/"},{"@type":"ListItem","position":2,"name":"Subscribe to news"}]}]}},"_links":{"self":[{"href":"https:\/\/digital-accessibility.eu\/pl\/wp-json\/wp\/v2\/pages\/1866"}],"collection":[{"href":"https:\/\/digital-accessibility.eu\/pl\/wp-json\/wp\/v2\/pages"}],"about":[{"href":"https:\/\/digital-accessibility.eu\/pl\/wp-json\/wp\/v2\/types\/page"}],"author":[{"embeddable":true,"href":"https:\/\/digital-accessibility.eu\/pl\/wp-json\/wp\/v2\/users\/2"}],"replies":[{"embeddable":true,"href":"https:\/\/digital-accessibility.eu\/pl\/wp-json\/wp\/v2\/comments?post=1866"}],"version-history":[{"count":10,"href":"https:\/\/digital-accessibility.eu\/pl\/wp-json\/wp\/v2\/pages\/1866\/revisions"}],"predecessor-version":[{"id":9700,"href":"https:\/\/digital-accessibility.eu\/pl\/wp-json\/wp\/v2\/pages\/1866\/revisions\/9700"}],"wp:attachment":[{"href":"https:\/\/digital-accessibility.eu\/pl\/wp-json\/wp\/v2\/media?parent=1866"}],"curies":[{"name":"wp","href":"https:\/\/api.w.org\/{rel}","templated":true}]}}