{"id":1324,"date":"2019-11-05T18:47:53","date_gmt":"2019-11-05T18:47:53","guid":{"rendered":"http:\/\/digital-accessibility.eu\/?page_id=1324"},"modified":"2020-08-27T09:22:25","modified_gmt":"2020-08-27T09:22:25","slug":"project-partners","status":"publish","type":"page","link":"https:\/\/digital-accessibility.eu\/pl\/about-the-project\/project-partners\/","title":{"rendered":"Partnerzy projektu"},"content":{"rendered":"<h2>Partnerzy projektu<\/h2>\n<h3>\n\t\t<a href=\"http:\/\/www.inuk.si\/\" title=\"INUK Instytut Zaawansowanego Zarz\u0105dzania Komunikacj\u0105 (Instytut INUK)\" target=\"_blank\" rel=\"noopener noreferrer\">\n\t\tINUK Instytut Zaawansowanego Zarz\u0105dzania Komunikacj\u0105 (Instytut INUK)\n\t\t<\/a>\n\t<\/h3>\n\t<p>Instytut INUK jest organizacj\u0105 non-profit zajmuj\u0105c\u0105 si\u0119 badaniami i szkoleniami, koncentruj\u0105c\u0105 si\u0119 na opracowywaniu i promowaniu nowoczesnych modeli i strategii komunikacji, kt\u00f3re wspieraj\u0105 gospodark\u0119 wsp\u00f3lnych warto\u015bci, wzmacniaj\u0105 spo\u0142eczno\u015bci i ich integracj\u0119. Instytut oferuje r\u00f3\u017cnorodne szkolenia i us\u0142ugi doradcze dla r\u00f3\u017cnych organizacji i os\u00f3b, g\u0142\u00f3wnie w zakresie korzystania z medi\u00f3w spo\u0142eczno\u015bciowych i nowych technologii w komunikacji biznesowej, edukacji i anga\u017cowaniu spo\u0142eczno\u015bci. <\/p>\n\t\t\t\t<img loading=\"lazy\" src=\"http:\/\/digital-accessibility.eu\/wp-content\/uploads\/2019\/11\/inuk.png\" alt=\"INUK logo\" itemprop=\"image\" height=\"315\" width=\"423\" title=\"inuk\" onerror=\"this.style.display='none'\"  \/>\n\t\t\t\t<img loading=\"lazy\" src=\"http:\/\/digital-accessibility.eu\/wp-content\/uploads\/2019\/11\/cybernetics.png\" alt=\"BestCybernetics logo\" itemprop=\"image\" height=\"650\" width=\"650\" title=\"cybernetics\" onerror=\"this.style.display='none'\"  \/>\n<h3>\n\t\t<a href=\"https:\/\/bestcybernetics.com\" title=\"Best Cybernetics\" target=\"_blank\" rel=\"noopener noreferrer\">\n\t\tBest Cybernetics\n\t\t<\/a>\n\t<\/h3>\n\t<p>Best Cybernetics to prywatna firma za\u0142o\u017cona w 2009 roku, zajmuj\u0105ca si\u0119 oprogramowaniem, doradztwem i szkoleniami. Firma opracowuje programy dotyczace zastosowania technologii informacyjnych i komunikacyjnych (TIK) w sektorach edukacji, szkole\u0144 i biznesu. Specjalizuje si\u0119 w projektowaniu i rozwoju aplikacji internetowych, mobilnych i multimedialnych, zapewniaj\u0105cych pe\u0142en cykl us\u0142ug. (projektowanie, wdra\u017canie, utrzymanie). Firma ma do\u015bwiadczenie w projektowaniu i rozwoju zintegrowanych system\u00f3w, w tym \u015brodowisk frontendowych i backendowych, kt\u00f3re dzia\u0142aj\u0105 na szerokiej gamie urz\u0105dze\u0144 (od monitor\u00f3w komputerowych do urz\u0105dze\u0144 mobilnych), zaprojektowanych do obs\u0142ugi systemu zarz\u0105dzania tre\u015bci\u0105 (CMS), systemu zarz\u0105dzania baz\u0105 danych, po\u0142\u0105cze\u0144 z technologiami w chmurze, grup u\u017cytkownik\u00f3w itp. Posiada r\u00f3wnie\u017c du\u017c\u0105 wiedz\u0119 w zakresie projektowania oprogramowania edukacyjnego poprzez dostosowywanie platform elektronicznych, organizowanie kurs\u00f3w elektronicznych, projektowanie i rozw\u00f3j tre\u015bci szkoleniowych online, tworzenie tre\u015bci multimedialnych i promowanie wirtualnych spo\u0142eczno\u015bci praktyk\u00f3w.<\/p>\n<h3>\n\t\t<a href=\"www.inuk.si\" title=\"HORYZONTY\" target=\"_blank\" rel=\"noopener noreferrer\">\n\t\tHORYZONTY\n\t\t<\/a>\n\t<\/h3>\n\t<p>The Centre for Sustainable Development \u201eHORIZONS\u201d (Centrum Zr\u00f3wnowa\u017conego Rozwoju \u201cHORYZONTY\u201d) is a Polish non-governmental organization, registered in the National Court Register and operating since 2012. The mission of HORIZONS is to work for the ideas of sustainable development, which expresses itself in various and diverse forms of activities. The Centre initiates, implements and supports educational and research projects that are aiming towards improving the condition of the natural environment and development of civic society. Organization members participate in local, national and international initiatives that aim to improve the quality of life of people while maintaining the natural environment and rational usage of natural resources. Organization&#8217;s goals include: acting for and advocating of entrepreneurship, corporate social responsibility, informal education, various forms of lifelong learning, sport, culture, and arts, as well as health protection, acting for the public good in the field of environment protection and acting for development of democracy and civic society.<\/p>\n\t\t\t\t<a href=\"http:\/\/centrumhoryzonty.pl\" target=\"_blank\" rel=\"noopener noreferrer\" itemprop=\"url\">\n\t\t\t\t<img loading=\"lazy\" src=\"http:\/\/digital-accessibility.eu\/wp-content\/uploads\/2019\/12\/Horyzonty_.png\" alt=\"Horyzonty_\" itemprop=\"image\" height=\"315\" width=\"602\" title=\"Horyzonty_\" onerror=\"this.style.display='none'\"  \/>\n\t\t\t\t<\/a>\n\t\t\t\t<a href=\"http:\/\/www.stpeuropa.eu\/\" target=\"_blank\" rel=\"noopener noreferrer\" itemprop=\"url\">\n\t\t\t\t<img loading=\"lazy\" src=\"http:\/\/digital-accessibility.eu\/wp-content\/uploads\/2019\/10\/stpeuropa.png\" alt=\"STP consulting logo\" itemprop=\"image\" height=\"180\" width=\"858\" title=\"stpeuropa\" onerror=\"this.style.display='none'\"  \/>\n\t\t\t\t<\/a>\n<h3>\n\t\t<a href=\"http:\/\/www.stpeuropa.eu\/\" title=\"STP CONSULTING\" target=\"_blank\" rel=\"noopener noreferrer\">\n\t\tSTP CONSULTING\n\t\t<\/a>\n\t<\/h3>\n\t<p>STP Consulting - Profesjonalne Rozwi\u0105zania Szkoleniowe (STP Consulting), to centrum szkoleniowe zlokalizowane w Saragossie (Hiszpania), oferuj\u0105ce szkolenia i wsparcie techniczne dla prywatnych firm, administracji publicznej na obszarach wiejskich, szk\u00f3\u0142, organizacji pozarz\u0105dowych i inkubator\u00f3w przedsi\u0119biorczo\u015bci w zakresie innowacji w tych obszarach sektora edukacji oraz w zakresie profesjonalnych rozwi\u0105za\u0144 dla sektora non-profit. Us\u0142ugi oferowane przez centrum przyczyniaj\u0105 si\u0119 do uzyskiwania kwalifikacji do pracy w r\u00f3\u017cnych zawodach, z zapewnieniem dost\u0119pno\u015bci do innowacji i informacji dla ludzi i spo\u0142eczno\u015bci defaworyzowanych lub zagro\u017conych wykluczeniem spo\u0142ecznym. G\u0142\u00f3wnym dzia\u0142aniem jest poprawa standard\u00f3w edukacyjnych, spo\u0142ecznych i kulturowych poprzez intensywn\u0105 wsp\u00f3\u0142prac\u0119 z innymi regionami UE. Dlatego STP jest bardzo aktywne w opracowywaniu i wdra\u017caniu szkole\u0144 og\u00f3lnych \/ zawodowych, a tak\u017ce we wdra\u017caniu i promowaniu projekt\u00f3w UE dotycz\u0105cych edukacji, kultury i spo\u0142ecze\u0144stwa.<\/p>\n<h3>\n\t\t<a href=\"https:\/\/feri.um.si\/en\/\" title=\"Uniwersytet w Mariborze, Wydzia\u0142 Elektrotechniki i Informatyki (UM FERI)\" target=\"_blank\" rel=\"noopener noreferrer\">\n\t\tUniwersytet w Mariborze, Wydzia\u0142 Elektrotechniki i Informatyki (UM FERI)\n\t\t<\/a>\n\t<\/h3>\n\t<p>Zatrudniaj\u0105cy ponad 200 zarejestrowanych naukowc\u00f3w, 50 technik\u00f3w i 2500 student\u00f3w, UM FERI jest jedn\u0105 z wiod\u0105cych instytucji edukacyjnych i badawczych w dziedzinie elektrotechniki i informatyki w Europie Po\u0142udniowo-Wschodniej.<\/p>\n<p>UM FERI zapewnia studentom wiedz\u0119 opart\u0105 na uznanych mi\u0119dzynarodowych badaniach naukowych, umo\u017cliwiaj\u0105c im z powodzeniem integracj\u0119 z przysz\u0142ymi \u015brodowiskami pracy w S\u0142owenii i \/ lub za granic\u0105.<\/p>\n<p>Badania naukowa s\u0105 uznawane jako istotna dzia\u0142alno\u015b\u0107 UM FERI wzmacniaj\u0105ca uznan\u0105 pozycj\u0119 na arenie mi\u0119dzynarodowej uniwersyteckich instytucji edukacyjnych i badawczych. Dzia\u0142ania badawcze prowadzone s\u0105 w 8 instytutach z 26 laboratoriami. W tych instytucjach dzia\u0142a w dziedzinie elektrotechniki, informatyki, technologii informacyjnej, komunikacji, medi\u00f3w, telekomunikacji i mechatroniki.<\/p>\n<p>UM FERI jest obecnie zaanga\u017cowany w ponad 30 projekt\u00f3w finansowanych ze \u015brodk\u00f3w UE (H2020, Interreg i inne), NATO oraz Marynarki wojennej USA oraz 20 krajowych projekt\u00f3w badawczych i 50 projekt\u00f3w finansowanych przez naszych globalnych partner\u00f3w przemys\u0142owych.<\/p>\n<p>Jednym z 8 instytut\u00f3w FERI jest Instytut Informatyki, w kt\u00f3rym prace badawczo-rozwojowe ukierunkowane s\u0105 na ca\u0142o\u015bciowy rozw\u00f3j system\u00f3w informatycznych (IS) i us\u0142ug. Aspekty rozwoju SI dotycz\u0105 rozwoju i definicji nowych, bardziej skutecznych technik, projektowania architektonicznego, wdra\u017cania, zarz\u0105dzania bazami danych, weryfikacji i walidacji SI. Du\u017cy nacisk k\u0142adzie si\u0119 r\u00f3wnie\u017c na dziedzin\u0119 interakcji cz\u0142owiek-komputer (HCI). Praca zorientowana jest na jako\u015b\u0107 i wra\u017cenia u\u017cytkownika (UX), takie jak poprawa jako\u015bci, jako\u015b\u0107 wewn\u0119trzna i zewn\u0119trzna, jako\u015b\u0107 u\u017cytkowania, czynniki i wska\u017aniki jako\u015bci, ocena u\u017cyteczno\u015bci itp.<\/p>\n\t\t\t\t<img loading=\"lazy\" src=\"http:\/\/digital-accessibility.eu\/wp-content\/uploads\/2019\/11\/FERI_G2.jpg\" alt=\"FERI building\" itemprop=\"image\" height=\"577\" width=\"540\" title=\"FERI_G2\" onerror=\"this.style.display='none'\"  \/>\n\t\t\t\t<img loading=\"lazy\" src=\"http:\/\/digital-accessibility.eu\/wp-content\/uploads\/2019\/11\/siedlce.png\" alt=\"Siedlce University\" itemprop=\"image\" height=\"598\" width=\"793\" title=\"siedlce\" onerror=\"this.style.display='none'\"  \/>\n<h3>\n\t\t<a href=\"https:\/\/www.uph.edu.pl\/en\/\" title=\"Uniwersytet Przyrodniczo-Humanistyczny w Siedlcach (Uniwersytet w Siedlcach)\" target=\"_blank\" rel=\"noopener noreferrer\">\n\t\tUniwersytet Przyrodniczo-Humanistyczny w Siedlcach (Uniwersytet w Siedlcach)\n\t\t<\/a>\n\t<\/h3>\n\t<p>Uniwersytet Przyrodniczo-Humanistyczny w Siedlcach jest publiczn\u0105 uczelni\u0105 akademick\u0105 nadzorowan\u0105 przez Ministra Nauki i Szkolnictwa Wy\u017cszego. Uniwersytet, kt\u00f3ry w 2019 r. obchodzi\u0142 50. rocznic\u0119 powstania, zosta\u0142 przekszta\u0142cony z Akademii Podlaskiej 1 pa\u017adziernika 2010 r. Powsta\u0142 na bazie Wy\u017cszej Szko\u0142y Rolniczo-Pedagogicznej.\nUniwersytet Siedlecki by\u0142 pierwsz\u0105 instytucj\u0105 edukacyjn\u0105 w Polsce, kt\u00f3ra w 1989 r przyj\u0119\u0142a osoby niepe\u0142nosprawne jako student\u00f3w. Od 1 pa\u017adziernika 2019 r. Uniwersytet sk\u0142ada si\u0119 z 5 wydzia\u0142\u00f3w: Wydzia\u0142u Humanistycznego, Wydzia\u0142u Nauk Spo\u0142ecznych, Wydzia\u0142u Nauk \u015acis\u0142ych i Przyrodniczych, Wydzia\u0142 Agrobioin\u017cynierii i Nauk o Zwierz\u0119tach oraz Wydzia\u0142 Nauk Medycznych i Nauk o Zdrowiu.<\/p>","protected":false},"excerpt":{"rendered":"<div class=\"entry-summary\">\nProject partners INUK Institute for Advanced Communication Management (INUK institute) INUK institute is a non-profit research and training organization, focused on developing and promoting modern communication models and strategies, that support shared value economy, empower communities and inclusion of all.&hellip;\n<\/div>\n<div class=\"link-more\"><a href=\"https:\/\/digital-accessibility.eu\/pl\/about-the-project\/project-partners\/\" class=\"more-link\"> Kontynuuj czytanie<\/a><\/div>","protected":false},"author":2,"featured_media":0,"parent":1321,"menu_order":0,"comment_status":"closed","ping_status":"closed","template":"templates\/no-intro.php","meta":[],"yoast_head":"<!-- This site is optimized with the Yoast SEO plugin v17.9 - https:\/\/yoast.com\/wordpress\/plugins\/seo\/ -->\n<title>Project partners &bull; Certified Digital Accessibility Training<\/title>\n<meta name=\"robots\" content=\"index, follow, max-snippet:-1, max-image-preview:large, max-video-preview:-1\" \/>\n<link rel=\"canonical\" href=\"https:\/\/digital-accessibility.eu\/pl\/about-the-project\/project-partners\/\" \/>\n<meta property=\"og:locale\" content=\"pl_PL\" \/>\n<meta property=\"og:type\" content=\"article\" \/>\n<meta property=\"og:title\" content=\"Project partners &bull; Certified Digital Accessibility Training\" \/>\n<meta property=\"og:description\" content=\"Project partners INUK Institute for Advanced Communication Management (INUK institute) INUK institute is a non-profit research and training organization, focused on developing and promoting modern communication models and strategies, that support shared value economy, empower communities and inclusion of all.&hellip; Kontynuuj czytanie\" \/>\n<meta property=\"og:url\" content=\"https:\/\/digital-accessibility.eu\/pl\/about-the-project\/project-partners\/\" \/>\n<meta property=\"og:site_name\" content=\"Certified Digital Accessibility Training\" \/>\n<meta property=\"article:publisher\" content=\"https:\/\/www.facebook.com\/digitalaccessibilityproject\/\" \/>\n<meta property=\"article:modified_time\" content=\"2020-08-27T09:22:25+00:00\" \/>\n<meta property=\"og:image\" content=\"http:\/\/digital-accessibility.eu\/wp-content\/uploads\/2019\/11\/inuk.png\" \/>\n<meta name=\"twitter:card\" content=\"summary_large_image\" \/>\n<meta name=\"twitter:site\" content=\"@DigitalAccessib\" \/>\n<meta name=\"twitter:label1\" content=\"Szacowany czas czytania\" \/>\n\t<meta name=\"twitter:data1\" content=\"4 minuty\" \/>\n<script type=\"application\/ld+json\" class=\"yoast-schema-graph\">{\"@context\":\"https:\/\/schema.org\",\"@graph\":[{\"@type\":\"Organization\",\"@id\":\"https:\/\/digital-accessibility.eu\/#organization\",\"name\":\"Certified Digital Accessibility Training\",\"url\":\"https:\/\/digital-accessibility.eu\/\",\"sameAs\":[\"https:\/\/www.facebook.com\/digitalaccessibilityproject\/\",\"https:\/\/www.linkedin.com\/company\/e-digital-accessibility-project-certified-digital-accessibility-training\",\"https:\/\/twitter.com\/DigitalAccessib\"],\"logo\":{\"@type\":\"ImageObject\",\"@id\":\"https:\/\/digital-accessibility.eu\/#logo\",\"inLanguage\":\"pl-PL\",\"url\":\"https:\/\/digital-accessibility.eu\/wp-content\/uploads\/2019\/03\/Digital-Accessibility-medium.png\",\"contentUrl\":\"https:\/\/digital-accessibility.eu\/wp-content\/uploads\/2019\/03\/Digital-Accessibility-medium.png\",\"width\":400,\"height\":222,\"caption\":\"Certified Digital Accessibility Training\"},\"image\":{\"@id\":\"https:\/\/digital-accessibility.eu\/#logo\"}},{\"@type\":\"WebSite\",\"@id\":\"https:\/\/digital-accessibility.eu\/#website\",\"url\":\"https:\/\/digital-accessibility.eu\/\",\"name\":\"Certified Digital Accessibility Training\",\"description\":\"We offer certified digital accessibility training on our fully WCAG compliant web page that enables all users to interact with us.\",\"publisher\":{\"@id\":\"https:\/\/digital-accessibility.eu\/#organization\"},\"potentialAction\":[{\"@type\":\"SearchAction\",\"target\":{\"@type\":\"EntryPoint\",\"urlTemplate\":\"https:\/\/digital-accessibility.eu\/?s={search_term_string}\"},\"query-input\":\"required name=search_term_string\"}],\"inLanguage\":\"pl-PL\"},{\"@type\":\"ImageObject\",\"@id\":\"https:\/\/digital-accessibility.eu\/sl\/about-the-project\/project-partners\/#primaryimage\",\"inLanguage\":\"pl-PL\",\"url\":\"http:\/\/digital-accessibility.eu\/wp-content\/uploads\/2019\/11\/inuk.png\",\"contentUrl\":\"http:\/\/digital-accessibility.eu\/wp-content\/uploads\/2019\/11\/inuk.png\"},{\"@type\":\"WebPage\",\"@id\":\"https:\/\/digital-accessibility.eu\/sl\/about-the-project\/project-partners\/#webpage\",\"url\":\"https:\/\/digital-accessibility.eu\/sl\/about-the-project\/project-partners\/\",\"name\":\"Project partners &bull; Certified Digital Accessibility Training\",\"isPartOf\":{\"@id\":\"https:\/\/digital-accessibility.eu\/#website\"},\"primaryImageOfPage\":{\"@id\":\"https:\/\/digital-accessibility.eu\/sl\/about-the-project\/project-partners\/#primaryimage\"},\"datePublished\":\"2019-11-05T18:47:53+00:00\",\"dateModified\":\"2020-08-27T09:22:25+00:00\",\"breadcrumb\":{\"@id\":\"https:\/\/digital-accessibility.eu\/sl\/about-the-project\/project-partners\/#breadcrumb\"},\"inLanguage\":\"pl-PL\",\"potentialAction\":[{\"@type\":\"ReadAction\",\"target\":[\"https:\/\/digital-accessibility.eu\/sl\/about-the-project\/project-partners\/\"]}]},{\"@type\":\"BreadcrumbList\",\"@id\":\"https:\/\/digital-accessibility.eu\/sl\/about-the-project\/project-partners\/#breadcrumb\",\"itemListElement\":[{\"@type\":\"ListItem\",\"position\":1,\"name\":\"Home\",\"item\":\"https:\/\/digital-accessibility.eu\/\"},{\"@type\":\"ListItem\",\"position\":2,\"name\":\"About the project\",\"item\":\"https:\/\/digital-accessibility.eu\/sl\/about-the-project\/\"},{\"@type\":\"ListItem\",\"position\":3,\"name\":\"Project partners\"}]}]}<\/script>\n<!-- \/ Yoast SEO plugin. -->","yoast_head_json":{"title":"Project partners &bull; Certified Digital Accessibility Training","robots":{"index":"index","follow":"follow","max-snippet":"max-snippet:-1","max-image-preview":"max-image-preview:large","max-video-preview":"max-video-preview:-1"},"canonical":"https:\/\/digital-accessibility.eu\/pl\/about-the-project\/project-partners\/","og_locale":"pl_PL","og_type":"article","og_title":"Project partners &bull; Certified Digital Accessibility Training","og_description":"Project partners INUK Institute for Advanced Communication Management (INUK institute) INUK institute is a non-profit research and training organization, focused on developing and promoting modern communication models and strategies, that support shared value economy, empower communities and inclusion of all.&hellip; Kontynuuj czytanie","og_url":"https:\/\/digital-accessibility.eu\/pl\/about-the-project\/project-partners\/","og_site_name":"Certified Digital Accessibility Training","article_publisher":"https:\/\/www.facebook.com\/digitalaccessibilityproject\/","article_modified_time":"2020-08-27T09:22:25+00:00","og_image":[{"url":"http:\/\/digital-accessibility.eu\/wp-content\/uploads\/2019\/11\/inuk.png"}],"twitter_card":"summary_large_image","twitter_site":"@DigitalAccessib","twitter_misc":{"Szacowany czas czytania":"4 minuty"},"schema":{"@context":"https:\/\/schema.org","@graph":[{"@type":"Organization","@id":"https:\/\/digital-accessibility.eu\/#organization","name":"Certified Digital Accessibility Training","url":"https:\/\/digital-accessibility.eu\/","sameAs":["https:\/\/www.facebook.com\/digitalaccessibilityproject\/","https:\/\/www.linkedin.com\/company\/e-digital-accessibility-project-certified-digital-accessibility-training","https:\/\/twitter.com\/DigitalAccessib"],"logo":{"@type":"ImageObject","@id":"https:\/\/digital-accessibility.eu\/#logo","inLanguage":"pl-PL","url":"https:\/\/digital-accessibility.eu\/wp-content\/uploads\/2019\/03\/Digital-Accessibility-medium.png","contentUrl":"https:\/\/digital-accessibility.eu\/wp-content\/uploads\/2019\/03\/Digital-Accessibility-medium.png","width":400,"height":222,"caption":"Certified Digital Accessibility Training"},"image":{"@id":"https:\/\/digital-accessibility.eu\/#logo"}},{"@type":"WebSite","@id":"https:\/\/digital-accessibility.eu\/#website","url":"https:\/\/digital-accessibility.eu\/","name":"Certified Digital Accessibility Training","description":"We offer certified digital accessibility training on our fully WCAG compliant web page that enables all users to interact with us.","publisher":{"@id":"https:\/\/digital-accessibility.eu\/#organization"},"potentialAction":[{"@type":"SearchAction","target":{"@type":"EntryPoint","urlTemplate":"https:\/\/digital-accessibility.eu\/?s={search_term_string}"},"query-input":"required name=search_term_string"}],"inLanguage":"pl-PL"},{"@type":"ImageObject","@id":"https:\/\/digital-accessibility.eu\/sl\/about-the-project\/project-partners\/#primaryimage","inLanguage":"pl-PL","url":"http:\/\/digital-accessibility.eu\/wp-content\/uploads\/2019\/11\/inuk.png","contentUrl":"http:\/\/digital-accessibility.eu\/wp-content\/uploads\/2019\/11\/inuk.png"},{"@type":"WebPage","@id":"https:\/\/digital-accessibility.eu\/sl\/about-the-project\/project-partners\/#webpage","url":"https:\/\/digital-accessibility.eu\/sl\/about-the-project\/project-partners\/","name":"Project partners &bull; Certified Digital Accessibility Training","isPartOf":{"@id":"https:\/\/digital-accessibility.eu\/#website"},"primaryImageOfPage":{"@id":"https:\/\/digital-accessibility.eu\/sl\/about-the-project\/project-partners\/#primaryimage"},"datePublished":"2019-11-05T18:47:53+00:00","dateModified":"2020-08-27T09:22:25+00:00","breadcrumb":{"@id":"https:\/\/digital-accessibility.eu\/sl\/about-the-project\/project-partners\/#breadcrumb"},"inLanguage":"pl-PL","potentialAction":[{"@type":"ReadAction","target":["https:\/\/digital-accessibility.eu\/sl\/about-the-project\/project-partners\/"]}]},{"@type":"BreadcrumbList","@id":"https:\/\/digital-accessibility.eu\/sl\/about-the-project\/project-partners\/#breadcrumb","itemListElement":[{"@type":"ListItem","position":1,"name":"Home","item":"https:\/\/digital-accessibility.eu\/"},{"@type":"ListItem","position":2,"name":"About the project","item":"https:\/\/digital-accessibility.eu\/sl\/about-the-project\/"},{"@type":"ListItem","position":3,"name":"Project partners"}]}]}},"_links":{"self":[{"href":"https:\/\/digital-accessibility.eu\/pl\/wp-json\/wp\/v2\/pages\/1324"}],"collection":[{"href":"https:\/\/digital-accessibility.eu\/pl\/wp-json\/wp\/v2\/pages"}],"about":[{"href":"https:\/\/digital-accessibility.eu\/pl\/wp-json\/wp\/v2\/types\/page"}],"author":[{"embeddable":true,"href":"https:\/\/digital-accessibility.eu\/pl\/wp-json\/wp\/v2\/users\/2"}],"replies":[{"embeddable":true,"href":"https:\/\/digital-accessibility.eu\/pl\/wp-json\/wp\/v2\/comments?post=1324"}],"version-history":[{"count":17,"href":"https:\/\/digital-accessibility.eu\/pl\/wp-json\/wp\/v2\/pages\/1324\/revisions"}],"predecessor-version":[{"id":6139,"href":"https:\/\/digital-accessibility.eu\/pl\/wp-json\/wp\/v2\/pages\/1324\/revisions\/6139"}],"up":[{"embeddable":true,"href":"https:\/\/digital-accessibility.eu\/pl\/wp-json\/wp\/v2\/pages\/1321"}],"wp:attachment":[{"href":"https:\/\/digital-accessibility.eu\/pl\/wp-json\/wp\/v2\/media?parent=1324"}],"curies":[{"name":"wp","href":"https:\/\/api.w.org\/{rel}","templated":true}]}}