{"id":1321,"date":"2019-11-05T16:39:22","date_gmt":"2019-11-05T16:39:22","guid":{"rendered":"http:\/\/digital-accessibility.eu\/?page_id=1321"},"modified":"2021-02-25T13:01:48","modified_gmt":"2021-02-25T13:01:48","slug":"about-the-project","status":"publish","type":"page","link":"https:\/\/digital-accessibility.eu\/pl\/about-the-project\/","title":{"rendered":"O projekcie"},"content":{"rendered":"<h2>O projekcie<\/h2>\n\t<p>&nbsp;<\/p>\n<p>Internet sta\u0142 si\u0119 nieuniknion\u0105 cz\u0119\u015bci\u0105 naszego codziennego \u017cycia i jest wysoce zintegrowany z naszym \u015brodowiskiem pracy i domu. Stworzy\u0142o to mo\u017cliwo\u015bci dla wi\u0119kszo\u015bci, ale stanowi ogromn\u0105 przeszkod\u0119 dla os\u00f3b niepe\u0142nosprawnych, kt\u00f3re nie mog\u0105 w\u0142a\u015bciwie uzyska\u0107 dost\u0119pu do wszystkich cz\u0119\u015bci sieci. Konieczna jest zatem dost\u0119pno\u015b\u0107 cyfrowa. <strong><em>Dost\u0119pno\u015b\u0107 cyfrowa to zdolno\u015b\u0107 strony internetowej, aplikacji mobilnej lub dokumentu elektronicznego do \u0142atwego nawigowania i rozumienia przez wielu u\u017cytkownik\u00f3w, w tym u\u017cytkownik\u00f3w, kt\u00f3rzy maj\u0105 czasowe lub trwa\u0142e upo\u015bledzenia wzrokowe, s\u0142uchowe, ruchowe lub poznawcze.<\/em><\/strong><\/p>\n<p><strong><em>Projekt ERASMUS + Certyfikowane szkolenie w zakresie dost\u0119pno\u015bci cyfrowej <\/em><\/strong>rozpocz\u0105\u0142 si\u0119 we wrze\u015bniu 2018 r. w celu spe\u0142nienia specyfikacji prawodawstwa europejskiego, <a href=\"http:\/\/eur-lex.europa.eu\/legal-content\/EN\/TXT\/?uri=uriserv:OJ.L_.2016.327.01.0001.01.ENG&amp;toc=OJ:L:2016:327:TOC\">dyrektywy (UE) 2016\/2102<\/a> w sprawie dost\u0119pno\u015bci stron internetowych i aplikacji mobilnych organ\u00f3w sektora publicznego, kt\u00f3ra wskazuje, \u017ce wszystkie strony internetowe i aplikacje mobilne sektora publicznego musz\u0105 by\u0107 dost\u0119pne dla wszystkich do roku 2020. W sk\u0142ad konsorcjum Projektu wchodzi 6 organizacji partnerskich z czterech uczestnicz\u0105cych kraj\u00f3w europejskich: S\u0142owenii, Polski, Grecji i Hiszpanii. Partnerzy ci opracowali specjalistyczne szkolenie w zakresie cyfrowej dost\u0119pno\u015bci, kt\u00f3re zostanie zaoferowane r\u00f3\u017cnym grupom kluczowych interesariuszy w odpowiedzi na rosn\u0105ce zapotrzebowanie rynku pracy na ekspert\u00f3w w dziedzinie dost\u0119pno\u015bci cyfrowej w Europie.<\/p>\n<p>&nbsp;<\/p>\n<h4>W ramach projektu zostan\u0105 opracowane specjalistyczne kursy dla nast\u0119puj\u0105cych stanowisk pracy:<\/h4>\n<ul>\n<li>Mened\u017cer dost\u0119pno\u015bci tre\u015bci internetowych;<\/li>\n<li>Tester dost\u0119pno\u015bci tre\u015bci internetowych;<\/li>\n<li>Developer stron internetowych z do\u015bwiadczeniem w dost\u0119pno\u015bci tre\u015bci internetowych; oraz<\/li>\n<li>Projektant stron internetowych z do\u015bwiadczeniem w dost\u0119pno\u015bci tre\u015bci internetowych.<\/li>\n<\/ul>\n<p>&nbsp;<\/p>\n<h4>W ramach kurs\u00f3w b\u0119d\u0105 opracowane nast\u0119puj\u0105ce modu\u0142y:<\/h4>\n<ul>\n<li>Wprowadzenie do dost\u0119pno\u015bci cyfrowej;<\/li>\n<li>Zarz\u0105dzanie dost\u0119pno\u015bci\u0105 cyfrow\u0105;<\/li>\n<li>Opracowywanie \/ programowanie stron internetowych w celu zapewnienia dost\u0119pno\u015bci cyfrowej;<\/li>\n<li>Projektowanie dla dost\u0119pno\u015bci cyfrowej<\/li>\n<li>Wdro\u017cenie dost\u0119pno\u015bci cyfrowej; oraz<\/li>\n<li>Ocena dost\u0119pno\u015bci cyfrowej.<\/li>\n<\/ul>\n<p>&nbsp;<\/p>\n<h4>G\u0142\u00f3wnymi rezultatami projektu b\u0119d\u0105:<\/h4>\n<ul>\n<li>O1. Ramy umiej\u0119tno\u015bci zwi\u0105zanych z dost\u0119pno\u015bci\u0105 cyfrow\u0105 i analiza r\u00f3l zawodowych<\/li>\n<li>O2. Program szkolenia i metodologia certyfikacji<\/li>\n<li>O3. Opracowanie innowacyjnych modu\u0142\u00f3w szkoleniowych<\/li>\n<li>O4. Dost\u0119pna platforma edukacyjna<\/li>\n<li>C1. Szkolenie dla trener\u00f3w (TTT)<\/li>\n<li>E1-E3. 3 fora na temat dost\u0119pno\u015bci cyfrowej<\/li>\n<li>E 4. Ko\u0144cowa mi\u0119dzynarodowa konferencja na temat dost\u0119pno\u015bci cyfrowej<\/li>\n<\/ul>\n<p>&nbsp;<\/p>\n\t<h3><\/h3>\n<h3>Og\u00f3lne informacje o projekcie<\/h3>\n<ul>\n<li>Tytu\u0142 projektu: <strong>Certyfikowane Szkolenie w zakresie Dost\u0119pno\u015bci Cyfrowej<\/strong><\/li>\n<li>Akronim: <strong>DigitalAccessibility<\/strong><\/li>\n<li>Identyfikator projektu: <strong>2018-1-SI01-KA202-047103<\/strong><\/li>\n<li>Program: <strong>ERASMUS + Wsp\u00f3\u0142praca na rzecz innowacji i wymiany dobrych praktyk, Partnerstwa w zakresie kszta\u0142cenia i szkolenia zawodowego<\/strong><\/li>\n<li>Data rozpocz\u0119cia: <strong>1 wrze\u015bnia 2018<\/strong><\/li>\n<li>Data zako\u0144czenia: <strong>28 lutego 2021<\/strong><\/li>\n<li>Koordynator projektu: <strong>INUK In\u0161titut za napredno upravljanje komunikacij<\/strong>Maribor, Jadranska cesta 27, 2000 Maribor, S\u0142owenia<\/li>\n<\/ul>\n<p>&nbsp;<\/p>\n<h4>Partnerzy projektu<\/h4>\n<ul>\n<li>Uniwersytet Przyrodniczo-Humanistyczny w Siedlcach, Polska,<\/li>\n<li>Uniwersytet w Mariborze, S\u0142owenia,<\/li>\n<li>Soluciones Tecno-Profesionales Consulting, Hiszpania<\/li>\n<li>Centrum Zr\u00f3wnowa\u017conego Rozwoju HORYZONTY, Polska,<\/li>\n<li>Nikoletta Georgogianni Best Cybernetics Jednoosobowa Firma Prywatna, Grecja.<\/li>\n<\/ul>\n<p>&nbsp;<\/p>","protected":false},"excerpt":{"rendered":"<div class=\"entry-summary\">\nAbout the project &nbsp; Internet has become an inevitable part of our everyday lives, and it is highly integrated in our working and home environment. This has created opportunities for the majority, but a huge obstacle for people with disabilities&hellip;\n<\/div>\n<div class=\"link-more\"><a href=\"https:\/\/digital-accessibility.eu\/pl\/about-the-project\/\" class=\"more-link\"> Kontynuuj czytanie<\/a><\/div>","protected":false},"author":2,"featured_media":0,"parent":0,"menu_order":0,"comment_status":"closed","ping_status":"closed","template":"templates\/no-intro.php","meta":[],"yoast_head":"<!-- This site is optimized with the Yoast SEO plugin v17.9 - https:\/\/yoast.com\/wordpress\/plugins\/seo\/ -->\n<title>About the project &bull; Certified Digital Accessibility Training<\/title>\n<meta name=\"robots\" content=\"index, follow, max-snippet:-1, max-image-preview:large, max-video-preview:-1\" \/>\n<link rel=\"canonical\" href=\"https:\/\/digital-accessibility.eu\/pl\/about-the-project\/\" \/>\n<meta property=\"og:locale\" content=\"pl_PL\" \/>\n<meta property=\"og:type\" content=\"article\" \/>\n<meta property=\"og:title\" content=\"About the project &bull; Certified Digital Accessibility Training\" \/>\n<meta property=\"og:description\" content=\"About the project &nbsp; Internet has become an inevitable part of our everyday lives, and it is highly integrated in our working and home environment. This has created opportunities for the majority, but a huge obstacle for people with disabilities&hellip; Kontynuuj czytanie\" \/>\n<meta property=\"og:url\" content=\"https:\/\/digital-accessibility.eu\/pl\/about-the-project\/\" \/>\n<meta property=\"og:site_name\" content=\"Certified Digital Accessibility Training\" \/>\n<meta property=\"article:publisher\" content=\"https:\/\/www.facebook.com\/digitalaccessibilityproject\/\" \/>\n<meta property=\"article:modified_time\" content=\"2021-02-25T13:01:48+00:00\" \/>\n<meta name=\"twitter:card\" content=\"summary_large_image\" \/>\n<meta name=\"twitter:site\" content=\"@DigitalAccessib\" \/>\n<meta name=\"twitter:label1\" content=\"Szacowany czas czytania\" \/>\n\t<meta name=\"twitter:data1\" content=\"2 minuty\" \/>\n<script type=\"application\/ld+json\" class=\"yoast-schema-graph\">{\"@context\":\"https:\/\/schema.org\",\"@graph\":[{\"@type\":\"Organization\",\"@id\":\"https:\/\/digital-accessibility.eu\/#organization\",\"name\":\"Certified Digital Accessibility Training\",\"url\":\"https:\/\/digital-accessibility.eu\/\",\"sameAs\":[\"https:\/\/www.facebook.com\/digitalaccessibilityproject\/\",\"https:\/\/www.linkedin.com\/company\/e-digital-accessibility-project-certified-digital-accessibility-training\",\"https:\/\/twitter.com\/DigitalAccessib\"],\"logo\":{\"@type\":\"ImageObject\",\"@id\":\"https:\/\/digital-accessibility.eu\/#logo\",\"inLanguage\":\"pl-PL\",\"url\":\"https:\/\/digital-accessibility.eu\/wp-content\/uploads\/2019\/03\/Digital-Accessibility-medium.png\",\"contentUrl\":\"https:\/\/digital-accessibility.eu\/wp-content\/uploads\/2019\/03\/Digital-Accessibility-medium.png\",\"width\":400,\"height\":222,\"caption\":\"Certified Digital Accessibility Training\"},\"image\":{\"@id\":\"https:\/\/digital-accessibility.eu\/#logo\"}},{\"@type\":\"WebSite\",\"@id\":\"https:\/\/digital-accessibility.eu\/#website\",\"url\":\"https:\/\/digital-accessibility.eu\/\",\"name\":\"Certified Digital Accessibility Training\",\"description\":\"We offer certified digital accessibility training on our fully WCAG compliant web page that enables all users to interact with us.\",\"publisher\":{\"@id\":\"https:\/\/digital-accessibility.eu\/#organization\"},\"potentialAction\":[{\"@type\":\"SearchAction\",\"target\":{\"@type\":\"EntryPoint\",\"urlTemplate\":\"https:\/\/digital-accessibility.eu\/?s={search_term_string}\"},\"query-input\":\"required name=search_term_string\"}],\"inLanguage\":\"pl-PL\"},{\"@type\":\"WebPage\",\"@id\":\"https:\/\/digital-accessibility.eu\/sl\/about-the-project\/#webpage\",\"url\":\"https:\/\/digital-accessibility.eu\/sl\/about-the-project\/\",\"name\":\"About the project &bull; Certified Digital Accessibility Training\",\"isPartOf\":{\"@id\":\"https:\/\/digital-accessibility.eu\/#website\"},\"datePublished\":\"2019-11-05T16:39:22+00:00\",\"dateModified\":\"2021-02-25T13:01:48+00:00\",\"breadcrumb\":{\"@id\":\"https:\/\/digital-accessibility.eu\/sl\/about-the-project\/#breadcrumb\"},\"inLanguage\":\"pl-PL\",\"potentialAction\":[{\"@type\":\"ReadAction\",\"target\":[\"https:\/\/digital-accessibility.eu\/sl\/about-the-project\/\"]}]},{\"@type\":\"BreadcrumbList\",\"@id\":\"https:\/\/digital-accessibility.eu\/sl\/about-the-project\/#breadcrumb\",\"itemListElement\":[{\"@type\":\"ListItem\",\"position\":1,\"name\":\"Home\",\"item\":\"https:\/\/digital-accessibility.eu\/\"},{\"@type\":\"ListItem\",\"position\":2,\"name\":\"About the project\"}]}]}<\/script>\n<!-- \/ Yoast SEO plugin. -->","yoast_head_json":{"title":"About the project &bull; Certified Digital Accessibility Training","robots":{"index":"index","follow":"follow","max-snippet":"max-snippet:-1","max-image-preview":"max-image-preview:large","max-video-preview":"max-video-preview:-1"},"canonical":"https:\/\/digital-accessibility.eu\/pl\/about-the-project\/","og_locale":"pl_PL","og_type":"article","og_title":"About the project &bull; Certified Digital Accessibility Training","og_description":"About the project &nbsp; Internet has become an inevitable part of our everyday lives, and it is highly integrated in our working and home environment. This has created opportunities for the majority, but a huge obstacle for people with disabilities&hellip; Kontynuuj czytanie","og_url":"https:\/\/digital-accessibility.eu\/pl\/about-the-project\/","og_site_name":"Certified Digital Accessibility Training","article_publisher":"https:\/\/www.facebook.com\/digitalaccessibilityproject\/","article_modified_time":"2021-02-25T13:01:48+00:00","twitter_card":"summary_large_image","twitter_site":"@DigitalAccessib","twitter_misc":{"Szacowany czas czytania":"2 minuty"},"schema":{"@context":"https:\/\/schema.org","@graph":[{"@type":"Organization","@id":"https:\/\/digital-accessibility.eu\/#organization","name":"Certified Digital Accessibility Training","url":"https:\/\/digital-accessibility.eu\/","sameAs":["https:\/\/www.facebook.com\/digitalaccessibilityproject\/","https:\/\/www.linkedin.com\/company\/e-digital-accessibility-project-certified-digital-accessibility-training","https:\/\/twitter.com\/DigitalAccessib"],"logo":{"@type":"ImageObject","@id":"https:\/\/digital-accessibility.eu\/#logo","inLanguage":"pl-PL","url":"https:\/\/digital-accessibility.eu\/wp-content\/uploads\/2019\/03\/Digital-Accessibility-medium.png","contentUrl":"https:\/\/digital-accessibility.eu\/wp-content\/uploads\/2019\/03\/Digital-Accessibility-medium.png","width":400,"height":222,"caption":"Certified Digital Accessibility Training"},"image":{"@id":"https:\/\/digital-accessibility.eu\/#logo"}},{"@type":"WebSite","@id":"https:\/\/digital-accessibility.eu\/#website","url":"https:\/\/digital-accessibility.eu\/","name":"Certified Digital Accessibility Training","description":"We offer certified digital accessibility training on our fully WCAG compliant web page that enables all users to interact with us.","publisher":{"@id":"https:\/\/digital-accessibility.eu\/#organization"},"potentialAction":[{"@type":"SearchAction","target":{"@type":"EntryPoint","urlTemplate":"https:\/\/digital-accessibility.eu\/?s={search_term_string}"},"query-input":"required name=search_term_string"}],"inLanguage":"pl-PL"},{"@type":"WebPage","@id":"https:\/\/digital-accessibility.eu\/sl\/about-the-project\/#webpage","url":"https:\/\/digital-accessibility.eu\/sl\/about-the-project\/","name":"About the project &bull; Certified Digital Accessibility Training","isPartOf":{"@id":"https:\/\/digital-accessibility.eu\/#website"},"datePublished":"2019-11-05T16:39:22+00:00","dateModified":"2021-02-25T13:01:48+00:00","breadcrumb":{"@id":"https:\/\/digital-accessibility.eu\/sl\/about-the-project\/#breadcrumb"},"inLanguage":"pl-PL","potentialAction":[{"@type":"ReadAction","target":["https:\/\/digital-accessibility.eu\/sl\/about-the-project\/"]}]},{"@type":"BreadcrumbList","@id":"https:\/\/digital-accessibility.eu\/sl\/about-the-project\/#breadcrumb","itemListElement":[{"@type":"ListItem","position":1,"name":"Home","item":"https:\/\/digital-accessibility.eu\/"},{"@type":"ListItem","position":2,"name":"About the project"}]}]}},"_links":{"self":[{"href":"https:\/\/digital-accessibility.eu\/pl\/wp-json\/wp\/v2\/pages\/1321"}],"collection":[{"href":"https:\/\/digital-accessibility.eu\/pl\/wp-json\/wp\/v2\/pages"}],"about":[{"href":"https:\/\/digital-accessibility.eu\/pl\/wp-json\/wp\/v2\/types\/page"}],"author":[{"embeddable":true,"href":"https:\/\/digital-accessibility.eu\/pl\/wp-json\/wp\/v2\/users\/2"}],"replies":[{"embeddable":true,"href":"https:\/\/digital-accessibility.eu\/pl\/wp-json\/wp\/v2\/comments?post=1321"}],"version-history":[{"count":11,"href":"https:\/\/digital-accessibility.eu\/pl\/wp-json\/wp\/v2\/pages\/1321\/revisions"}],"predecessor-version":[{"id":9705,"href":"https:\/\/digital-accessibility.eu\/pl\/wp-json\/wp\/v2\/pages\/1321\/revisions\/9705"}],"wp:attachment":[{"href":"https:\/\/digital-accessibility.eu\/pl\/wp-json\/wp\/v2\/media?parent=1321"}],"curies":[{"name":"wp","href":"https:\/\/api.w.org\/{rel}","templated":true}]}}