{"id":1275,"date":"2019-10-30T14:58:53","date_gmt":"2019-10-30T14:58:53","guid":{"rendered":"http:\/\/digital-accessibility.eu\/?page_id=1275"},"modified":"2021-02-26T07:24:14","modified_gmt":"2021-02-26T07:24:14","slug":"training-modules","status":"publish","type":"page","link":"https:\/\/digital-accessibility.eu\/pl\/training-modules\/","title":{"rendered":"Modu\u0142y szkoleniowe"},"content":{"rendered":"<h1>Modu\u0142y szkoleniowe<\/h1>\n\t\t\t\t<img src=\"http:\/\/digital-accessibility.eu\/wp-content\/uploads\/2019\/10\/003-analysis_b.png\" alt=\"Manager icon\" itemprop=\"image\" title=\"003-analysis_b\" onerror=\"this.style.display='none'\"  \/>\n\t<h2>Mened\u017cer dost\u0119pno\u015bci cyfrowej<\/h2>\n\t<p>Szkolenie Mened\u017cer dost\u0119pno\u015bci cyfrowej (DA) koncentruje si\u0119 na przygotowaniu specjalist\u00f3w, kt\u00f3rzy s\u0105 w stanie zarz\u0105dza\u0107 i wdra\u017ca\u0107 cyfrowe standardy dost\u0119pno\u015bci w swoich organizacjach lub w organizacjach, w kt\u00f3rych pracuj\u0105.<\/p>\n<p>Szkolenie obejmuje:<\/p>\n<ul>\n<li><a href=\"http:\/\/digital-accessibility.eu\/learn\/course\/view.php?id=2\">Wprowadzenie do dost\u0119pno\u015bci cyfrowej (DA)<\/a><\/li>\n<li><a href=\"http:\/\/digital-accessibility.eu\/learn\/course\/view.php?id=3\">Zarz\u0105dzanie dost\u0119pno\u015bci\u0105 cyfrow\u0105 (DA)<\/a><\/li>\n<li><a href=\"http:\/\/digital-accessibility.eu\/learn\/course\/view.php?id=6\">Wdro\u017cenie dost\u0119pno\u015bci cyfrowej (DA)<\/a><\/li>\n<\/ul>\n<p><strong>Zalecane wymagania<\/strong> to podstawowa wiedza informatyczna, wykszta\u0142cenie wy\u017csze lub do\u015bwiadczenie w pracy na stanowisku kierowniczym, empatia i ch\u0119\u0107 niesienia pomocy osobom niepe\u0142nosprawnym, umiej\u0119tno\u015bci zarz\u0105dzania i organizacji (planowanie, organizowanie, motywowanie, kontrola).<\/p>\n\t\t\t\t<img src=\"http:\/\/digital-accessibility.eu\/wp-content\/uploads\/2019\/10\/001-www_b.png\" alt=\"Tester icon\" itemprop=\"image\" title=\"001-www_b\" onerror=\"this.style.display='none'\"  \/>\n\t<h2>Tester dost\u0119pno\u015bci cyfrowej<\/h2>\n\t<p>Szkolenie przygotowuje specjalist\u00f3w do <strong>testowania i oceny stron internetowych<\/strong> ich organizacji lub organizacji, w kt\u00f3rych pracuj\u0105 pod wzgl\u0119dem ich dost\u0119pno\u015bci cyfrowej.<\/p>\n<p>Szkolenie obejmuje:<\/p>\n<ul>\n<li><a href=\"http:\/\/digital-accessibility.eu\/learn\/course\/view.php?id=2\">Wprowadzenie do dost\u0119pno\u015bci cyfrowej (DA)<\/a><\/li>\n<li><a href=\"http:\/\/digital-accessibility.eu\/learn\/course\/view.php?id=7\">Ocena dost\u0119pno\u015bci cyfrowej (DA)<\/a><\/li>\n<\/ul>\n<p><strong>Zalecane wymagania<\/strong> to wiedza niezb\u0119dna do korzystania z Internetu, otwarto\u015b\u0107 na nowe technologie, podstawowe zrozumienie potrzeb os\u00f3b z r\u00f3\u017cnymi niepe\u0142nosprawno\u015bciami, podstawowa wiedza informatyczna, zrozumienie podstaw cyfrowej dost\u0119pno\u015bci,  umiej\u0119tno\u015bci analityczne, umiej\u0119tno\u015b\u0107 tworzenia jasnych raport\u00f3w o b\u0142\u0119dach.<\/p>\n\t\t\t\t<img src=\"http:\/\/digital-accessibility.eu\/wp-content\/uploads\/2019\/10\/005-tools-and-utensils_b.png\" alt=\"Web developer icon\" itemprop=\"image\" title=\"005-tools-and-utensils_b\" onerror=\"this.style.display='none'\"  \/>\n\t<h2>Web Developer ze specjalistyczn\u0105 wiedz\u0105 w zakresie dost\u0119pno\u015bci cyfrowej<\/h2>\n\t<p>Szkolenie Web Developer ze specjalistyczn\u0105 wiedz\u0105 w zakresie dost\u0119pno\u015bci cyfrowej koncentruje si\u0119 na przygotowaniu specjalist\u00f3w, kt\u00f3rzy s\u0105 w stanie opracowa\u0107 strony internetowe, kt\u00f3re s\u0105 cyfrowo dost\u0119pne zgodnie ze standardami WCAG.<\/p>\n<p>Szkolenie obejmuje:<\/p>\n<ul>\n<li><a href=\"http:\/\/digital-accessibility.eu\/learn\/course\/view.php?id=2\">Wprowadzenie do dost\u0119pno\u015bci cyfrowej (DA)<\/a><\/li>\n<li><a href=\"http:\/\/digital-accessibility.eu\/learn\/course\/view.php?id=4\">Opracowywanie \/ programowanie dla dost\u0119pno\u015bci cyfrowej (DA)<\/a><\/li>\n<\/ul>\n<p><strong>Zalecane wymagania<\/strong> to wiedza w zakresie tworzenia stron internetowych lub stopie\u0144 naukowy w informatyce, znajomo\u015b\u0107 technologii internetowych \/ kodu front-end (np. CSS, skrypt Java i HTML).<\/p>\n<p>&nbsp;<\/p>\n\t\t\t\t<img src=\"http:\/\/digital-accessibility.eu\/wp-content\/uploads\/2019\/10\/004-art_b.png\" alt=\"Designer icon\" itemprop=\"image\" title=\"004-art_b\" onerror=\"this.style.display='none'\"  \/>\n\t<h2>Web Designer ze specjalistyczn\u0105 wiedz\u0105 w zakresie dost\u0119pno\u015bci cyfrowej<\/h2>\n\t<p>Szkolenie Web Designer ze specjalistyczn\u0105 wiedz\u0105 w zakresie dost\u0119pno\u015bci cyfrowej koncentruje si\u0119 na przygotowaniu specjalist\u00f3w, kt\u00f3rzy s\u0105 w stanie zaprojektowa\u0107 strony internetowe dost\u0119pne cyfrowo zgodnie ze standardami WCAG.<\/p>\n<p>Szkolenie obejmuje:<\/p>\n<ul>\n<li><a href=\"http:\/\/digital-accessibility.eu\/learn\/course\/view.php?id=2\">Wprowadzenie do dost\u0119pno\u015bci cyfrowej (DA)<\/a><\/li>\n<li><a href=\"http:\/\/digital-accessibility.eu\/learn\/course\/view.php?id=5\">Projektowanie dla dost\u0119pno\u015bci cyfrowej (DA)<\/a><\/li>\n<\/ul>\n<p><strong>Zalecane wymagania<\/strong> to znajomo\u015b\u0107 domen ICT, wiedza ekspercka i umiej\u0119tno\u015bci w zakresie projektowania stron internetowych oraz program\u00f3w do projektowania, takich jak Adobe Photoshop, Illustrator itp., znajomo\u015b\u0107 technologii wspomagaj\u0105cych (np. czytnik ekranu, DragonNaturallySpeaking, powi\u0119kszenie i kontrast kolor\u00f3w, JAWS, NVDA), znajomo\u015b\u0107 technologii internetowych \/ kodu front-end (np. CSS, skrypt Java i HTML), rozumienie podstaw dost\u0119pno\u015bci sieci, umiej\u0119tno\u015bci graficzne i kreatywno\u015b\u0107, znajomo\u015b\u0107 oprogramowania graficznego, UX, silne poczucie estetyki, do\u015bwiadczenie w tworzeniu sztuki wizualnej.<\/p>","protected":false},"excerpt":{"rendered":"<div class=\"entry-summary\">\nTraining Modules Digital Accessibility Manager Digital Accessibility Manager training is focused on preparing the specialists who are able to manage and implement digital accessibility standards in their organizations, or in organizations they work for. The training includes: Introduction to DA&hellip;\n<\/div>\n<div class=\"link-more\"><a href=\"https:\/\/digital-accessibility.eu\/pl\/training-modules\/\" class=\"more-link\"> Kontynuuj czytanie<\/a><\/div>","protected":false},"author":2,"featured_media":0,"parent":0,"menu_order":0,"comment_status":"closed","ping_status":"closed","template":"templates\/no-intro.php","meta":[],"yoast_head":"<!-- This site is optimized with the Yoast SEO plugin v17.9 - https:\/\/yoast.com\/wordpress\/plugins\/seo\/ -->\n<title>Training Modules &bull; Certified Digital Accessibility Training<\/title>\n<meta name=\"robots\" content=\"index, follow, max-snippet:-1, max-image-preview:large, max-video-preview:-1\" \/>\n<link rel=\"canonical\" href=\"https:\/\/digital-accessibility.eu\/pl\/training-modules\/\" \/>\n<meta property=\"og:locale\" content=\"pl_PL\" \/>\n<meta property=\"og:type\" content=\"article\" \/>\n<meta property=\"og:title\" content=\"Training Modules &bull; Certified Digital Accessibility Training\" \/>\n<meta property=\"og:description\" content=\"Training Modules Digital Accessibility Manager Digital Accessibility Manager training is focused on preparing the specialists who are able to manage and implement digital accessibility standards in their organizations, or in organizations they work for. The training includes: Introduction to DA&hellip; Kontynuuj czytanie\" \/>\n<meta property=\"og:url\" content=\"https:\/\/digital-accessibility.eu\/pl\/training-modules\/\" \/>\n<meta property=\"og:site_name\" content=\"Certified Digital Accessibility Training\" \/>\n<meta property=\"article:publisher\" content=\"https:\/\/www.facebook.com\/digitalaccessibilityproject\/\" \/>\n<meta property=\"article:modified_time\" content=\"2021-02-26T07:24:14+00:00\" \/>\n<meta property=\"og:image\" content=\"http:\/\/digital-accessibility.eu\/wp-content\/uploads\/2019\/10\/003-analysis_b.png\" \/>\n<meta name=\"twitter:card\" content=\"summary_large_image\" \/>\n<meta name=\"twitter:site\" content=\"@DigitalAccessib\" \/>\n<meta name=\"twitter:label1\" content=\"Szacowany czas czytania\" \/>\n\t<meta name=\"twitter:data1\" content=\"3 minuty\" \/>\n<script type=\"application\/ld+json\" class=\"yoast-schema-graph\">{\"@context\":\"https:\/\/schema.org\",\"@graph\":[{\"@type\":\"Organization\",\"@id\":\"https:\/\/digital-accessibility.eu\/#organization\",\"name\":\"Certified Digital Accessibility Training\",\"url\":\"https:\/\/digital-accessibility.eu\/\",\"sameAs\":[\"https:\/\/www.facebook.com\/digitalaccessibilityproject\/\",\"https:\/\/www.linkedin.com\/company\/e-digital-accessibility-project-certified-digital-accessibility-training\",\"https:\/\/twitter.com\/DigitalAccessib\"],\"logo\":{\"@type\":\"ImageObject\",\"@id\":\"https:\/\/digital-accessibility.eu\/#logo\",\"inLanguage\":\"pl-PL\",\"url\":\"https:\/\/digital-accessibility.eu\/wp-content\/uploads\/2019\/03\/Digital-Accessibility-medium.png\",\"contentUrl\":\"https:\/\/digital-accessibility.eu\/wp-content\/uploads\/2019\/03\/Digital-Accessibility-medium.png\",\"width\":400,\"height\":222,\"caption\":\"Certified Digital Accessibility Training\"},\"image\":{\"@id\":\"https:\/\/digital-accessibility.eu\/#logo\"}},{\"@type\":\"WebSite\",\"@id\":\"https:\/\/digital-accessibility.eu\/#website\",\"url\":\"https:\/\/digital-accessibility.eu\/\",\"name\":\"Certified Digital Accessibility Training\",\"description\":\"We offer certified digital accessibility training on our fully WCAG compliant web page that enables all users to interact with us.\",\"publisher\":{\"@id\":\"https:\/\/digital-accessibility.eu\/#organization\"},\"potentialAction\":[{\"@type\":\"SearchAction\",\"target\":{\"@type\":\"EntryPoint\",\"urlTemplate\":\"https:\/\/digital-accessibility.eu\/?s={search_term_string}\"},\"query-input\":\"required name=search_term_string\"}],\"inLanguage\":\"pl-PL\"},{\"@type\":\"ImageObject\",\"@id\":\"https:\/\/digital-accessibility.eu\/sl\/training-modules\/#primaryimage\",\"inLanguage\":\"pl-PL\",\"url\":\"http:\/\/digital-accessibility.eu\/wp-content\/uploads\/2019\/10\/003-analysis_b.png\",\"contentUrl\":\"http:\/\/digital-accessibility.eu\/wp-content\/uploads\/2019\/10\/003-analysis_b.png\"},{\"@type\":\"WebPage\",\"@id\":\"https:\/\/digital-accessibility.eu\/sl\/training-modules\/#webpage\",\"url\":\"https:\/\/digital-accessibility.eu\/sl\/training-modules\/\",\"name\":\"Training Modules &bull; Certified Digital Accessibility Training\",\"isPartOf\":{\"@id\":\"https:\/\/digital-accessibility.eu\/#website\"},\"primaryImageOfPage\":{\"@id\":\"https:\/\/digital-accessibility.eu\/sl\/training-modules\/#primaryimage\"},\"datePublished\":\"2019-10-30T14:58:53+00:00\",\"dateModified\":\"2021-02-26T07:24:14+00:00\",\"breadcrumb\":{\"@id\":\"https:\/\/digital-accessibility.eu\/sl\/training-modules\/#breadcrumb\"},\"inLanguage\":\"pl-PL\",\"potentialAction\":[{\"@type\":\"ReadAction\",\"target\":[\"https:\/\/digital-accessibility.eu\/sl\/training-modules\/\"]}]},{\"@type\":\"BreadcrumbList\",\"@id\":\"https:\/\/digital-accessibility.eu\/sl\/training-modules\/#breadcrumb\",\"itemListElement\":[{\"@type\":\"ListItem\",\"position\":1,\"name\":\"Home\",\"item\":\"https:\/\/digital-accessibility.eu\/\"},{\"@type\":\"ListItem\",\"position\":2,\"name\":\"Training Modules\"}]}]}<\/script>\n<!-- \/ Yoast SEO plugin. -->","yoast_head_json":{"title":"Training Modules &bull; Certified Digital Accessibility Training","robots":{"index":"index","follow":"follow","max-snippet":"max-snippet:-1","max-image-preview":"max-image-preview:large","max-video-preview":"max-video-preview:-1"},"canonical":"https:\/\/digital-accessibility.eu\/pl\/training-modules\/","og_locale":"pl_PL","og_type":"article","og_title":"Training Modules &bull; Certified Digital Accessibility Training","og_description":"Training Modules Digital Accessibility Manager Digital Accessibility Manager training is focused on preparing the specialists who are able to manage and implement digital accessibility standards in their organizations, or in organizations they work for. The training includes: Introduction to DA&hellip; Kontynuuj czytanie","og_url":"https:\/\/digital-accessibility.eu\/pl\/training-modules\/","og_site_name":"Certified Digital Accessibility Training","article_publisher":"https:\/\/www.facebook.com\/digitalaccessibilityproject\/","article_modified_time":"2021-02-26T07:24:14+00:00","og_image":[{"url":"http:\/\/digital-accessibility.eu\/wp-content\/uploads\/2019\/10\/003-analysis_b.png"}],"twitter_card":"summary_large_image","twitter_site":"@DigitalAccessib","twitter_misc":{"Szacowany czas czytania":"3 minuty"},"schema":{"@context":"https:\/\/schema.org","@graph":[{"@type":"Organization","@id":"https:\/\/digital-accessibility.eu\/#organization","name":"Certified Digital Accessibility Training","url":"https:\/\/digital-accessibility.eu\/","sameAs":["https:\/\/www.facebook.com\/digitalaccessibilityproject\/","https:\/\/www.linkedin.com\/company\/e-digital-accessibility-project-certified-digital-accessibility-training","https:\/\/twitter.com\/DigitalAccessib"],"logo":{"@type":"ImageObject","@id":"https:\/\/digital-accessibility.eu\/#logo","inLanguage":"pl-PL","url":"https:\/\/digital-accessibility.eu\/wp-content\/uploads\/2019\/03\/Digital-Accessibility-medium.png","contentUrl":"https:\/\/digital-accessibility.eu\/wp-content\/uploads\/2019\/03\/Digital-Accessibility-medium.png","width":400,"height":222,"caption":"Certified Digital Accessibility Training"},"image":{"@id":"https:\/\/digital-accessibility.eu\/#logo"}},{"@type":"WebSite","@id":"https:\/\/digital-accessibility.eu\/#website","url":"https:\/\/digital-accessibility.eu\/","name":"Certified Digital Accessibility Training","description":"We offer certified digital accessibility training on our fully WCAG compliant web page that enables all users to interact with us.","publisher":{"@id":"https:\/\/digital-accessibility.eu\/#organization"},"potentialAction":[{"@type":"SearchAction","target":{"@type":"EntryPoint","urlTemplate":"https:\/\/digital-accessibility.eu\/?s={search_term_string}"},"query-input":"required name=search_term_string"}],"inLanguage":"pl-PL"},{"@type":"ImageObject","@id":"https:\/\/digital-accessibility.eu\/sl\/training-modules\/#primaryimage","inLanguage":"pl-PL","url":"http:\/\/digital-accessibility.eu\/wp-content\/uploads\/2019\/10\/003-analysis_b.png","contentUrl":"http:\/\/digital-accessibility.eu\/wp-content\/uploads\/2019\/10\/003-analysis_b.png"},{"@type":"WebPage","@id":"https:\/\/digital-accessibility.eu\/sl\/training-modules\/#webpage","url":"https:\/\/digital-accessibility.eu\/sl\/training-modules\/","name":"Training Modules &bull; Certified Digital Accessibility Training","isPartOf":{"@id":"https:\/\/digital-accessibility.eu\/#website"},"primaryImageOfPage":{"@id":"https:\/\/digital-accessibility.eu\/sl\/training-modules\/#primaryimage"},"datePublished":"2019-10-30T14:58:53+00:00","dateModified":"2021-02-26T07:24:14+00:00","breadcrumb":{"@id":"https:\/\/digital-accessibility.eu\/sl\/training-modules\/#breadcrumb"},"inLanguage":"pl-PL","potentialAction":[{"@type":"ReadAction","target":["https:\/\/digital-accessibility.eu\/sl\/training-modules\/"]}]},{"@type":"BreadcrumbList","@id":"https:\/\/digital-accessibility.eu\/sl\/training-modules\/#breadcrumb","itemListElement":[{"@type":"ListItem","position":1,"name":"Home","item":"https:\/\/digital-accessibility.eu\/"},{"@type":"ListItem","position":2,"name":"Training Modules"}]}]}},"_links":{"self":[{"href":"https:\/\/digital-accessibility.eu\/pl\/wp-json\/wp\/v2\/pages\/1275"}],"collection":[{"href":"https:\/\/digital-accessibility.eu\/pl\/wp-json\/wp\/v2\/pages"}],"about":[{"href":"https:\/\/digital-accessibility.eu\/pl\/wp-json\/wp\/v2\/types\/page"}],"author":[{"embeddable":true,"href":"https:\/\/digital-accessibility.eu\/pl\/wp-json\/wp\/v2\/users\/2"}],"replies":[{"embeddable":true,"href":"https:\/\/digital-accessibility.eu\/pl\/wp-json\/wp\/v2\/comments?post=1275"}],"version-history":[{"count":20,"href":"https:\/\/digital-accessibility.eu\/pl\/wp-json\/wp\/v2\/pages\/1275\/revisions"}],"predecessor-version":[{"id":9728,"href":"https:\/\/digital-accessibility.eu\/pl\/wp-json\/wp\/v2\/pages\/1275\/revisions\/9728"}],"wp:attachment":[{"href":"https:\/\/digital-accessibility.eu\/pl\/wp-json\/wp\/v2\/media?parent=1275"}],"curies":[{"name":"wp","href":"https:\/\/api.w.org\/{rel}","templated":true}]}}