{"id":968,"date":"2019-07-18T09:46:18","date_gmt":"2019-07-18T09:46:18","guid":{"rendered":"http:\/\/digital-accessibility.eu\/?page_id=968"},"modified":"2021-02-25T18:02:05","modified_gmt":"2021-02-25T18:02:05","slug":"certified-digital-accessibility-training","status":"publish","type":"page","link":"https:\/\/digital-accessibility.eu\/es\/","title":{"rendered":"Formaci\u00f3n Certificada en Accesibilidad Digital"},"content":{"rendered":"<h1>\u00a1Bienvenido al proyecto ERASMUS + Certified Digital Accessibility Training!<\/h1>\n\t<p>Contribuimos a la <strong>accesibilidad digital para todos,<\/strong> desarrollando formaciones para diversos profesionales que trabajan en el mundo digital.<\/p>\n\t<p><strong>Ponga a prueba sus conocimientos<\/strong> sobre accesibilidad digital:<\/p>\n\t<p><a href=\"\/digital-accessibility-quizzes\">Haz un cuestionario<\/a><\/p>\n\t<h2>El Proyecto<\/h2>\n\t<h3>Objetivos<\/h3>\n\t<p>El proyecto tiene como objetivo desarrollar capacitaci\u00f3n especializada en accesibilidad digital y una plataforma de aprendizaje electr\u00f3nico accesible para mejorar el conocimiento, las habilidades y las competencias de diversos grupos de partes interesadas clave. La capacitaci\u00f3n sigue los est\u00e1ndares de accesibilidad web y permite a los desarrolladores de sitios web, dise\u00f1adores, gerentes y otros responder a las necesidades de discapacitados visuales, auditivos, f\u00edsicos o cognitivos, as\u00ed como a las personas mayores.<\/p>\n\t<h3>MOTIVACION<\/h3>\n\t<p>El proyecto es un resultado directo de las necesidades actuales del mercado, ya que los planes de estudio actuales en los pa\u00edses socios no incluyen el aspecto de accesibilidad en los programas de FP. En este sentido, el proyecto se centra en las competencias de los formadores, profesores y mentores de EFP dot\u00e1ndolos de nuevas herramientas para asegurar los resultados de los procesos de aprendizaje en EFP, validando las habilidades de los alumnos y haci\u00e9ndolas visibles para sus alumnos.<\/p>\n\t<h3>RESULTADOS ESPERADOS<\/h3>\n\t<ul>\n<li><a href=\"https:\/\/digital-accessibility.eu\/about-the-project\/project-outputs\/\">Marco de habilidades en Accesibilidad Digital&amp;an\u00e1lisis de los roles laborales<\/a><\/li>\n<li><a href=\"https:\/\/digital-accessibility.eu\/about-the-project\/project-outputs\/\">Curriculum Formativo&amp; Metodolog\u00eda de Certificaci\u00f3n<\/a><\/li>\n<li><a href=\"https:\/\/digital-accessibility.eu\/training-modules\/\">Innovadores m\u00f3dulos formativos<\/a><\/li>\n<li><a href=\"http:\/\/digital-accessibility.eu\/learn\">Plataforma de E-Learning Accesible<\/a><\/li>\n<\/ul>\n<h2>\u00bfQue es la accesibilidad Digital?<\/h2>\n<p>La accesibilidad digital es la capacidad de un sitio web, una aplicaci\u00f3n m\u00f3vil o un documento electr\u00f3nico para navegar y comprender f\u00e1cilmente por una amplia gama de usuarios, incluidos aquellos usuarios con discapacidades visuales, auditivas, motoras o cognitivas temporales o permanentes.<\/p>\n<p><strong>Hacer que la web sea accesible beneficia a individuos, empresas y la sociedad<\/strong>.<\/p>\n\t<blockquote><p>El poder de la web est\u00e1 en su universalidad. El acceso de todos, independientemente de la discapacidad, es un aspecto esencial.<\/p><\/blockquote>\n<p><cite>Tim Berners-Lee, inventor de la World Wide Web<\/cite><\/p>\n\t<h2>Empiece a aprender sobre accesibilidad digital y ayude a crear una<br \/>\n<strong>WEB PARA TODOS<\/strong>.<\/h2>\n\t<h3>En nuestra plataforma de e-learning puede acceder<br \/>\na m\u00f3dulos de aprendizaje gratuitos para:<\/h3>\n\t\t\t\t<img loading=\"lazy\" src=\"https:\/\/digital-accessibility.eu\/wp-content\/uploads\/2019\/03\/003-analysis-1.png\" alt=\"manager icon\" itemprop=\"image\" height=\"100\" width=\"100\" title=\"003-analysis-1\" onerror=\"this.style.display='none'\"  \/>\n\t<p><a href=\"https:\/\/digital-accessibility.eu\/training-modules#DA_Manager\">Manager de Accesibilidad Digital<\/a><\/p>\n\t\t\t\t<img loading=\"lazy\" src=\"https:\/\/digital-accessibility.eu\/wp-content\/uploads\/2019\/03\/001-www-1.png\" alt=\"tester icon\" itemprop=\"image\" height=\"100\" width=\"100\" title=\"001-www-1\" onerror=\"this.style.display='none'\"  \/>\n\t<p><a href=\"https:\/\/digital-accessibility.eu\/training-modules#DA_Tester\">Testeador de Accesibilidad Digital<\/a><\/p>\n\t\t\t\t<img loading=\"lazy\" src=\"https:\/\/digital-accessibility.eu\/wp-content\/uploads\/2019\/03\/005-tools-and-utensils-1.png\" alt=\"developer icon\" itemprop=\"image\" height=\"100\" width=\"100\" title=\"005-tools-and-utensils-1\" onerror=\"this.style.display='none'\"  \/>\n\t<p><a href=\"https:\/\/digital-accessibility.eu\/training-modules#DA_Developer\">Desarrollador web con experiencia en Accesibilidad Digital<\/a><\/p>\n\t\t\t\t<img loading=\"lazy\" src=\"https:\/\/digital-accessibility.eu\/wp-content\/uploads\/2019\/03\/004-art-1.png\" alt=\"designer icon\" itemprop=\"image\" height=\"100\" width=\"100\" title=\"004-art-1\" onerror=\"this.style.display='none'\"  \/>\n\t<p><a href=\"https:\/\/digital-accessibility.eu\/training-modules#DA_Designer\">Dise\u00f1ador web con experiencia en Accesibilidad Digital<\/a><\/p>\n\t<h2>Un Proyecto ERASMUS+<\/h2>\n<p>Esta p\u00e1gina web y plataforma de e-learning son el resultado de un proyecto Erasmus +, que comenz\u00f3 en 2018. El proyecto reuni\u00f3 <strong>a expertos y organizaciones educativas<\/strong> de muchos pa\u00edses europeos. Contribuimos a un mejor acceso a la formaci\u00f3n y las cualificaciones para todos, <strong>haciendo que todos los materiales sean accesibles para todos y se puedan descargar gratuitamente<\/strong> desde el portal web. Teniendo esto en cuenta, el proyecto tendr\u00e1 un impacto en la <strong>inclusi\u00f3n social de las personas con discapacidad\u00a0<\/strong>al promover y fomentar el aprendizaje sobre webs y aplicaciones accesibles. Adem\u00e1s, <strong>fortaleceremos el desarrollo profesional<\/strong> de formadores, docentes y otros interesados \u200b\u200ben el tema.<\/p>\n\t<h3>Socios del proyecto:<\/h3>\n\t<p>Institute for Advanced Communication Management<\/p>\n\t\t\t\t<a href=\"http:\/\/www.inuk.si\/en\/\" target=\"_blank\" rel=\"noopener\" itemprop=\"url\">\n\t\t\t\t<img loading=\"lazy\" src=\"https:\/\/digital-accessibility.eu\/wp-content\/uploads\/2019\/03\/INUK_logo-2.png\" alt=\"INUK logo\" itemprop=\"image\" height=\"200\" width=\"304\" title=\"INUK_logo-2\" onerror=\"this.style.display='none'\"  \/>\n\t\t\t\t<\/a>\n\t<p>Faculty of Electrical Engineering and Computer Science, UM<\/p>\n\t\t\t\t<a href=\"https:\/\/feri.um.si\/en\/\" target=\"_blank\" rel=\"noopener\" itemprop=\"url\">\n\t\t\t\t<img loading=\"lazy\" src=\"https:\/\/digital-accessibility.eu\/wp-content\/uploads\/2019\/03\/logo-um-feri_en.png\" alt=\"UM FERI logo\" itemprop=\"image\" height=\"129\" width=\"221\" title=\"logo-um-feri_en\" onerror=\"this.style.display='none'\"  \/>\n\t\t\t\t<\/a>\n\t<p>Centre for Sustainable Development &#8220;HORIZONS&#8221;<\/p>\n\t\t\t\t<a href=\"http:\/\/centrumhoryzonty.pl\/en\/\" target=\"_blank\" rel=\"noopener\" itemprop=\"url\">\n\t\t\t\t<img loading=\"lazy\" src=\"https:\/\/digital-accessibility.eu\/wp-content\/uploads\/2019\/03\/Horizonty-744x198.png\" alt=\"Horizonty logo\" itemprop=\"image\" height=\"198\" width=\"744\" title=\"Horizonty\" onerror=\"this.style.display='none'\"  \/>\n\t\t\t\t<\/a>\n\t<p>Siedlce University of Natural Sciences and Humanities<\/p>\n\t\t\t\t<a href=\"https:\/\/www.uph.edu.pl\/en\/\" target=\"_blank\" rel=\"noopener\" itemprop=\"url\">\n\t\t\t\t<img loading=\"lazy\" src=\"https:\/\/digital-accessibility.eu\/wp-content\/uploads\/2019\/03\/Siedlce_logo.png\" alt=\"Siedlce University logo\" itemprop=\"image\" height=\"130\" width=\"308\" title=\"Siedlce_logo\" onerror=\"this.style.display='none'\"  \/>\n\t\t\t\t<\/a>\n\t<p>Best Cybernetics<\/p>\n\t\t\t\t<a href=\"https:\/\/bestcybernetics.com\/en\/\" target=\"_blank\" rel=\"noopener\" itemprop=\"url\">\n\t\t\t\t<img loading=\"lazy\" src=\"https:\/\/digital-accessibility.eu\/wp-content\/uploads\/2019\/03\/best-cybernetics_logo.png\" alt=\"Best Cybernetics logo\" itemprop=\"image\" height=\"90\" width=\"529\" title=\"best-cybernetics_logo\" onerror=\"this.style.display='none'\"  \/>\n\t\t\t\t<\/a>\n\t<p>STP Consulting<\/p>\n\t\t\t\t<a href=\"http:\/\/stpeuropa.eu\/index2_en.html\" target=\"_blank\" rel=\"noopener\" itemprop=\"url\">\n\t\t\t\t<img loading=\"lazy\" src=\"https:\/\/digital-accessibility.eu\/wp-content\/uploads\/2019\/10\/stpeuropa.png\" alt=\"STP consulting logo\" itemprop=\"image\" height=\"180\" width=\"858\" title=\"stpeuropa\" onerror=\"this.style.display='none'\"  \/>\n\t\t\t\t<\/a>\n\t\t\t\t<img loading=\"lazy\" src=\"https:\/\/digital-accessibility.eu\/wp-content\/uploads\/2019\/10\/logosbeneficaireserasmusleft_en.jpg\" alt=\"Co funded by the Erasmus+ Programme of the European Union\" itemprop=\"image\" height=\"1039\" width=\"4726\" onerror=\"this.style.display='none'\"  \/>\n\t<h2>CONTACTANOS<\/h2>\n<h3>Si tienes preguntas. Somos felices de ayudarle.<\/h3>\n\t<div role=\"form\" class=\"wpcf7\" id=\"wpcf7-f721-o1\" lang=\"en-US\" dir=\"ltr\">\n<div class=\"screen-reader-response\"><p role=\"status\" aria-live=\"polite\" aria-atomic=\"true\"><\/p> <ul><\/ul><\/div>\n<form action=\"\/es\/wp-json\/wp\/v2\/pages\/968#wpcf7-f721-o1\" method=\"post\" class=\"wpcf7-form init wpcf7-acceptance-as-validation\" novalidate=\"novalidate\" data-status=\"init\" data-trp-original-action=\"\/es\/wp-json\/wp\/v2\/pages\/968#wpcf7-f721-o1\">\n<div style=\"display: none;\">\n<input type=\"hidden\" name=\"_wpcf7\" value=\"721\" \/>\n<input type=\"hidden\" name=\"_wpcf7_version\" value=\"5.4.2\" \/>\n<input type=\"hidden\" name=\"_wpcf7_locale\" value=\"en_US\" \/>\n<input type=\"hidden\" name=\"_wpcf7_unit_tag\" value=\"wpcf7-f721-o1\" \/>\n<input type=\"hidden\" name=\"_wpcf7_container_post\" value=\"0\" \/>\n<input type=\"hidden\" name=\"_wpcf7_posted_data_hash\" value=\"\" \/>\n<input type=\"hidden\" name=\"_wpcf7_recaptcha_response\" value=\"\" \/>\n<\/div>\n<div class=\"one-half\">\n    <label for=\"your-name\"> Su nombre (requerido)<\/label><br \/>\n    <span class=\"wpcf7-form-control-wrap your-name\"><input type=\"text\" name=\"your-name\" value=\"\" size=\"40\" class=\"wpcf7-form-control wpcf7-text wpcf7-validates-as-required\" id=\"your-name\" aria-required=\"true\" aria-invalid=\"false\" \/><\/span>\n<\/div>\n<div class=\"one-half last\">\n    <label for=\"your-email\"> Su E-mail (requerido)<\/label><br \/>\n    <span class=\"wpcf7-form-control-wrap your-email\"><input type=\"email\" name=\"your-email\" value=\"\" size=\"40\" class=\"wpcf7-form-control wpcf7-text wpcf7-email wpcf7-validates-as-required wpcf7-validates-as-email\" id=\"your-email\" aria-required=\"true\" aria-invalid=\"false\" \/><\/span>\n<\/div>\n<p><label for=\"your-message\"> Su mensaje <\/label><br \/>\n    <span class=\"wpcf7-form-control-wrap your-message\"><textarea name=\"your-message\" cols=\"40\" rows=\"3\" class=\"wpcf7-form-control wpcf7-textarea\" id=\"your-message\" aria-invalid=\"false\"><\/textarea><\/span><\/p>\n<p><span class=\"wpcf7-form-control-wrap opt-in\"><span class=\"wpcf7-form-control wpcf7-checkbox\"><span class=\"wpcf7-list-item first last\"><label><input type=\"checkbox\" name=\"opt-in[]\" value=\"Subscribe to project news.\" \/><span class=\"wpcf7-list-item-label\">Suscribete a las noticias del proyecto<\/span><\/label><\/span><\/span><\/span>\n<\/p>\n<p class=\"acceptance\"><span class=\"wpcf7-form-control-wrap acceptance-consent\"><span class=\"wpcf7-form-control wpcf7-acceptance\"><span class=\"wpcf7-list-item\"><label><input type=\"checkbox\" name=\"acceptance-consent\" value=\"1\" aria-invalid=\"false\" id=\"acceptance-consent\" \/><span class=\"wpcf7-list-item-label\">Consiento en <a href=\"\/privacy-policy\">las condiciones<\/a>.<\/span><\/label><\/span><\/span><\/span>\n<\/p>\n<p>\n<input type=\"submit\" value=\"Enviar\" class=\"wpcf7-form-control wpcf7-submit\" \/><\/p>\n<div class=\"wpcf7-response-output\" aria-hidden=\"true\"><\/div><input type=\"hidden\" name=\"trp-form-language\" value=\"es\"\/><\/form><\/div>","protected":false},"excerpt":{"rendered":"<div class=\"entry-summary\">\n<p>Hola a TODOS! <br \/><\/br>We offer certified digital accessibility training on our fully WCAG 2.1 compliant web page that enables all users to interact with us. Enjoy the benefits of web accessibility and test your knowledge about this topic:<br \/><\/br><\/p>\n<p><a href=\"#\" class=\"button\">Take the quiz<\/a><\/p>\n<\/div>\n<div class=\"link-more\"><a href=\"https:\/\/digital-accessibility.eu\/es\/\" class=\"more-link\">Seguir leyendo<span class=\"screen-reader-text\"> &ldquo;Certified Digital Accessibility Training&rdquo;<\/span>&hellip;<\/a><\/div>","protected":false},"author":2,"featured_media":0,"parent":0,"menu_order":0,"comment_status":"closed","ping_status":"closed","template":"templates\/no-intro.php","meta":[],"yoast_head":"<!-- This site is optimized with the Yoast SEO plugin v17.9 - https:\/\/yoast.com\/wordpress\/plugins\/seo\/ -->\n<title>Certified Digital Accessibility Training &bull; Certified Digital Accessibility Training<\/title>\n<meta name=\"robots\" content=\"index, follow, max-snippet:-1, max-image-preview:large, max-video-preview:-1\" \/>\n<link rel=\"canonical\" href=\"https:\/\/digital-accessibility.eu\/es\/\" \/>\n<meta property=\"og:locale\" content=\"es_ES\" \/>\n<meta property=\"og:type\" content=\"article\" \/>\n<meta property=\"og:title\" content=\"Certified Digital Accessibility Training &bull; Certified Digital Accessibility Training\" \/>\n<meta property=\"og:description\" content=\"Hello to ALL! We offer certified digital accessibility training on our fully WCAG 2.1 compliant web page that enables all users to interact with us. Enjoy the benefits of web accessibility and test your knowledge about this topic:Take the quiz Seguir leyendo &ldquo;Certified Digital Accessibility Training&rdquo;&hellip;\" \/>\n<meta property=\"og:url\" content=\"https:\/\/digital-accessibility.eu\/es\/\" \/>\n<meta property=\"og:site_name\" content=\"Certified Digital Accessibility Training\" \/>\n<meta property=\"article:publisher\" content=\"https:\/\/www.facebook.com\/digitalaccessibilityproject\/\" \/>\n<meta property=\"article:modified_time\" content=\"2021-02-25T18:02:05+00:00\" \/>\n<meta property=\"og:image\" content=\"https:\/\/digital-accessibility.eu\/wp-content\/uploads\/2019\/03\/003-analysis-1.png\" \/>\n<meta name=\"twitter:card\" content=\"summary_large_image\" \/>\n<meta name=\"twitter:site\" content=\"@DigitalAccessib\" \/>\n<meta name=\"twitter:label1\" content=\"Tiempo de lectura\" \/>\n\t<meta name=\"twitter:data1\" content=\"4 minutos\" \/>\n<script type=\"application\/ld+json\" class=\"yoast-schema-graph\">{\"@context\":\"https:\/\/schema.org\",\"@graph\":[{\"@type\":\"Organization\",\"@id\":\"https:\/\/digital-accessibility.eu\/#organization\",\"name\":\"Certified Digital Accessibility Training\",\"url\":\"https:\/\/digital-accessibility.eu\/\",\"sameAs\":[\"https:\/\/www.facebook.com\/digitalaccessibilityproject\/\",\"https:\/\/www.linkedin.com\/company\/e-digital-accessibility-project-certified-digital-accessibility-training\",\"https:\/\/twitter.com\/DigitalAccessib\"],\"logo\":{\"@type\":\"ImageObject\",\"@id\":\"https:\/\/digital-accessibility.eu\/#logo\",\"inLanguage\":\"es\",\"url\":\"https:\/\/digital-accessibility.eu\/wp-content\/uploads\/2019\/03\/Digital-Accessibility-medium.png\",\"contentUrl\":\"https:\/\/digital-accessibility.eu\/wp-content\/uploads\/2019\/03\/Digital-Accessibility-medium.png\",\"width\":400,\"height\":222,\"caption\":\"Certified Digital Accessibility Training\"},\"image\":{\"@id\":\"https:\/\/digital-accessibility.eu\/#logo\"}},{\"@type\":\"WebSite\",\"@id\":\"https:\/\/digital-accessibility.eu\/#website\",\"url\":\"https:\/\/digital-accessibility.eu\/\",\"name\":\"Certified Digital Accessibility Training\",\"description\":\"We offer certified digital accessibility training on our fully WCAG compliant web page that enables all users to interact with us.\",\"publisher\":{\"@id\":\"https:\/\/digital-accessibility.eu\/#organization\"},\"potentialAction\":[{\"@type\":\"SearchAction\",\"target\":{\"@type\":\"EntryPoint\",\"urlTemplate\":\"https:\/\/digital-accessibility.eu\/?s={search_term_string}\"},\"query-input\":\"required name=search_term_string\"}],\"inLanguage\":\"es\"},{\"@type\":\"ImageObject\",\"@id\":\"https:\/\/digital-accessibility.eu\/#primaryimage\",\"inLanguage\":\"es\",\"url\":\"https:\/\/digital-accessibility.eu\/wp-content\/uploads\/2019\/03\/003-analysis-1.png\",\"contentUrl\":\"https:\/\/digital-accessibility.eu\/wp-content\/uploads\/2019\/03\/003-analysis-1.png\",\"width\":100,\"height\":100,\"caption\":\"manager icon\"},{\"@type\":\"WebPage\",\"@id\":\"https:\/\/digital-accessibility.eu\/#webpage\",\"url\":\"https:\/\/digital-accessibility.eu\/\",\"name\":\"Certified Digital Accessibility Training &bull; Certified Digital Accessibility Training\",\"isPartOf\":{\"@id\":\"https:\/\/digital-accessibility.eu\/#website\"},\"primaryImageOfPage\":{\"@id\":\"https:\/\/digital-accessibility.eu\/#primaryimage\"},\"datePublished\":\"2019-07-18T09:46:18+00:00\",\"dateModified\":\"2021-02-25T18:02:05+00:00\",\"breadcrumb\":{\"@id\":\"https:\/\/digital-accessibility.eu\/#breadcrumb\"},\"inLanguage\":\"es\",\"potentialAction\":[{\"@type\":\"ReadAction\",\"target\":[\"https:\/\/digital-accessibility.eu\/\"]}]},{\"@type\":\"BreadcrumbList\",\"@id\":\"https:\/\/digital-accessibility.eu\/#breadcrumb\",\"itemListElement\":[{\"@type\":\"ListItem\",\"position\":1,\"name\":\"Home\",\"item\":\"https:\/\/digital-accessibility.eu\/\"},{\"@type\":\"ListItem\",\"position\":2,\"name\":\"Certified Digital Accessibility Training\"}]}]}<\/script>\n<!-- \/ Yoast SEO plugin. -->","yoast_head_json":{"title":"Certified Digital Accessibility Training &bull; Certified Digital Accessibility Training","robots":{"index":"index","follow":"follow","max-snippet":"max-snippet:-1","max-image-preview":"max-image-preview:large","max-video-preview":"max-video-preview:-1"},"canonical":"https:\/\/digital-accessibility.eu\/es\/","og_locale":"es_ES","og_type":"article","og_title":"Certified Digital Accessibility Training &bull; Certified Digital Accessibility Training","og_description":"Hello to ALL! We offer certified digital accessibility training on our fully WCAG 2.1 compliant web page that enables all users to interact with us. Enjoy the benefits of web accessibility and test your knowledge about this topic:Take the quiz Seguir leyendo &ldquo;Certified Digital Accessibility Training&rdquo;&hellip;","og_url":"https:\/\/digital-accessibility.eu\/es\/","og_site_name":"Certified Digital Accessibility Training","article_publisher":"https:\/\/www.facebook.com\/digitalaccessibilityproject\/","article_modified_time":"2021-02-25T18:02:05+00:00","og_image":[{"url":"https:\/\/digital-accessibility.eu\/wp-content\/uploads\/2019\/03\/003-analysis-1.png"}],"twitter_card":"summary_large_image","twitter_site":"@DigitalAccessib","twitter_misc":{"Tiempo de lectura":"4 minutos"},"schema":{"@context":"https:\/\/schema.org","@graph":[{"@type":"Organization","@id":"https:\/\/digital-accessibility.eu\/#organization","name":"Certified Digital Accessibility Training","url":"https:\/\/digital-accessibility.eu\/","sameAs":["https:\/\/www.facebook.com\/digitalaccessibilityproject\/","https:\/\/www.linkedin.com\/company\/e-digital-accessibility-project-certified-digital-accessibility-training","https:\/\/twitter.com\/DigitalAccessib"],"logo":{"@type":"ImageObject","@id":"https:\/\/digital-accessibility.eu\/#logo","inLanguage":"es","url":"https:\/\/digital-accessibility.eu\/wp-content\/uploads\/2019\/03\/Digital-Accessibility-medium.png","contentUrl":"https:\/\/digital-accessibility.eu\/wp-content\/uploads\/2019\/03\/Digital-Accessibility-medium.png","width":400,"height":222,"caption":"Certified Digital Accessibility Training"},"image":{"@id":"https:\/\/digital-accessibility.eu\/#logo"}},{"@type":"WebSite","@id":"https:\/\/digital-accessibility.eu\/#website","url":"https:\/\/digital-accessibility.eu\/","name":"Certified Digital Accessibility Training","description":"We offer certified digital accessibility training on our fully WCAG compliant web page that enables all users to interact with us.","publisher":{"@id":"https:\/\/digital-accessibility.eu\/#organization"},"potentialAction":[{"@type":"SearchAction","target":{"@type":"EntryPoint","urlTemplate":"https:\/\/digital-accessibility.eu\/?s={search_term_string}"},"query-input":"required name=search_term_string"}],"inLanguage":"es"},{"@type":"ImageObject","@id":"https:\/\/digital-accessibility.eu\/#primaryimage","inLanguage":"es","url":"https:\/\/digital-accessibility.eu\/wp-content\/uploads\/2019\/03\/003-analysis-1.png","contentUrl":"https:\/\/digital-accessibility.eu\/wp-content\/uploads\/2019\/03\/003-analysis-1.png","width":100,"height":100,"caption":"manager icon"},{"@type":"WebPage","@id":"https:\/\/digital-accessibility.eu\/#webpage","url":"https:\/\/digital-accessibility.eu\/","name":"Certified Digital Accessibility Training &bull; Certified Digital Accessibility Training","isPartOf":{"@id":"https:\/\/digital-accessibility.eu\/#website"},"primaryImageOfPage":{"@id":"https:\/\/digital-accessibility.eu\/#primaryimage"},"datePublished":"2019-07-18T09:46:18+00:00","dateModified":"2021-02-25T18:02:05+00:00","breadcrumb":{"@id":"https:\/\/digital-accessibility.eu\/#breadcrumb"},"inLanguage":"es","potentialAction":[{"@type":"ReadAction","target":["https:\/\/digital-accessibility.eu\/"]}]},{"@type":"BreadcrumbList","@id":"https:\/\/digital-accessibility.eu\/#breadcrumb","itemListElement":[{"@type":"ListItem","position":1,"name":"Home","item":"https:\/\/digital-accessibility.eu\/"},{"@type":"ListItem","position":2,"name":"Certified Digital Accessibility Training"}]}]}},"_links":{"self":[{"href":"https:\/\/digital-accessibility.eu\/es\/wp-json\/wp\/v2\/pages\/968"}],"collection":[{"href":"https:\/\/digital-accessibility.eu\/es\/wp-json\/wp\/v2\/pages"}],"about":[{"href":"https:\/\/digital-accessibility.eu\/es\/wp-json\/wp\/v2\/types\/page"}],"author":[{"embeddable":true,"href":"https:\/\/digital-accessibility.eu\/es\/wp-json\/wp\/v2\/users\/2"}],"replies":[{"embeddable":true,"href":"https:\/\/digital-accessibility.eu\/es\/wp-json\/wp\/v2\/comments?post=968"}],"version-history":[{"count":55,"href":"https:\/\/digital-accessibility.eu\/es\/wp-json\/wp\/v2\/pages\/968\/revisions"}],"predecessor-version":[{"id":9722,"href":"https:\/\/digital-accessibility.eu\/es\/wp-json\/wp\/v2\/pages\/968\/revisions\/9722"}],"wp:attachment":[{"href":"https:\/\/digital-accessibility.eu\/es\/wp-json\/wp\/v2\/media?parent=968"}],"curies":[{"name":"wp","href":"https:\/\/api.w.org\/{rel}","templated":true}]}}