{"id":1324,"date":"2019-11-05T18:47:53","date_gmt":"2019-11-05T18:47:53","guid":{"rendered":"http:\/\/digital-accessibility.eu\/?page_id=1324"},"modified":"2020-08-27T09:22:25","modified_gmt":"2020-08-27T09:22:25","slug":"project-partners","status":"publish","type":"page","link":"https:\/\/digital-accessibility.eu\/es\/about-the-project\/project-partners\/","title":{"rendered":"Socios del proyecto"},"content":{"rendered":"<h2>Socios del proyecto<\/h2>\n<h3>\n\t\t<a href=\"http:\/\/www.inuk.si\/\" title=\"Instituto INUK para la Gesti\u00f3n Avanzada de la Comunicaci\u00f3n (Instituto INUK)\" target=\"_blank\" rel=\"noopener noreferrer\">\n\t\tInstituto INUK para la Gesti\u00f3n Avanzada de la Comunicaci\u00f3n (Instituto INUK)\n\t\t<\/a>\n\t<\/h3>\n\t<p>El Instituto INUK es una organizaci\u00f3n de investigaci\u00f3n y formaci\u00f3n sin fines de lucro, enfocada en desarrollar y promover modelos y estrategias de comunicaci\u00f3n modernas, que apoyen la econom\u00eda de valor compartido, empoderen a las comunidades y la inclusi\u00f3n de todos. Instituto ofrece diferentes capacitaciones y servicios de consultor\u00eda a diferentes organizaciones e individuos principalmente sobre el uso de las redes sociales y las nuevas tecnolog\u00edas para la comunicaci\u00f3n empresarial, la educaci\u00f3n y la participaci\u00f3n de la comunidad. <\/p>\n\t\t\t\t<img loading=\"lazy\" src=\"http:\/\/digital-accessibility.eu\/wp-content\/uploads\/2019\/11\/inuk.png\" alt=\"INUK logo\" itemprop=\"image\" height=\"315\" width=\"423\" title=\"inuk\" onerror=\"this.style.display='none'\"  \/>\n\t\t\t\t<img loading=\"lazy\" src=\"http:\/\/digital-accessibility.eu\/wp-content\/uploads\/2019\/11\/cybernetics.png\" alt=\"BestCybernetics logo\" itemprop=\"image\" height=\"650\" width=\"650\" title=\"cybernetics\" onerror=\"this.style.display='none'\"  \/>\n<h3>\n\t\t<a href=\"https:\/\/bestcybernetics.com\" title=\"Best Cybernetics\" target=\"_blank\" rel=\"noopener noreferrer\">\n\t\tBest Cybernetics\n\t\t<\/a>\n\t<\/h3>\n\t<p>Best Cybernetics fue fundada en 2009 como una empresa privada de software, consultor\u00eda y formaci\u00f3n. La Empresa desarrolla programas para el uso y aplicaci\u00f3n de las Tecnolog\u00edas de la Informaci\u00f3n y la Comunicaci\u00f3n (TIC) en los sectores de Educaci\u00f3n, Formaci\u00f3n y Empresas. Se especializa en el dise\u00f1o y desarrollo de aplicaciones web, m\u00f3viles y multimedia que proporcionan servicios de ciclo completo (dise\u00f1o, implementaci\u00f3n, mantenimiento). La empresa tiene experiencia en el dise\u00f1o y desarrollo de sistemas integrados, incluidos entornos front-end y backend que se ejecutan en una amplia gama de dispositivos (desde monitores de computadoras de escritorio hasta dispositivos m\u00f3viles), dise\u00f1ados para admitir el sistema de gesti\u00f3n de contenido (CMS), sistema de gesti\u00f3n de bases de datos, interconexi\u00f3n con tecnolog\u00edas en la nube, grupos de usuarios, etc. Tambi\u00e9n cuenta con una s\u00f3lida experiencia en el dise\u00f1o de software educativo mediante la personalizaci\u00f3n de plataformas electr\u00f3nicas, la organizaci\u00f3n de cursos electr\u00f3nicos, el dise\u00f1o y desarrollo de contenidos de formaci\u00f3n en l\u00ednea, la producci\u00f3n de contenidos multimedia y la promoci\u00f3n de comunidades virtuales de pr\u00e1ctica.<\/p>\n<h3>\n\t\t<a href=\"www.inuk.si\" title=\"HORIZONS\" target=\"_blank\" rel=\"noopener noreferrer\">\n\t\tHORIZONS\n\t\t<\/a>\n\t<\/h3>\n\t<p>The Centre for Sustainable Development \u201eHORIZONS\u201d (Centrum Zr\u00f3wnowa\u017conego Rozwoju \u201cHORYZONTY\u201d) is a Polish non-governmental organization, registered in the National Court Register and operating since 2012. The mission of HORIZONS is to work for the ideas of sustainable development, which expresses itself in various and diverse forms of activities. The Centre initiates, implements and supports educational and research projects that are aiming towards improving the condition of the natural environment and development of civic society. Organization members participate in local, national and international initiatives that aim to improve the quality of life of people while maintaining the natural environment and rational usage of natural resources. Organization&#8217;s goals include: acting for and advocating of entrepreneurship, corporate social responsibility, informal education, various forms of lifelong learning, sport, culture, and arts, as well as health protection, acting for the public good in the field of environment protection and acting for development of democracy and civic society.<\/p>\n\t\t\t\t<a href=\"http:\/\/centrumhoryzonty.pl\" target=\"_blank\" rel=\"noopener noreferrer\" itemprop=\"url\">\n\t\t\t\t<img loading=\"lazy\" src=\"http:\/\/digital-accessibility.eu\/wp-content\/uploads\/2019\/12\/Horyzonty_.png\" alt=\"Horyzonty_\" itemprop=\"image\" height=\"315\" width=\"602\" title=\"Horyzonty_\" onerror=\"this.style.display='none'\"  \/>\n\t\t\t\t<\/a>\n\t\t\t\t<a href=\"http:\/\/www.stpeuropa.eu\/\" target=\"_blank\" rel=\"noopener noreferrer\" itemprop=\"url\">\n\t\t\t\t<img loading=\"lazy\" src=\"http:\/\/digital-accessibility.eu\/wp-content\/uploads\/2019\/10\/stpeuropa.png\" alt=\"STP consulting logo\" itemprop=\"image\" height=\"180\" width=\"858\" title=\"stpeuropa\" onerror=\"this.style.display='none'\"  \/>\n\t\t\t\t<\/a>\n<h3>\n\t\t<a href=\"http:\/\/www.stpeuropa.eu\/\" title=\"STP CONSULTING\" target=\"_blank\" rel=\"noopener noreferrer\">\n\t\tSTP CONSULTING\n\t\t<\/a>\n\t<\/h3>\n\t<p>STP Consulting es Soluciones de Formaci\u00f3n Profesional (STP Consulting) ya que el Centro de Formaci\u00f3n est\u00e1 ubicado en Zaragoza (Espa\u00f1a) y ofrece cursos de formaci\u00f3n y apoyo t\u00e9cnico a empresas privadas, administraci\u00f3n p\u00fablica en zonas rurales, colegios, ONG e incubadoras de Emprendedores en innovaci\u00f3n en las \u00e1reas del sector educativo, y soluciones profesionales del sector sin \u00e1nimo de lucro. Contribuir con nuestros servicios para estar cualificados para trabajar en una variedad de profesiones con la accesibilidad de la innovaci\u00f3n y la informaci\u00f3n para personas y comunidades con riesgo social, as\u00ed como desventajas. Nuestra actividad principal es mejorar las normas educativas, sociales y culturales mediante una cooperaci\u00f3n intensiva con otras regiones de la UE. Por lo tanto, el STP es muy activo en el desarrollo y la aplicaci\u00f3n de las formaciones educativas y profesionales, as\u00ed como en la ejecuci\u00f3n y promoci\u00f3n de proyectos de la UE relacionados con la educaci\u00f3n, la cultura y la sociedad.<\/p>\n<h3>\n\t\t<a href=\"https:\/\/feri.um.si\/en\/\" title=\"Universidad de Maribor, Facultad de Ingenier\u00eda El\u00e9ctrica y Inform\u00e1tica (UM FERI)\" target=\"_blank\" rel=\"noopener noreferrer\">\n\t\tUniversidad de Maribor, Facultad de Ingenier\u00eda El\u00e9ctrica y Inform\u00e1tica (UM FERI)\n\t\t<\/a>\n\t<\/h3>\n\t<p>Con m\u00e1s de 200 investigadores registrados, 50 t\u00e9cnicos y 2500 estudiantes, UM FERI es una de las principales instituciones educativas y de investigaci\u00f3n en el campo de la Ingenier\u00eda El\u00e9ctrica y Ciencias de la Computaci\u00f3n en europa sudoriental.<\/p>\n<p>UM FERI proporciona a los estudiantes conocimientos basados en trabajos de investigaci\u00f3n cient\u00edfica reconocidos internacionalmente, lo que les permite integrarse con \u00e9xito en entornos de trabajo futuros en Eslovenia y\/o en el extranjero.<\/p>\n<p>a investigaci\u00f3n asume como una actividad vital de UM FERI para fortalecer las posiciones de las instituciones universitarias de educaci\u00f3n e investigaci\u00f3n reconocidas internacionalmente. Las actividades de investigaci\u00f3n se llevan a cabo en 8 Institutos con 26 Laboratorios. En estas instituciones, operamos en los campos de la ingenier\u00eda el\u00e9ctrica, inform\u00e1tica, tecnolog\u00eda de la informaci\u00f3n, comunicaciones, medios de comunicaci\u00f3n, telecomunicaciones y mecatr\u00f3nica.<\/p>\n<p>UM FERI participa actualmente en m\u00e1s de 30 proyectos financiados por la UE (H2020, Interreg y otros), la OTAN y la Marina de los Estados Unidos, 20 proyectos nacionales de investigaci\u00f3n y 50 proyectos financiados por nuestros socios industriales globales.<\/p>\n<p>Uno de los 8 institutos del FERI es el Instituto de Inform\u00e1tica, donde el trabajo de I+D est\u00e1 orientado al desarrollo hol\u00edstico de los sistemas de informaci\u00f3n (IS) y los servicios. Los aspectos del desarrollo de IS abordan el desarrollo y definici\u00f3n de nuevas t\u00e9cnicas m\u00e1s efectivas, dise\u00f1o arquitect\u00f3nico, implementaci\u00f3n, gesti\u00f3n de bases de datos, verificaci\u00f3n y validaci\u00f3n de IS. El fuerte \u00e9nfasis se centra tambi\u00e9n en el dominio de interacci\u00f3n humano-ordenador (HCI). El trabajo est\u00e1 orientado a la calidad y la experiencia del usuario (UX), como la mejora de la calidad, la calidad interna y externa, la calidad en uso, los factores de calidad y las m\u00e9tricas, la evaluaci\u00f3n de la usabilidad, etc.<\/p>\n\t\t\t\t<img loading=\"lazy\" src=\"http:\/\/digital-accessibility.eu\/wp-content\/uploads\/2019\/11\/FERI_G2.jpg\" alt=\"FERI building\" itemprop=\"image\" height=\"577\" width=\"540\" title=\"FERI_G2\" onerror=\"this.style.display='none'\"  \/>\n\t\t\t\t<img loading=\"lazy\" src=\"http:\/\/digital-accessibility.eu\/wp-content\/uploads\/2019\/11\/siedlce.png\" alt=\"Siedlce University\" itemprop=\"image\" height=\"598\" width=\"793\" title=\"siedlce\" onerror=\"this.style.display='none'\"  \/>\n<h3>\n\t\t<a href=\"https:\/\/www.uph.edu.pl\/en\/\" title=\"Universidad de Ciencias Naturales y Humanidades en Siedlce (Universidad de Siedlce)\" target=\"_blank\" rel=\"noopener noreferrer\">\n\t\tUniversidad de Ciencias Naturales y Humanidades en Siedlce (Universidad de Siedlce)\n\t\t<\/a>\n\t<\/h3>\n\t<p>La Universidad de Ciencias Naturales y Humanidades en Siedlce es una universidad acad\u00e9mica p\u00fablica supervisada por el Ministro de Ciencia y Educaci\u00f3n Superior. La Universidad, que en 2019 celebr\u00f3 su 50 aniversario, se transform\u00f3 de la Academia de Podlasie el 1 de octubre de 2010. Fue creado sobre la base de la Escuela Superior de Agricultura y Pedagog\u00eda. La Universidad de Siedlce fue la primera instituci\u00f3n educativa en Polonia en inscribir a personas discapacitadas como estudiantes en 1989. Desde el 1 de octubre de 2019, la Universidad consta de 5 facultades: la Facultad de Humanidades, la Facultad de Ciencias Sociales, la Facultad de Ciencias Exactas y Naturales, la Facultad de Agrobioingenier\u00eda y Ciencias Animales, y la Facultad de Ciencias M\u00e9dicas y Ciencias de la Salud.<\/p>","protected":false},"excerpt":{"rendered":"<div class=\"entry-summary\">\nProject partners INUK Institute for Advanced Communication Management (INUK institute) INUK institute is a non-profit research and training organization, focused on developing and promoting modern communication models and strategies, that support shared value economy, empower communities and inclusion of all.&hellip;\n<\/div>\n<div class=\"link-more\"><a href=\"https:\/\/digital-accessibility.eu\/es\/about-the-project\/project-partners\/\" class=\"more-link\">Seguir leyendo<span class=\"screen-reader-text\"> &ldquo;Project partners&rdquo;<\/span>&hellip;<\/a><\/div>","protected":false},"author":2,"featured_media":0,"parent":1321,"menu_order":0,"comment_status":"closed","ping_status":"closed","template":"templates\/no-intro.php","meta":[],"yoast_head":"<!-- This site is optimized with the Yoast SEO plugin v17.9 - https:\/\/yoast.com\/wordpress\/plugins\/seo\/ -->\n<title>Project partners &bull; Certified Digital Accessibility Training<\/title>\n<meta name=\"robots\" content=\"index, follow, max-snippet:-1, max-image-preview:large, max-video-preview:-1\" \/>\n<link rel=\"canonical\" href=\"https:\/\/digital-accessibility.eu\/es\/about-the-project\/project-partners\/\" \/>\n<meta property=\"og:locale\" content=\"es_ES\" \/>\n<meta property=\"og:type\" content=\"article\" \/>\n<meta property=\"og:title\" content=\"Project partners &bull; Certified Digital Accessibility Training\" \/>\n<meta property=\"og:description\" content=\"Project partners INUK Institute for Advanced Communication Management (INUK institute) INUK institute is a non-profit research and training organization, focused on developing and promoting modern communication models and strategies, that support shared value economy, empower communities and inclusion of all.&hellip; Seguir leyendo &ldquo;Project partners&rdquo;&hellip;\" \/>\n<meta property=\"og:url\" content=\"https:\/\/digital-accessibility.eu\/es\/about-the-project\/project-partners\/\" \/>\n<meta property=\"og:site_name\" content=\"Certified Digital Accessibility Training\" \/>\n<meta property=\"article:publisher\" content=\"https:\/\/www.facebook.com\/digitalaccessibilityproject\/\" \/>\n<meta property=\"article:modified_time\" content=\"2020-08-27T09:22:25+00:00\" \/>\n<meta property=\"og:image\" content=\"http:\/\/digital-accessibility.eu\/wp-content\/uploads\/2019\/11\/inuk.png\" \/>\n<meta name=\"twitter:card\" content=\"summary_large_image\" \/>\n<meta name=\"twitter:site\" content=\"@DigitalAccessib\" \/>\n<meta name=\"twitter:label1\" content=\"Tiempo de lectura\" \/>\n\t<meta name=\"twitter:data1\" content=\"4 minutos\" \/>\n<script type=\"application\/ld+json\" class=\"yoast-schema-graph\">{\"@context\":\"https:\/\/schema.org\",\"@graph\":[{\"@type\":\"Organization\",\"@id\":\"https:\/\/digital-accessibility.eu\/#organization\",\"name\":\"Certified Digital Accessibility Training\",\"url\":\"https:\/\/digital-accessibility.eu\/\",\"sameAs\":[\"https:\/\/www.facebook.com\/digitalaccessibilityproject\/\",\"https:\/\/www.linkedin.com\/company\/e-digital-accessibility-project-certified-digital-accessibility-training\",\"https:\/\/twitter.com\/DigitalAccessib\"],\"logo\":{\"@type\":\"ImageObject\",\"@id\":\"https:\/\/digital-accessibility.eu\/#logo\",\"inLanguage\":\"es\",\"url\":\"https:\/\/digital-accessibility.eu\/wp-content\/uploads\/2019\/03\/Digital-Accessibility-medium.png\",\"contentUrl\":\"https:\/\/digital-accessibility.eu\/wp-content\/uploads\/2019\/03\/Digital-Accessibility-medium.png\",\"width\":400,\"height\":222,\"caption\":\"Certified Digital Accessibility Training\"},\"image\":{\"@id\":\"https:\/\/digital-accessibility.eu\/#logo\"}},{\"@type\":\"WebSite\",\"@id\":\"https:\/\/digital-accessibility.eu\/#website\",\"url\":\"https:\/\/digital-accessibility.eu\/\",\"name\":\"Certified Digital Accessibility Training\",\"description\":\"We offer certified digital accessibility training on our fully WCAG compliant web page that enables all users to interact with us.\",\"publisher\":{\"@id\":\"https:\/\/digital-accessibility.eu\/#organization\"},\"potentialAction\":[{\"@type\":\"SearchAction\",\"target\":{\"@type\":\"EntryPoint\",\"urlTemplate\":\"https:\/\/digital-accessibility.eu\/?s={search_term_string}\"},\"query-input\":\"required name=search_term_string\"}],\"inLanguage\":\"es\"},{\"@type\":\"ImageObject\",\"@id\":\"https:\/\/digital-accessibility.eu\/sl\/about-the-project\/project-partners\/#primaryimage\",\"inLanguage\":\"es\",\"url\":\"http:\/\/digital-accessibility.eu\/wp-content\/uploads\/2019\/11\/inuk.png\",\"contentUrl\":\"http:\/\/digital-accessibility.eu\/wp-content\/uploads\/2019\/11\/inuk.png\"},{\"@type\":\"WebPage\",\"@id\":\"https:\/\/digital-accessibility.eu\/sl\/about-the-project\/project-partners\/#webpage\",\"url\":\"https:\/\/digital-accessibility.eu\/sl\/about-the-project\/project-partners\/\",\"name\":\"Project partners &bull; Certified Digital Accessibility Training\",\"isPartOf\":{\"@id\":\"https:\/\/digital-accessibility.eu\/#website\"},\"primaryImageOfPage\":{\"@id\":\"https:\/\/digital-accessibility.eu\/sl\/about-the-project\/project-partners\/#primaryimage\"},\"datePublished\":\"2019-11-05T18:47:53+00:00\",\"dateModified\":\"2020-08-27T09:22:25+00:00\",\"breadcrumb\":{\"@id\":\"https:\/\/digital-accessibility.eu\/sl\/about-the-project\/project-partners\/#breadcrumb\"},\"inLanguage\":\"es\",\"potentialAction\":[{\"@type\":\"ReadAction\",\"target\":[\"https:\/\/digital-accessibility.eu\/sl\/about-the-project\/project-partners\/\"]}]},{\"@type\":\"BreadcrumbList\",\"@id\":\"https:\/\/digital-accessibility.eu\/sl\/about-the-project\/project-partners\/#breadcrumb\",\"itemListElement\":[{\"@type\":\"ListItem\",\"position\":1,\"name\":\"Home\",\"item\":\"https:\/\/digital-accessibility.eu\/\"},{\"@type\":\"ListItem\",\"position\":2,\"name\":\"About the project\",\"item\":\"https:\/\/digital-accessibility.eu\/sl\/about-the-project\/\"},{\"@type\":\"ListItem\",\"position\":3,\"name\":\"Project partners\"}]}]}<\/script>\n<!-- \/ Yoast SEO plugin. -->","yoast_head_json":{"title":"Project partners &bull; Certified Digital Accessibility Training","robots":{"index":"index","follow":"follow","max-snippet":"max-snippet:-1","max-image-preview":"max-image-preview:large","max-video-preview":"max-video-preview:-1"},"canonical":"https:\/\/digital-accessibility.eu\/es\/about-the-project\/project-partners\/","og_locale":"es_ES","og_type":"article","og_title":"Project partners &bull; Certified Digital Accessibility Training","og_description":"Project partners INUK Institute for Advanced Communication Management (INUK institute) INUK institute is a non-profit research and training organization, focused on developing and promoting modern communication models and strategies, that support shared value economy, empower communities and inclusion of all.&hellip; Seguir leyendo &ldquo;Project partners&rdquo;&hellip;","og_url":"https:\/\/digital-accessibility.eu\/es\/about-the-project\/project-partners\/","og_site_name":"Certified Digital Accessibility Training","article_publisher":"https:\/\/www.facebook.com\/digitalaccessibilityproject\/","article_modified_time":"2020-08-27T09:22:25+00:00","og_image":[{"url":"http:\/\/digital-accessibility.eu\/wp-content\/uploads\/2019\/11\/inuk.png"}],"twitter_card":"summary_large_image","twitter_site":"@DigitalAccessib","twitter_misc":{"Tiempo de lectura":"4 minutos"},"schema":{"@context":"https:\/\/schema.org","@graph":[{"@type":"Organization","@id":"https:\/\/digital-accessibility.eu\/#organization","name":"Certified Digital Accessibility Training","url":"https:\/\/digital-accessibility.eu\/","sameAs":["https:\/\/www.facebook.com\/digitalaccessibilityproject\/","https:\/\/www.linkedin.com\/company\/e-digital-accessibility-project-certified-digital-accessibility-training","https:\/\/twitter.com\/DigitalAccessib"],"logo":{"@type":"ImageObject","@id":"https:\/\/digital-accessibility.eu\/#logo","inLanguage":"es","url":"https:\/\/digital-accessibility.eu\/wp-content\/uploads\/2019\/03\/Digital-Accessibility-medium.png","contentUrl":"https:\/\/digital-accessibility.eu\/wp-content\/uploads\/2019\/03\/Digital-Accessibility-medium.png","width":400,"height":222,"caption":"Certified Digital Accessibility Training"},"image":{"@id":"https:\/\/digital-accessibility.eu\/#logo"}},{"@type":"WebSite","@id":"https:\/\/digital-accessibility.eu\/#website","url":"https:\/\/digital-accessibility.eu\/","name":"Certified Digital Accessibility Training","description":"We offer certified digital accessibility training on our fully WCAG compliant web page that enables all users to interact with us.","publisher":{"@id":"https:\/\/digital-accessibility.eu\/#organization"},"potentialAction":[{"@type":"SearchAction","target":{"@type":"EntryPoint","urlTemplate":"https:\/\/digital-accessibility.eu\/?s={search_term_string}"},"query-input":"required name=search_term_string"}],"inLanguage":"es"},{"@type":"ImageObject","@id":"https:\/\/digital-accessibility.eu\/sl\/about-the-project\/project-partners\/#primaryimage","inLanguage":"es","url":"http:\/\/digital-accessibility.eu\/wp-content\/uploads\/2019\/11\/inuk.png","contentUrl":"http:\/\/digital-accessibility.eu\/wp-content\/uploads\/2019\/11\/inuk.png"},{"@type":"WebPage","@id":"https:\/\/digital-accessibility.eu\/sl\/about-the-project\/project-partners\/#webpage","url":"https:\/\/digital-accessibility.eu\/sl\/about-the-project\/project-partners\/","name":"Project partners &bull; Certified Digital Accessibility Training","isPartOf":{"@id":"https:\/\/digital-accessibility.eu\/#website"},"primaryImageOfPage":{"@id":"https:\/\/digital-accessibility.eu\/sl\/about-the-project\/project-partners\/#primaryimage"},"datePublished":"2019-11-05T18:47:53+00:00","dateModified":"2020-08-27T09:22:25+00:00","breadcrumb":{"@id":"https:\/\/digital-accessibility.eu\/sl\/about-the-project\/project-partners\/#breadcrumb"},"inLanguage":"es","potentialAction":[{"@type":"ReadAction","target":["https:\/\/digital-accessibility.eu\/sl\/about-the-project\/project-partners\/"]}]},{"@type":"BreadcrumbList","@id":"https:\/\/digital-accessibility.eu\/sl\/about-the-project\/project-partners\/#breadcrumb","itemListElement":[{"@type":"ListItem","position":1,"name":"Home","item":"https:\/\/digital-accessibility.eu\/"},{"@type":"ListItem","position":2,"name":"About the project","item":"https:\/\/digital-accessibility.eu\/sl\/about-the-project\/"},{"@type":"ListItem","position":3,"name":"Project partners"}]}]}},"_links":{"self":[{"href":"https:\/\/digital-accessibility.eu\/es\/wp-json\/wp\/v2\/pages\/1324"}],"collection":[{"href":"https:\/\/digital-accessibility.eu\/es\/wp-json\/wp\/v2\/pages"}],"about":[{"href":"https:\/\/digital-accessibility.eu\/es\/wp-json\/wp\/v2\/types\/page"}],"author":[{"embeddable":true,"href":"https:\/\/digital-accessibility.eu\/es\/wp-json\/wp\/v2\/users\/2"}],"replies":[{"embeddable":true,"href":"https:\/\/digital-accessibility.eu\/es\/wp-json\/wp\/v2\/comments?post=1324"}],"version-history":[{"count":17,"href":"https:\/\/digital-accessibility.eu\/es\/wp-json\/wp\/v2\/pages\/1324\/revisions"}],"predecessor-version":[{"id":6139,"href":"https:\/\/digital-accessibility.eu\/es\/wp-json\/wp\/v2\/pages\/1324\/revisions\/6139"}],"up":[{"embeddable":true,"href":"https:\/\/digital-accessibility.eu\/es\/wp-json\/wp\/v2\/pages\/1321"}],"wp:attachment":[{"href":"https:\/\/digital-accessibility.eu\/es\/wp-json\/wp\/v2\/media?parent=1324"}],"curies":[{"name":"wp","href":"https:\/\/api.w.org\/{rel}","templated":true}]}}