{"id":1321,"date":"2019-11-05T16:39:22","date_gmt":"2019-11-05T16:39:22","guid":{"rendered":"http:\/\/digital-accessibility.eu\/?page_id=1321"},"modified":"2021-02-25T13:01:48","modified_gmt":"2021-02-25T13:01:48","slug":"about-the-project","status":"publish","type":"page","link":"https:\/\/digital-accessibility.eu\/es\/about-the-project\/","title":{"rendered":"Acerca del proyecto"},"content":{"rendered":"<h2>Acerca del proyecto<\/h2>\n\t<p>&nbsp;<\/p>\n<p>Internet se ha convertido en una parte inevitable de nuestra vida cotidiana, y est\u00e1 altamente integrado en nuestro entorno de trabajo y hogar. Esto ha creado oportunidades para la mayor\u00eda, pero un gran obst\u00e1culo para las personas con discapacidad que no pueden acceder adecuadamente a todas las partes de la web. Por lo tanto, la accesibilidad digital se ha vuelto necesaria. <strong><em>La accesibilidad digital es la capacidad de un sitio web, una aplicaci\u00f3n m\u00f3vil o un documento electr\u00f3nico para navegar y comprender f\u00e1cilmente por una amplia gama de usuarios, incluidos aquellos usuarios con discapacidades visuales, auditivas, motoras o cognitivas temporales o permanentes.<\/em><\/strong><\/p>\n<p><strong><em>El proyecto de formaci\u00f3n certificada en accesibilidad digital  ERASMUS+ <\/em><\/strong>comenz\u00f3 en septiembre de 2018 con el fin de cumplir con las especificaciones de la legislaci\u00f3n europea, <a href=\"http:\/\/eur-lex.europa.eu\/legal-content\/EN\/TXT\/?uri=uriserv:OJ.L_.2016.327.01.0001.01.ENG&amp;toc=OJ:L:2016:327:TOC\">Directiva (UE) 2016\/2102<\/a> sobre la accesibilidad de los sitios web y las aplicaciones m\u00f3viles de los organismos del sector p\u00fablico, lo que indica que todos los sitios web y aplicaciones m\u00f3viles del sector p\u00fablico deben ser accesibles a todos para el a\u00f1o 2020. El proyecto incluye 6 organizaciones asociadas de cuatro pa\u00edses europeos participantes: Eslovenia, Polonia, Grecia y Espa\u00f1a. Estos socios han estado desarrollando una formaci\u00f3n especializada en accesibilidad digital, que se ofrecer\u00e1 a diversos grupos de partes interesadas clave como respuesta para las crecientes necesidades del mercado laboral para expertos en el campo de la accesibilidad digital en Europa<\/p>\n<p>&nbsp;<\/p>\n<h4>El proyecto desarrollar\u00e1 cursos especializados para las siguientes funciones de trabajo:<\/h4>\n<ul>\n<li>Manager de Accesibilidad Digital;<\/li>\n<li>Testeador de Accesibilidad Digital;<\/li>\n<li>Desarrollador web con experiencia en accesibilidad digital; Y<\/li>\n<li>Dise\u00f1ador web con experiencia en accesibilidad digital.<\/li>\n<\/ul>\n<p>&nbsp;<\/p>\n<h4>Los m\u00f3dulos desarrollados para estos cursos ser\u00e1n:<\/h4>\n<ul>\n<li>Introducci\u00f3n a la Accesibilidad Digital;<\/li>\n<li>Gesti\u00f3n de la accesibilidad digital;<\/li>\n<li>Desarrollo web para la accesibilidad digital;<\/li>\n<li>Dise\u00f1o web para accesibilidad digital;<\/li>\n<li>Implementaci\u00f3n de la accesibilidad digital; Y<\/li>\n<li>Evaluaci\u00f3n de la accesibilidad digital.<\/li>\n<\/ul>\n<p>&nbsp;<\/p>\n<h4>Los principales resultados del proyecto ser\u00e1n:<\/h4>\n<ul>\n<li>O1. Marco de habilidades de accesibilidad digital y an\u00e1lisis de roles de trabajo<\/li>\n<li>O2. Curr\u00edculo de formaci\u00f3n y metodolog\u00eda de certificaci\u00f3n<\/li>\n<li>O3. Desarrollo de m\u00f3dulos de formaci\u00f3n inovativa<\/li>\n<li>O4. Plataforma de aprendizaje accesible<\/li>\n<li>C1. Train the Trainer evento<\/li>\n<li>E1-E3. 3 Foros de accesibilidad digital<\/li>\n<li>E4. Conferencia internacional final sobre accesibilidad digital<\/li>\n<\/ul>\n<p>&nbsp;<\/p>\n\t<h3><\/h3>\n<h3>Informaci\u00f3n general del proyecto<\/h3>\n<ul>\n<li>T\u00edtulo del proyecto: <strong>Formaci\u00f3n Certificada en Accesibilidad Digital<\/strong><\/li>\n<li>Acr\u00f3nimo: <strong>DigitalAccessibility<\/strong><\/li>\n<li>ID del proyecto: <strong>2018-1-SI01-KA202-047103<\/strong><\/li>\n<li>Programa <strong>ERASMUS+ Cooperaci\u00f3n para la innovaci\u00f3n y el excage de buenas pr\u00e1cticas, Asociaciones para la educaci\u00f3n y la formaci\u00f3n profesionales<\/strong><\/li>\n<li>Fecha de inicio: <strong>1 de sep 2018<\/strong><\/li>\n<li>Fecha de finalizaci\u00f3n <strong>28 de Feb 2021<\/strong><\/li>\n<li>Coordinador del proyecto: <strong>Instituto INUK para la Gesti\u00f3n Avanzada de la Comunicaci\u00f3n<\/strong>, Maribor, Jadranska cesta 27, 2000 Maribor, Eslovenia<\/li>\n<\/ul>\n<p>&nbsp;<\/p>\n<h4>Socios del proyecto<\/h4>\n<ul>\n<li>Uniwersytet Przyrodniczo-Humanistyczny W Siedlcach, Poland,<\/li>\n<li>Univerza v Mariboru, Slovenia,<\/li>\n<li>Soluciones Tecno-Profesionales Consulting, Spain,<\/li>\n<li>Centrum Zrownowazonego Rozwoju HORYZONTY, Poland,<\/li>\n<li>Nikoletta Georgogianni Best Cybernetics Single Member Private Company, Greece.<\/li>\n<\/ul>\n<p>&nbsp;<\/p>","protected":false},"excerpt":{"rendered":"<div class=\"entry-summary\">\nAbout the project &nbsp; Internet has become an inevitable part of our everyday lives, and it is highly integrated in our working and home environment. This has created opportunities for the majority, but a huge obstacle for people with disabilities&hellip;\n<\/div>\n<div class=\"link-more\"><a href=\"https:\/\/digital-accessibility.eu\/es\/about-the-project\/\" class=\"more-link\">Seguir leyendo<span class=\"screen-reader-text\"> &ldquo;About the project&rdquo;<\/span>&hellip;<\/a><\/div>","protected":false},"author":2,"featured_media":0,"parent":0,"menu_order":0,"comment_status":"closed","ping_status":"closed","template":"templates\/no-intro.php","meta":[],"yoast_head":"<!-- This site is optimized with the Yoast SEO plugin v17.9 - https:\/\/yoast.com\/wordpress\/plugins\/seo\/ -->\n<title>About the project &bull; Certified Digital Accessibility Training<\/title>\n<meta name=\"robots\" content=\"index, follow, max-snippet:-1, max-image-preview:large, max-video-preview:-1\" \/>\n<link rel=\"canonical\" href=\"https:\/\/digital-accessibility.eu\/es\/about-the-project\/\" \/>\n<meta property=\"og:locale\" content=\"es_ES\" \/>\n<meta property=\"og:type\" content=\"article\" \/>\n<meta property=\"og:title\" content=\"About the project &bull; Certified Digital Accessibility Training\" \/>\n<meta property=\"og:description\" content=\"About the project &nbsp; Internet has become an inevitable part of our everyday lives, and it is highly integrated in our working and home environment. This has created opportunities for the majority, but a huge obstacle for people with disabilities&hellip; Seguir leyendo &ldquo;About the project&rdquo;&hellip;\" \/>\n<meta property=\"og:url\" content=\"https:\/\/digital-accessibility.eu\/es\/about-the-project\/\" \/>\n<meta property=\"og:site_name\" content=\"Certified Digital Accessibility Training\" \/>\n<meta property=\"article:publisher\" content=\"https:\/\/www.facebook.com\/digitalaccessibilityproject\/\" \/>\n<meta property=\"article:modified_time\" content=\"2021-02-25T13:01:48+00:00\" \/>\n<meta name=\"twitter:card\" content=\"summary_large_image\" \/>\n<meta name=\"twitter:site\" content=\"@DigitalAccessib\" \/>\n<meta name=\"twitter:label1\" content=\"Tiempo de lectura\" \/>\n\t<meta name=\"twitter:data1\" content=\"2 minutos\" \/>\n<script type=\"application\/ld+json\" class=\"yoast-schema-graph\">{\"@context\":\"https:\/\/schema.org\",\"@graph\":[{\"@type\":\"Organization\",\"@id\":\"https:\/\/digital-accessibility.eu\/#organization\",\"name\":\"Certified Digital Accessibility Training\",\"url\":\"https:\/\/digital-accessibility.eu\/\",\"sameAs\":[\"https:\/\/www.facebook.com\/digitalaccessibilityproject\/\",\"https:\/\/www.linkedin.com\/company\/e-digital-accessibility-project-certified-digital-accessibility-training\",\"https:\/\/twitter.com\/DigitalAccessib\"],\"logo\":{\"@type\":\"ImageObject\",\"@id\":\"https:\/\/digital-accessibility.eu\/#logo\",\"inLanguage\":\"es\",\"url\":\"https:\/\/digital-accessibility.eu\/wp-content\/uploads\/2019\/03\/Digital-Accessibility-medium.png\",\"contentUrl\":\"https:\/\/digital-accessibility.eu\/wp-content\/uploads\/2019\/03\/Digital-Accessibility-medium.png\",\"width\":400,\"height\":222,\"caption\":\"Certified Digital Accessibility Training\"},\"image\":{\"@id\":\"https:\/\/digital-accessibility.eu\/#logo\"}},{\"@type\":\"WebSite\",\"@id\":\"https:\/\/digital-accessibility.eu\/#website\",\"url\":\"https:\/\/digital-accessibility.eu\/\",\"name\":\"Certified Digital Accessibility Training\",\"description\":\"We offer certified digital accessibility training on our fully WCAG compliant web page that enables all users to interact with us.\",\"publisher\":{\"@id\":\"https:\/\/digital-accessibility.eu\/#organization\"},\"potentialAction\":[{\"@type\":\"SearchAction\",\"target\":{\"@type\":\"EntryPoint\",\"urlTemplate\":\"https:\/\/digital-accessibility.eu\/?s={search_term_string}\"},\"query-input\":\"required name=search_term_string\"}],\"inLanguage\":\"es\"},{\"@type\":\"WebPage\",\"@id\":\"https:\/\/digital-accessibility.eu\/sl\/about-the-project\/#webpage\",\"url\":\"https:\/\/digital-accessibility.eu\/sl\/about-the-project\/\",\"name\":\"About the project &bull; Certified Digital Accessibility Training\",\"isPartOf\":{\"@id\":\"https:\/\/digital-accessibility.eu\/#website\"},\"datePublished\":\"2019-11-05T16:39:22+00:00\",\"dateModified\":\"2021-02-25T13:01:48+00:00\",\"breadcrumb\":{\"@id\":\"https:\/\/digital-accessibility.eu\/sl\/about-the-project\/#breadcrumb\"},\"inLanguage\":\"es\",\"potentialAction\":[{\"@type\":\"ReadAction\",\"target\":[\"https:\/\/digital-accessibility.eu\/sl\/about-the-project\/\"]}]},{\"@type\":\"BreadcrumbList\",\"@id\":\"https:\/\/digital-accessibility.eu\/sl\/about-the-project\/#breadcrumb\",\"itemListElement\":[{\"@type\":\"ListItem\",\"position\":1,\"name\":\"Home\",\"item\":\"https:\/\/digital-accessibility.eu\/\"},{\"@type\":\"ListItem\",\"position\":2,\"name\":\"About the project\"}]}]}<\/script>\n<!-- \/ Yoast SEO plugin. -->","yoast_head_json":{"title":"About the project &bull; Certified Digital Accessibility Training","robots":{"index":"index","follow":"follow","max-snippet":"max-snippet:-1","max-image-preview":"max-image-preview:large","max-video-preview":"max-video-preview:-1"},"canonical":"https:\/\/digital-accessibility.eu\/es\/about-the-project\/","og_locale":"es_ES","og_type":"article","og_title":"About the project &bull; Certified Digital Accessibility Training","og_description":"About the project &nbsp; Internet has become an inevitable part of our everyday lives, and it is highly integrated in our working and home environment. This has created opportunities for the majority, but a huge obstacle for people with disabilities&hellip; Seguir leyendo &ldquo;About the project&rdquo;&hellip;","og_url":"https:\/\/digital-accessibility.eu\/es\/about-the-project\/","og_site_name":"Certified Digital Accessibility Training","article_publisher":"https:\/\/www.facebook.com\/digitalaccessibilityproject\/","article_modified_time":"2021-02-25T13:01:48+00:00","twitter_card":"summary_large_image","twitter_site":"@DigitalAccessib","twitter_misc":{"Tiempo de lectura":"2 minutos"},"schema":{"@context":"https:\/\/schema.org","@graph":[{"@type":"Organization","@id":"https:\/\/digital-accessibility.eu\/#organization","name":"Certified Digital Accessibility Training","url":"https:\/\/digital-accessibility.eu\/","sameAs":["https:\/\/www.facebook.com\/digitalaccessibilityproject\/","https:\/\/www.linkedin.com\/company\/e-digital-accessibility-project-certified-digital-accessibility-training","https:\/\/twitter.com\/DigitalAccessib"],"logo":{"@type":"ImageObject","@id":"https:\/\/digital-accessibility.eu\/#logo","inLanguage":"es","url":"https:\/\/digital-accessibility.eu\/wp-content\/uploads\/2019\/03\/Digital-Accessibility-medium.png","contentUrl":"https:\/\/digital-accessibility.eu\/wp-content\/uploads\/2019\/03\/Digital-Accessibility-medium.png","width":400,"height":222,"caption":"Certified Digital Accessibility Training"},"image":{"@id":"https:\/\/digital-accessibility.eu\/#logo"}},{"@type":"WebSite","@id":"https:\/\/digital-accessibility.eu\/#website","url":"https:\/\/digital-accessibility.eu\/","name":"Certified Digital Accessibility Training","description":"We offer certified digital accessibility training on our fully WCAG compliant web page that enables all users to interact with us.","publisher":{"@id":"https:\/\/digital-accessibility.eu\/#organization"},"potentialAction":[{"@type":"SearchAction","target":{"@type":"EntryPoint","urlTemplate":"https:\/\/digital-accessibility.eu\/?s={search_term_string}"},"query-input":"required name=search_term_string"}],"inLanguage":"es"},{"@type":"WebPage","@id":"https:\/\/digital-accessibility.eu\/sl\/about-the-project\/#webpage","url":"https:\/\/digital-accessibility.eu\/sl\/about-the-project\/","name":"About the project &bull; Certified Digital Accessibility Training","isPartOf":{"@id":"https:\/\/digital-accessibility.eu\/#website"},"datePublished":"2019-11-05T16:39:22+00:00","dateModified":"2021-02-25T13:01:48+00:00","breadcrumb":{"@id":"https:\/\/digital-accessibility.eu\/sl\/about-the-project\/#breadcrumb"},"inLanguage":"es","potentialAction":[{"@type":"ReadAction","target":["https:\/\/digital-accessibility.eu\/sl\/about-the-project\/"]}]},{"@type":"BreadcrumbList","@id":"https:\/\/digital-accessibility.eu\/sl\/about-the-project\/#breadcrumb","itemListElement":[{"@type":"ListItem","position":1,"name":"Home","item":"https:\/\/digital-accessibility.eu\/"},{"@type":"ListItem","position":2,"name":"About the project"}]}]}},"_links":{"self":[{"href":"https:\/\/digital-accessibility.eu\/es\/wp-json\/wp\/v2\/pages\/1321"}],"collection":[{"href":"https:\/\/digital-accessibility.eu\/es\/wp-json\/wp\/v2\/pages"}],"about":[{"href":"https:\/\/digital-accessibility.eu\/es\/wp-json\/wp\/v2\/types\/page"}],"author":[{"embeddable":true,"href":"https:\/\/digital-accessibility.eu\/es\/wp-json\/wp\/v2\/users\/2"}],"replies":[{"embeddable":true,"href":"https:\/\/digital-accessibility.eu\/es\/wp-json\/wp\/v2\/comments?post=1321"}],"version-history":[{"count":11,"href":"https:\/\/digital-accessibility.eu\/es\/wp-json\/wp\/v2\/pages\/1321\/revisions"}],"predecessor-version":[{"id":9705,"href":"https:\/\/digital-accessibility.eu\/es\/wp-json\/wp\/v2\/pages\/1321\/revisions\/9705"}],"wp:attachment":[{"href":"https:\/\/digital-accessibility.eu\/es\/wp-json\/wp\/v2\/media?parent=1321"}],"curies":[{"name":"wp","href":"https:\/\/api.w.org\/{rel}","templated":true}]}}