{"id":1275,"date":"2019-10-30T14:58:53","date_gmt":"2019-10-30T14:58:53","guid":{"rendered":"http:\/\/digital-accessibility.eu\/?page_id=1275"},"modified":"2021-02-26T07:24:14","modified_gmt":"2021-02-26T07:24:14","slug":"training-modules","status":"publish","type":"page","link":"https:\/\/digital-accessibility.eu\/es\/training-modules\/","title":{"rendered":"Modulos de Formaci\u00f3n"},"content":{"rendered":"<h1>Modulos de Formaci\u00f3n<\/h1>\n\t\t\t\t<img src=\"http:\/\/digital-accessibility.eu\/wp-content\/uploads\/2019\/10\/003-analysis_b.png\" alt=\"Manager icon\" itemprop=\"image\" title=\"003-analysis_b\" onerror=\"this.style.display='none'\"  \/>\n\t<h2>Manager de Accesibilidad Digital<\/h2>\n\t<p>La formaci\u00f3n del Manager de  Accesibilidad Digital  se centra en la preparaci\u00f3n de los especialistas que son capaces de administrar e implementar est\u00e1ndares de accesibilidad digital en sus organizaciones, o en las organizaciones para las que trabajan.<\/p>\n<p>La capacitaci\u00f3n incluye:<\/p>\n<ul>\n<li><a href=\"http:\/\/digital-accessibility.eu\/learn\/course\/view.php?id=2\">Introducci\u00f3n a la AD<\/a><\/li>\n<li><a href=\"http:\/\/digital-accessibility.eu\/learn\/course\/view.php?id=3\">Gesti\u00f3n de AD<\/a><\/li>\n<li><a href=\"http:\/\/digital-accessibility.eu\/learn\/course\/view.php?id=6\">Implementaci\u00f3n de AD<\/a><\/li>\n<\/ul>\n<p><strong>Los requisitos recomendados<\/strong> son conocimientos b\u00e1sicos de TI, educaci\u00f3n universitaria o universitaria o experiencia laboral en posici\u00f3n de gesti\u00f3n, empat\u00eda y disposici\u00f3n para ayudar a las personas con discapacidades, gesti\u00f3n y habilidades organizativas (planificaci\u00f3n, organizaci\u00f3n, motivaci\u00f3n, control).<\/p>\n\t\t\t\t<img src=\"http:\/\/digital-accessibility.eu\/wp-content\/uploads\/2019\/10\/001-www_b.png\" alt=\"Tester icon\" itemprop=\"image\" title=\"001-www_b\" onerror=\"this.style.display='none'\"  \/>\n\t<h2>Testeador de Accesibilidad Digital<\/h2>\n\t<p>La formaci\u00f3n prepara especialistas para <strong>para probar y evaluar los sitios web<\/strong> de su organizaci\u00f3n u organizaci\u00f3n en los que trabajan en t\u00e9rminos de su disponibilidad digital.<\/p>\n<p>La capacitaci\u00f3n incluye:<\/p>\n<ul>\n<li><a href=\"http:\/\/digital-accessibility.eu\/learn\/course\/view.php?id=2\">Introducci\u00f3n a la AD<\/a><\/li>\n<li><a href=\"http:\/\/digital-accessibility.eu\/learn\/course\/view.php?id=7\">Evaluaci\u00f3n de DA<\/a><\/li>\n<\/ul>\n<p><strong>Los requisitos recomendados<\/strong> son el conocimiento del uso de Internet, la apertura a las nuevas tecnolog\u00edas, la comprensi\u00f3n b\u00e1sica de las necesidades de las personas con diversas discapacidades, los conocimientos b\u00e1sicos de TI, la comprensi\u00f3n de los conceptos b\u00e1sicos de accesibilidad digital, las s\u00f3lidas habilidades anal\u00edticas, la capacidad de crear un informe de errores claro.<\/p>\n\t\t\t\t<img src=\"http:\/\/digital-accessibility.eu\/wp-content\/uploads\/2019\/10\/005-tools-and-utensils_b.png\" alt=\"Web developer icon\" itemprop=\"image\" title=\"005-tools-and-utensils_b\" onerror=\"this.style.display='none'\"  \/>\n\t<h2>Desarrollador web con experiencia en Accesibilidad Digital<\/h2>\n\t<p>Desarrollador Web con experiencia  en Accesibilidad Digital su formaci\u00f3n se centra en la preparaci\u00f3n de los especialistas que son capaces de desarrollar p\u00e1ginas web que son accesibles digitalmente de acuerdo con los est\u00e1ndares WCAG.<\/p>\n<p>La capacitaci\u00f3n incluye:<\/p>\n<ul>\n<li><a href=\"http:\/\/digital-accessibility.eu\/learn\/course\/view.php?id=2\">Introducci\u00f3n a la AD<\/a><\/li>\n<li><a href=\"http:\/\/digital-accessibility.eu\/learn\/course\/view.php?id=4\">Desarrollo\/programaci\u00f3n para DA<\/a><\/li>\n<\/ul>\n<p><strong>Los requisitos recomendados<\/strong> son Conocimiento en desarrollo web, o grado en ciencias de la computaci\u00f3n, Conocimiento de tecnolog\u00edas web\/c\u00f3digo front-end (por ejemplo, CSS, Java script y HTML).<\/p>\n<p>&nbsp;<\/p>\n\t\t\t\t<img src=\"http:\/\/digital-accessibility.eu\/wp-content\/uploads\/2019\/10\/004-art_b.png\" alt=\"Designer icon\" itemprop=\"image\" title=\"004-art_b\" onerror=\"this.style.display='none'\"  \/>\n\t<h2>Dise\u00f1ador web con experiencia en Accesibilidad Digital<\/h2>\n\t<p>Dise\u00f1ador Web  con experiencia  en Accesibilidad Digital su formaci\u00f3n se centra en la preparaci\u00f3n de los especialistas que son capaces de dise\u00f1ar p\u00e1ginas web que son accesibles digitalmente de acuerdo con los est\u00e1ndares WCAG.<\/p>\n<p>La capacitaci\u00f3n incluye:<\/p>\n<ul>\n<li><a href=\"http:\/\/digital-accessibility.eu\/learn\/course\/view.php?id=2\">Introducci\u00f3n a la AD<\/a><\/li>\n<li><a href=\"http:\/\/digital-accessibility.eu\/learn\/course\/view.php?id=5\">Dise\u00f1o para DA<\/a><\/li>\n<\/ul>\n<p><strong>Los requisitos recomendados<\/strong> son el conocimiento de los dominios TIC, el conocimiento experto y las habilidades en el dise\u00f1o web, y el dise\u00f1o de programas como Adobe Photoshop, Illustrator, etc., el conocimiento de la tecnolog\u00eda asistida (por ejemplo, Lector de pantalla, DragonNaturallySpeaking, Zoom y contraste de color, JAWS, NVDA), conocimiento de tecnolog\u00edas web\/c\u00f3digo front-end (por ejemplo, CSS, script Java y HTML), comprensi\u00f3n de los conceptos b\u00e1sicos de accesibilidad web, habilidades gr\u00e1ficas y creatividad, conocimiento de software gr\u00e1fico, UX, Fuerte sentido de la est\u00e9tica creaci\u00f3n de arte visual.<\/p>","protected":false},"excerpt":{"rendered":"<div class=\"entry-summary\">\nTraining Modules Digital Accessibility Manager Digital Accessibility Manager training is focused on preparing the specialists who are able to manage and implement digital accessibility standards in their organizations, or in organizations they work for. The training includes: Introduction to DA&hellip;\n<\/div>\n<div class=\"link-more\"><a href=\"https:\/\/digital-accessibility.eu\/es\/training-modules\/\" class=\"more-link\">Seguir leyendo<span class=\"screen-reader-text\"> &ldquo;Training Modules&rdquo;<\/span>&hellip;<\/a><\/div>","protected":false},"author":2,"featured_media":0,"parent":0,"menu_order":0,"comment_status":"closed","ping_status":"closed","template":"templates\/no-intro.php","meta":[],"yoast_head":"<!-- This site is optimized with the Yoast SEO plugin v17.9 - https:\/\/yoast.com\/wordpress\/plugins\/seo\/ -->\n<title>Training Modules &bull; Certified Digital Accessibility Training<\/title>\n<meta name=\"robots\" content=\"index, follow, max-snippet:-1, max-image-preview:large, max-video-preview:-1\" \/>\n<link rel=\"canonical\" href=\"https:\/\/digital-accessibility.eu\/es\/training-modules\/\" \/>\n<meta property=\"og:locale\" content=\"es_ES\" \/>\n<meta property=\"og:type\" content=\"article\" \/>\n<meta property=\"og:title\" content=\"Training Modules &bull; Certified Digital Accessibility Training\" \/>\n<meta property=\"og:description\" content=\"Training Modules Digital Accessibility Manager Digital Accessibility Manager training is focused on preparing the specialists who are able to manage and implement digital accessibility standards in their organizations, or in organizations they work for. The training includes: Introduction to DA&hellip; Seguir leyendo &ldquo;Training Modules&rdquo;&hellip;\" \/>\n<meta property=\"og:url\" content=\"https:\/\/digital-accessibility.eu\/es\/training-modules\/\" \/>\n<meta property=\"og:site_name\" content=\"Certified Digital Accessibility Training\" \/>\n<meta property=\"article:publisher\" content=\"https:\/\/www.facebook.com\/digitalaccessibilityproject\/\" \/>\n<meta property=\"article:modified_time\" content=\"2021-02-26T07:24:14+00:00\" \/>\n<meta property=\"og:image\" content=\"http:\/\/digital-accessibility.eu\/wp-content\/uploads\/2019\/10\/003-analysis_b.png\" \/>\n<meta name=\"twitter:card\" content=\"summary_large_image\" \/>\n<meta name=\"twitter:site\" content=\"@DigitalAccessib\" \/>\n<meta name=\"twitter:label1\" content=\"Tiempo de lectura\" \/>\n\t<meta name=\"twitter:data1\" content=\"3 minutos\" \/>\n<script type=\"application\/ld+json\" class=\"yoast-schema-graph\">{\"@context\":\"https:\/\/schema.org\",\"@graph\":[{\"@type\":\"Organization\",\"@id\":\"https:\/\/digital-accessibility.eu\/#organization\",\"name\":\"Certified Digital Accessibility Training\",\"url\":\"https:\/\/digital-accessibility.eu\/\",\"sameAs\":[\"https:\/\/www.facebook.com\/digitalaccessibilityproject\/\",\"https:\/\/www.linkedin.com\/company\/e-digital-accessibility-project-certified-digital-accessibility-training\",\"https:\/\/twitter.com\/DigitalAccessib\"],\"logo\":{\"@type\":\"ImageObject\",\"@id\":\"https:\/\/digital-accessibility.eu\/#logo\",\"inLanguage\":\"es\",\"url\":\"https:\/\/digital-accessibility.eu\/wp-content\/uploads\/2019\/03\/Digital-Accessibility-medium.png\",\"contentUrl\":\"https:\/\/digital-accessibility.eu\/wp-content\/uploads\/2019\/03\/Digital-Accessibility-medium.png\",\"width\":400,\"height\":222,\"caption\":\"Certified Digital Accessibility Training\"},\"image\":{\"@id\":\"https:\/\/digital-accessibility.eu\/#logo\"}},{\"@type\":\"WebSite\",\"@id\":\"https:\/\/digital-accessibility.eu\/#website\",\"url\":\"https:\/\/digital-accessibility.eu\/\",\"name\":\"Certified Digital Accessibility Training\",\"description\":\"We offer certified digital accessibility training on our fully WCAG compliant web page that enables all users to interact with us.\",\"publisher\":{\"@id\":\"https:\/\/digital-accessibility.eu\/#organization\"},\"potentialAction\":[{\"@type\":\"SearchAction\",\"target\":{\"@type\":\"EntryPoint\",\"urlTemplate\":\"https:\/\/digital-accessibility.eu\/?s={search_term_string}\"},\"query-input\":\"required name=search_term_string\"}],\"inLanguage\":\"es\"},{\"@type\":\"ImageObject\",\"@id\":\"https:\/\/digital-accessibility.eu\/sl\/training-modules\/#primaryimage\",\"inLanguage\":\"es\",\"url\":\"http:\/\/digital-accessibility.eu\/wp-content\/uploads\/2019\/10\/003-analysis_b.png\",\"contentUrl\":\"http:\/\/digital-accessibility.eu\/wp-content\/uploads\/2019\/10\/003-analysis_b.png\"},{\"@type\":\"WebPage\",\"@id\":\"https:\/\/digital-accessibility.eu\/sl\/training-modules\/#webpage\",\"url\":\"https:\/\/digital-accessibility.eu\/sl\/training-modules\/\",\"name\":\"Training Modules &bull; Certified Digital Accessibility Training\",\"isPartOf\":{\"@id\":\"https:\/\/digital-accessibility.eu\/#website\"},\"primaryImageOfPage\":{\"@id\":\"https:\/\/digital-accessibility.eu\/sl\/training-modules\/#primaryimage\"},\"datePublished\":\"2019-10-30T14:58:53+00:00\",\"dateModified\":\"2021-02-26T07:24:14+00:00\",\"breadcrumb\":{\"@id\":\"https:\/\/digital-accessibility.eu\/sl\/training-modules\/#breadcrumb\"},\"inLanguage\":\"es\",\"potentialAction\":[{\"@type\":\"ReadAction\",\"target\":[\"https:\/\/digital-accessibility.eu\/sl\/training-modules\/\"]}]},{\"@type\":\"BreadcrumbList\",\"@id\":\"https:\/\/digital-accessibility.eu\/sl\/training-modules\/#breadcrumb\",\"itemListElement\":[{\"@type\":\"ListItem\",\"position\":1,\"name\":\"Home\",\"item\":\"https:\/\/digital-accessibility.eu\/\"},{\"@type\":\"ListItem\",\"position\":2,\"name\":\"Training Modules\"}]}]}<\/script>\n<!-- \/ Yoast SEO plugin. -->","yoast_head_json":{"title":"Training Modules &bull; Certified Digital Accessibility Training","robots":{"index":"index","follow":"follow","max-snippet":"max-snippet:-1","max-image-preview":"max-image-preview:large","max-video-preview":"max-video-preview:-1"},"canonical":"https:\/\/digital-accessibility.eu\/es\/training-modules\/","og_locale":"es_ES","og_type":"article","og_title":"Training Modules &bull; Certified Digital Accessibility Training","og_description":"Training Modules Digital Accessibility Manager Digital Accessibility Manager training is focused on preparing the specialists who are able to manage and implement digital accessibility standards in their organizations, or in organizations they work for. The training includes: Introduction to DA&hellip; Seguir leyendo &ldquo;Training Modules&rdquo;&hellip;","og_url":"https:\/\/digital-accessibility.eu\/es\/training-modules\/","og_site_name":"Certified Digital Accessibility Training","article_publisher":"https:\/\/www.facebook.com\/digitalaccessibilityproject\/","article_modified_time":"2021-02-26T07:24:14+00:00","og_image":[{"url":"http:\/\/digital-accessibility.eu\/wp-content\/uploads\/2019\/10\/003-analysis_b.png"}],"twitter_card":"summary_large_image","twitter_site":"@DigitalAccessib","twitter_misc":{"Tiempo de lectura":"3 minutos"},"schema":{"@context":"https:\/\/schema.org","@graph":[{"@type":"Organization","@id":"https:\/\/digital-accessibility.eu\/#organization","name":"Certified Digital Accessibility Training","url":"https:\/\/digital-accessibility.eu\/","sameAs":["https:\/\/www.facebook.com\/digitalaccessibilityproject\/","https:\/\/www.linkedin.com\/company\/e-digital-accessibility-project-certified-digital-accessibility-training","https:\/\/twitter.com\/DigitalAccessib"],"logo":{"@type":"ImageObject","@id":"https:\/\/digital-accessibility.eu\/#logo","inLanguage":"es","url":"https:\/\/digital-accessibility.eu\/wp-content\/uploads\/2019\/03\/Digital-Accessibility-medium.png","contentUrl":"https:\/\/digital-accessibility.eu\/wp-content\/uploads\/2019\/03\/Digital-Accessibility-medium.png","width":400,"height":222,"caption":"Certified Digital Accessibility Training"},"image":{"@id":"https:\/\/digital-accessibility.eu\/#logo"}},{"@type":"WebSite","@id":"https:\/\/digital-accessibility.eu\/#website","url":"https:\/\/digital-accessibility.eu\/","name":"Certified Digital Accessibility Training","description":"We offer certified digital accessibility training on our fully WCAG compliant web page that enables all users to interact with us.","publisher":{"@id":"https:\/\/digital-accessibility.eu\/#organization"},"potentialAction":[{"@type":"SearchAction","target":{"@type":"EntryPoint","urlTemplate":"https:\/\/digital-accessibility.eu\/?s={search_term_string}"},"query-input":"required name=search_term_string"}],"inLanguage":"es"},{"@type":"ImageObject","@id":"https:\/\/digital-accessibility.eu\/sl\/training-modules\/#primaryimage","inLanguage":"es","url":"http:\/\/digital-accessibility.eu\/wp-content\/uploads\/2019\/10\/003-analysis_b.png","contentUrl":"http:\/\/digital-accessibility.eu\/wp-content\/uploads\/2019\/10\/003-analysis_b.png"},{"@type":"WebPage","@id":"https:\/\/digital-accessibility.eu\/sl\/training-modules\/#webpage","url":"https:\/\/digital-accessibility.eu\/sl\/training-modules\/","name":"Training Modules &bull; Certified Digital Accessibility Training","isPartOf":{"@id":"https:\/\/digital-accessibility.eu\/#website"},"primaryImageOfPage":{"@id":"https:\/\/digital-accessibility.eu\/sl\/training-modules\/#primaryimage"},"datePublished":"2019-10-30T14:58:53+00:00","dateModified":"2021-02-26T07:24:14+00:00","breadcrumb":{"@id":"https:\/\/digital-accessibility.eu\/sl\/training-modules\/#breadcrumb"},"inLanguage":"es","potentialAction":[{"@type":"ReadAction","target":["https:\/\/digital-accessibility.eu\/sl\/training-modules\/"]}]},{"@type":"BreadcrumbList","@id":"https:\/\/digital-accessibility.eu\/sl\/training-modules\/#breadcrumb","itemListElement":[{"@type":"ListItem","position":1,"name":"Home","item":"https:\/\/digital-accessibility.eu\/"},{"@type":"ListItem","position":2,"name":"Training Modules"}]}]}},"_links":{"self":[{"href":"https:\/\/digital-accessibility.eu\/es\/wp-json\/wp\/v2\/pages\/1275"}],"collection":[{"href":"https:\/\/digital-accessibility.eu\/es\/wp-json\/wp\/v2\/pages"}],"about":[{"href":"https:\/\/digital-accessibility.eu\/es\/wp-json\/wp\/v2\/types\/page"}],"author":[{"embeddable":true,"href":"https:\/\/digital-accessibility.eu\/es\/wp-json\/wp\/v2\/users\/2"}],"replies":[{"embeddable":true,"href":"https:\/\/digital-accessibility.eu\/es\/wp-json\/wp\/v2\/comments?post=1275"}],"version-history":[{"count":20,"href":"https:\/\/digital-accessibility.eu\/es\/wp-json\/wp\/v2\/pages\/1275\/revisions"}],"predecessor-version":[{"id":9728,"href":"https:\/\/digital-accessibility.eu\/es\/wp-json\/wp\/v2\/pages\/1275\/revisions\/9728"}],"wp:attachment":[{"href":"https:\/\/digital-accessibility.eu\/es\/wp-json\/wp\/v2\/media?parent=1275"}],"curies":[{"name":"wp","href":"https:\/\/api.w.org\/{rel}","templated":true}]}}